{"id":7520,"date":"2025-06-16T09:11:38","date_gmt":"2025-06-16T09:11:38","guid":{"rendered":"https:\/\/friitala.fi\/?post_type=product&#038;p=7520"},"modified":"2026-04-23T12:40:43","modified_gmt":"2026-04-23T12:40:43","slug":"nahkalaukku-0911","status":"publish","type":"product","link":"https:\/\/friitala.fi\/en_gb\/product\/nahkalaukku-0911\/","title":{"rendered":"NAHKALAUKKU 0911"},"content":{"rendered":"","protected":false},"excerpt":{"rendered":"<div class=\"elementor-element elementor-element-eb2c57b elementor-widget elementor-widget-woocommerce-product-title elementor-page-title elementor-widget-heading\" data-id=\"eb2c57b\" data-element_type=\"widget\" data-widget_type=\"woocommerce-product-title.default\">\n<div class=\"elementor-widget-container\">\n<h1 class=\"product_title entry-title elementor-heading-title elementor-size-default\"><span style=\"font-size: 16px;\">Klassinen olkalaukku. Kaksi eripituista vaihdettavaa olkahihnaa.<\/span><\/h1>\n<\/div>\n<\/div>\n<div class=\"elementor-element elementor-element-1876349 elementor-widget elementor-widget-woocommerce-product-short-description\" data-id=\"1876349\" data-element_type=\"widget\" data-widget_type=\"woocommerce-product-short-description.default\">\n<div class=\"elementor-widget-container\">\n<div class=\"woocommerce-product-details__short-description\">\n<p>Sis\u00e4ll\u00e4 paljon lokeroita ja s\u00e4ilytystilaa.<\/p>\n<p class=\"\"><span class=\"\"><b class=\"\">Yksityiskohdat<br \/>\n<\/b><\/span><span class=\"\">Koko: 23x18x10 cm (max.leveys*korkeus*pohja)<br \/>\nTakana vetoketjullinen tasku.<br \/>\nP\u00e4\u00e4ll\u00e4 vetoketjukiinnitys.<br \/>\n<\/span><span class=\"\">Sis\u00e4ll\u00e4: keskell\u00e4 vetoketjullinen suuri tilanjakajatasku, pienempi vetoketjutasku s<\/span><span class=\"\">ek\u00e4 molemmin puolin aukeavat isot <\/span><span class=\"\">avolokero. Olkahihnat nahkaa: pitk\u00e4 s\u00e4\u00e4dett\u00e4v\u00e4 crossbodyhihna sek\u00e4 lyhyempi remmi, jossa on ketjukoriste<\/span><\/p>\n<p class=\"\">Nahkainen koristetupsu.<\/p>\n<p class=\"\"><span class=\"\"><b class=\"\">Materiaalit<br class=\"\" \/><\/b>Vasikannahka<br class=\"\" \/>Vuori: vaalea tekstiili<\/span><\/p>\n<\/div>\n<\/div>\n<\/div>","protected":false},"featured_media":7547,"template":"","meta":{"_monsterinsights_skip_tracking":false,"_monsterinsights_sitenote_active":false,"_monsterinsights_sitenote_note":"","_monsterinsights_sitenote_category":0,"site-sidebar-layout":"default","site-content-layout":"default","ast-main-header-display":"","ast-hfb-above-header-display":"","ast-hfb-below-header-display":"","ast-hfb-mobile-header-display":"","site-post-title":"","ast-breadcrumbs-content":"","ast-featured-img":"","footer-sml-layout":"","theme-transparent-header-meta":"default","adv-header-id-meta":"","stick-header-meta":"","header-above-stick-meta":"","header-main-stick-meta":"","header-below-stick-meta":""},"product_cat":[55,17],"product_tag":[],"yoast_head":"<!-- This site is optimized with the Yoast SEO plugin v18.6 - https:\/\/yoast.com\/wordpress\/plugins\/seo\/ -->\n<title>NAHKALAUKKU 0911 - Friitala<\/title>\n<meta name=\"robots\" content=\"index, follow, max-snippet:-1, max-image-preview:large, max-video-preview:-1\" \/>\n<link rel=\"canonical\" href=\"https:\/\/friitala.fi\/en_gb\/product\/nahkalaukku-0911\/\" \/>\n<meta property=\"og:locale\" content=\"en_GB\" \/>\n<meta property=\"og:type\" content=\"article\" \/>\n<meta property=\"og:title\" content=\"NAHKALAUKKU 0911 - Friitala\" \/>\n<meta property=\"og:description\" content=\"Klassinen olkalaukku. Kaksi eripituista vaihdettavaa olkahihnaa.       Sis\u00e4ll\u00e4 paljon lokeroita ja s\u00e4ilytystilaa. Yksityiskohdat Koko: 23x18x10 cm (max.leveys*korkeus*pohja) Takana vetoketjullinen tasku. P\u00e4\u00e4ll\u00e4 vetoketjukiinnitys. Sis\u00e4ll\u00e4: keskell\u00e4 vetoketjullinen suuri tilanjakajatasku, pienempi vetoketjutasku sek\u00e4 molemmin puolin aukeavat isot avolokero. Olkahihnat nahkaa: pitk\u00e4 s\u00e4\u00e4dett\u00e4v\u00e4 crossbodyhihna sek\u00e4 lyhyempi remmi, jossa on ketjukoriste Nahkainen koristetupsu. MateriaalitVasikannahkaVuori: vaalea tekstiili\" \/>\n<meta property=\"og:url\" content=\"https:\/\/friitala.fi\/en_gb\/product\/nahkalaukku-0911\/\" \/>\n<meta property=\"og:site_name\" content=\"Friitala\" \/>\n<meta property=\"article:modified_time\" content=\"2026-04-23T12:40:43+00:00\" \/>\n<meta property=\"og:image\" content=\"http:\/\/friitala.fi\/wp-content\/uploads\/2025\/06\/0912_0008_Photoroom_20250615_234754.jpg\" \/>\n\t<meta property=\"og:image:width\" content=\"500\" \/>\n\t<meta property=\"og:image:height\" content=\"750\" \/>\n\t<meta property=\"og:image:type\" content=\"image\/jpeg\" \/>\n<meta name=\"twitter:card\" content=\"summary_large_image\" \/>\n<script type=\"application\/ld+json\" class=\"yoast-schema-graph\">{\"@context\":\"https:\/\/schema.org\",\"@graph\":[{\"@type\":\"WebSite\",\"@id\":\"https:\/\/friitala.fi\/en_gb\/#website\",\"url\":\"https:\/\/friitala.fi\/en_gb\/\",\"name\":\"Friitala\",\"description\":\"Friitala\",\"potentialAction\":[{\"@type\":\"SearchAction\",\"target\":{\"@type\":\"EntryPoint\",\"urlTemplate\":\"https:\/\/friitala.fi\/en_gb\/?s={search_term_string}\"},\"query-input\":\"required name=search_term_string\"}],\"inLanguage\":\"en-GB\"},{\"@type\":\"ImageObject\",\"@id\":\"https:\/\/friitala.fi\/product\/nahkalaukku-0911\/#primaryimage\",\"inLanguage\":\"en-GB\",\"url\":\"https:\/\/friitala.fi\/wp-content\/uploads\/2025\/06\/0912_0008_Photoroom_20250615_234754.jpg\",\"contentUrl\":\"https:\/\/friitala.fi\/wp-content\/uploads\/2025\/06\/0912_0008_Photoroom_20250615_234754.jpg\",\"width\":500,\"height\":750},{\"@type\":\"WebPage\",\"@id\":\"https:\/\/friitala.fi\/product\/nahkalaukku-0911\/#webpage\",\"url\":\"https:\/\/friitala.fi\/product\/nahkalaukku-0911\/\",\"name\":\"NAHKALAUKKU 0911 - Friitala\",\"isPartOf\":{\"@id\":\"https:\/\/friitala.fi\/en_gb\/#website\"},\"primaryImageOfPage\":{\"@id\":\"https:\/\/friitala.fi\/product\/nahkalaukku-0911\/#primaryimage\"},\"datePublished\":\"2025-06-16T09:11:38+00:00\",\"dateModified\":\"2026-04-23T12:40:43+00:00\",\"breadcrumb\":{\"@id\":\"https:\/\/friitala.fi\/product\/nahkalaukku-0911\/#breadcrumb\"},\"inLanguage\":\"en-GB\",\"potentialAction\":[{\"@type\":\"ReadAction\",\"target\":[\"https:\/\/friitala.fi\/product\/nahkalaukku-0911\/\"]}]},{\"@type\":\"BreadcrumbList\",\"@id\":\"https:\/\/friitala.fi\/product\/nahkalaukku-0911\/#breadcrumb\",\"itemListElement\":[{\"@type\":\"ListItem\",\"position\":1,\"name\":\"Etusivu\",\"item\":\"https:\/\/friitala.fi\/\"},{\"@type\":\"ListItem\",\"position\":2,\"name\":\"Shop\",\"item\":\"https:\/\/friitala.fi\/en_gb\/shop\/\"},{\"@type\":\"ListItem\",\"position\":3,\"name\":\"NAHKALAUKKU 0911\"}]}]}<\/script>\n<!-- \/ Yoast SEO plugin. -->","yoast_head_json":{"title":"NAHKALAUKKU 0911 - Friitala","robots":{"index":"index","follow":"follow","max-snippet":"max-snippet:-1","max-image-preview":"max-image-preview:large","max-video-preview":"max-video-preview:-1"},"canonical":"https:\/\/friitala.fi\/en_gb\/product\/nahkalaukku-0911\/","og_locale":"en_GB","og_type":"article","og_title":"NAHKALAUKKU 0911 - Friitala","og_description":"Klassinen olkalaukku. Kaksi eripituista vaihdettavaa olkahihnaa.       Sis\u00e4ll\u00e4 paljon lokeroita ja s\u00e4ilytystilaa. Yksityiskohdat Koko: 23x18x10 cm (max.leveys*korkeus*pohja) Takana vetoketjullinen tasku. P\u00e4\u00e4ll\u00e4 vetoketjukiinnitys. Sis\u00e4ll\u00e4: keskell\u00e4 vetoketjullinen suuri tilanjakajatasku, pienempi vetoketjutasku sek\u00e4 molemmin puolin aukeavat isot avolokero. Olkahihnat nahkaa: pitk\u00e4 s\u00e4\u00e4dett\u00e4v\u00e4 crossbodyhihna sek\u00e4 lyhyempi remmi, jossa on ketjukoriste Nahkainen koristetupsu. MateriaalitVasikannahkaVuori: vaalea tekstiili","og_url":"https:\/\/friitala.fi\/en_gb\/product\/nahkalaukku-0911\/","og_site_name":"Friitala","article_modified_time":"2026-04-23T12:40:43+00:00","og_image":[{"width":500,"height":750,"url":"http:\/\/friitala.fi\/wp-content\/uploads\/2025\/06\/0912_0008_Photoroom_20250615_234754.jpg","type":"image\/jpeg"}],"twitter_card":"summary_large_image","schema":{"@context":"https:\/\/schema.org","@graph":[{"@type":"WebSite","@id":"https:\/\/friitala.fi\/en_gb\/#website","url":"https:\/\/friitala.fi\/en_gb\/","name":"Friitala","description":"Friitala","potentialAction":[{"@type":"SearchAction","target":{"@type":"EntryPoint","urlTemplate":"https:\/\/friitala.fi\/en_gb\/?s={search_term_string}"},"query-input":"required name=search_term_string"}],"inLanguage":"en-GB"},{"@type":"ImageObject","@id":"https:\/\/friitala.fi\/product\/nahkalaukku-0911\/#primaryimage","inLanguage":"en-GB","url":"https:\/\/friitala.fi\/wp-content\/uploads\/2025\/06\/0912_0008_Photoroom_20250615_234754.jpg","contentUrl":"https:\/\/friitala.fi\/wp-content\/uploads\/2025\/06\/0912_0008_Photoroom_20250615_234754.jpg","width":500,"height":750},{"@type":"WebPage","@id":"https:\/\/friitala.fi\/product\/nahkalaukku-0911\/#webpage","url":"https:\/\/friitala.fi\/product\/nahkalaukku-0911\/","name":"NAHKALAUKKU 0911 - Friitala","isPartOf":{"@id":"https:\/\/friitala.fi\/en_gb\/#website"},"primaryImageOfPage":{"@id":"https:\/\/friitala.fi\/product\/nahkalaukku-0911\/#primaryimage"},"datePublished":"2025-06-16T09:11:38+00:00","dateModified":"2026-04-23T12:40:43+00:00","breadcrumb":{"@id":"https:\/\/friitala.fi\/product\/nahkalaukku-0911\/#breadcrumb"},"inLanguage":"en-GB","potentialAction":[{"@type":"ReadAction","target":["https:\/\/friitala.fi\/product\/nahkalaukku-0911\/"]}]},{"@type":"BreadcrumbList","@id":"https:\/\/friitala.fi\/product\/nahkalaukku-0911\/#breadcrumb","itemListElement":[{"@type":"ListItem","position":1,"name":"Etusivu","item":"https:\/\/friitala.fi\/"},{"@type":"ListItem","position":2,"name":"Shop","item":"https:\/\/friitala.fi\/en_gb\/shop\/"},{"@type":"ListItem","position":3,"name":"NAHKALAUKKU 0911"}]}]}},"_links":{"self":[{"href":"https:\/\/friitala.fi\/en_gb\/wp-json\/wp\/v2\/product\/7520"}],"collection":[{"href":"https:\/\/friitala.fi\/en_gb\/wp-json\/wp\/v2\/product"}],"about":[{"href":"https:\/\/friitala.fi\/en_gb\/wp-json\/wp\/v2\/types\/product"}],"wp:featuredmedia":[{"embeddable":true,"href":"https:\/\/friitala.fi\/en_gb\/wp-json\/wp\/v2\/media\/7547"}],"wp:attachment":[{"href":"https:\/\/friitala.fi\/en_gb\/wp-json\/wp\/v2\/media?parent=7520"}],"wp:term":[{"taxonomy":"product_cat","embeddable":true,"href":"https:\/\/friitala.fi\/en_gb\/wp-json\/wp\/v2\/product_cat?post=7520"},{"taxonomy":"product_tag","embeddable":true,"href":"https:\/\/friitala.fi\/en_gb\/wp-json\/wp\/v2\/product_tag?post=7520"}],"curies":[{"name":"wp","href":"https:\/\/api.w.org\/{rel}","templated":true}]}}