{"id":7470,"date":"2025-06-13T10:40:37","date_gmt":"2025-06-13T10:40:37","guid":{"rendered":"https:\/\/friitala.fi\/?post_type=product&#038;p=7470"},"modified":"2026-04-26T14:10:41","modified_gmt":"2026-04-26T14:10:41","slug":"nahkalaukku-4120","status":"publish","type":"product","link":"https:\/\/friitala.fi\/en_gb\/product\/nahkalaukku-4120\/","title":{"rendered":"4120"},"content":{"rendered":"","protected":false},"excerpt":{"rendered":"<div class=\"elementor-element elementor-element-bebe073 elementor-widget elementor-widget-woocommerce-product-price\" data-id=\"bebe073\" data-element_type=\"widget\" data-widget_type=\"woocommerce-product-price.default\">\n<div class=\"elementor-widget-container\">\n<p class=\"price\">Tyylik\u00e4s toiminnallinen k\u00e4silaukku, jossa on my\u00f6s pitk\u00e4 s\u00e4\u00e4dett\u00e4v\u00e4 olkahihna.<\/p>\n<\/div>\n<\/div>\n<div class=\"elementor-element elementor-element-1876349 elementor-widget elementor-widget-woocommerce-product-short-description\" data-id=\"1876349\" data-element_type=\"widget\" data-widget_type=\"woocommerce-product-short-description.default\">\n<div class=\"elementor-widget-container\">\n<div class=\"woocommerce-product-details__short-description\">\n<p class=\"\"><span class=\"\"><b class=\"\">Yksityiskohdat<br \/>\n<\/b><\/span><span class=\"\">Koko: 23x17x17,5cm (max.leveys*korkeus*pohja)<br \/>\nEtul\u00e4p\u00e4n alla magneettineppari sek\u00e4 vetoketjukiinnitys<br \/>\nTakana vetoketjullinen tilava tasku.<br \/>\n<\/span><span class=\"\">Sis\u00e4ll\u00e4: sis\u00e4tila on jaettu kolmeen eri osastoon, jossa yhdess\u00e4 on vetoketjullinen pikkutasku sek\u00e4 avotasku.<br \/>\n<\/span><\/p>\n<p class=\"\"><span class=\"\"><b class=\"\">Materiaalit<br class=\"\" \/><\/b>Laadukas naudannahka<br class=\"\" \/>Vuori: vaalea tekstiili<\/span><\/p>\n<\/div>\n<\/div>\n<\/div>","protected":false},"featured_media":7562,"template":"","meta":{"_monsterinsights_skip_tracking":false,"_monsterinsights_sitenote_active":false,"_monsterinsights_sitenote_note":"","_monsterinsights_sitenote_category":0,"site-sidebar-layout":"default","site-content-layout":"default","ast-main-header-display":"","ast-hfb-above-header-display":"","ast-hfb-below-header-display":"","ast-hfb-mobile-header-display":"","site-post-title":"","ast-breadcrumbs-content":"","ast-featured-img":"","footer-sml-layout":"","theme-transparent-header-meta":"default","adv-header-id-meta":"","stick-header-meta":"","header-above-stick-meta":"","header-main-stick-meta":"","header-below-stick-meta":""},"product_cat":[55,17],"product_tag":[],"yoast_head":"<!-- This site is optimized with the Yoast SEO plugin v18.6 - https:\/\/yoast.com\/wordpress\/plugins\/seo\/ -->\n<title>4120 - Friitala<\/title>\n<meta name=\"robots\" content=\"index, follow, max-snippet:-1, max-image-preview:large, max-video-preview:-1\" \/>\n<link rel=\"canonical\" href=\"https:\/\/friitala.fi\/en_gb\/product\/nahkalaukku-4120\/\" \/>\n<meta property=\"og:locale\" content=\"en_GB\" \/>\n<meta property=\"og:type\" content=\"article\" \/>\n<meta property=\"og:title\" content=\"4120 - Friitala\" \/>\n<meta property=\"og:description\" content=\"Tyylik\u00e4s toiminnallinen k\u00e4silaukku, jossa on my\u00f6s pitk\u00e4 s\u00e4\u00e4dett\u00e4v\u00e4 olkahihna.       Yksityiskohdat Koko: 23x17x17,5cm (max.leveys*korkeus*pohja) Etul\u00e4p\u00e4n alla magneettineppari sek\u00e4 vetoketjukiinnitys Takana vetoketjullinen tilava tasku. Sis\u00e4ll\u00e4: sis\u00e4tila on jaettu kolmeen eri osastoon, jossa yhdess\u00e4 on vetoketjullinen pikkutasku sek\u00e4 avotasku.  MateriaalitLaadukas naudannahkaVuori: vaalea tekstiili\" \/>\n<meta property=\"og:url\" content=\"https:\/\/friitala.fi\/en_gb\/product\/nahkalaukku-4120\/\" \/>\n<meta property=\"og:site_name\" content=\"Friitala\" \/>\n<meta property=\"article:modified_time\" content=\"2026-04-26T14:10:41+00:00\" \/>\n<meta property=\"og:image\" content=\"http:\/\/friitala.fi\/wp-content\/uploads\/2025\/06\/4120_0003_Photoroom_20250624_132909.jpg\" \/>\n\t<meta property=\"og:image:width\" content=\"500\" \/>\n\t<meta property=\"og:image:height\" content=\"750\" \/>\n\t<meta property=\"og:image:type\" content=\"image\/jpeg\" \/>\n<meta name=\"twitter:card\" content=\"summary_large_image\" \/>\n<script type=\"application\/ld+json\" class=\"yoast-schema-graph\">{\"@context\":\"https:\/\/schema.org\",\"@graph\":[{\"@type\":\"WebSite\",\"@id\":\"https:\/\/friitala.fi\/en_gb\/#website\",\"url\":\"https:\/\/friitala.fi\/en_gb\/\",\"name\":\"Friitala\",\"description\":\"Friitala\",\"potentialAction\":[{\"@type\":\"SearchAction\",\"target\":{\"@type\":\"EntryPoint\",\"urlTemplate\":\"https:\/\/friitala.fi\/en_gb\/?s={search_term_string}\"},\"query-input\":\"required name=search_term_string\"}],\"inLanguage\":\"en-GB\"},{\"@type\":\"ImageObject\",\"@id\":\"https:\/\/friitala.fi\/product\/nahkalaukku-4120\/#primaryimage\",\"inLanguage\":\"en-GB\",\"url\":\"https:\/\/friitala.fi\/wp-content\/uploads\/2025\/06\/4120_0003_Photoroom_20250624_132909.jpg\",\"contentUrl\":\"https:\/\/friitala.fi\/wp-content\/uploads\/2025\/06\/4120_0003_Photoroom_20250624_132909.jpg\",\"width\":500,\"height\":750},{\"@type\":\"WebPage\",\"@id\":\"https:\/\/friitala.fi\/product\/nahkalaukku-4120\/#webpage\",\"url\":\"https:\/\/friitala.fi\/product\/nahkalaukku-4120\/\",\"name\":\"4120 - Friitala\",\"isPartOf\":{\"@id\":\"https:\/\/friitala.fi\/en_gb\/#website\"},\"primaryImageOfPage\":{\"@id\":\"https:\/\/friitala.fi\/product\/nahkalaukku-4120\/#primaryimage\"},\"datePublished\":\"2025-06-13T10:40:37+00:00\",\"dateModified\":\"2026-04-26T14:10:41+00:00\",\"breadcrumb\":{\"@id\":\"https:\/\/friitala.fi\/product\/nahkalaukku-4120\/#breadcrumb\"},\"inLanguage\":\"en-GB\",\"potentialAction\":[{\"@type\":\"ReadAction\",\"target\":[\"https:\/\/friitala.fi\/product\/nahkalaukku-4120\/\"]}]},{\"@type\":\"BreadcrumbList\",\"@id\":\"https:\/\/friitala.fi\/product\/nahkalaukku-4120\/#breadcrumb\",\"itemListElement\":[{\"@type\":\"ListItem\",\"position\":1,\"name\":\"Etusivu\",\"item\":\"https:\/\/friitala.fi\/\"},{\"@type\":\"ListItem\",\"position\":2,\"name\":\"Shop\",\"item\":\"https:\/\/friitala.fi\/en_gb\/shop\/\"},{\"@type\":\"ListItem\",\"position\":3,\"name\":\"4120\"}]}]}<\/script>\n<!-- \/ Yoast SEO plugin. -->","yoast_head_json":{"title":"4120 - Friitala","robots":{"index":"index","follow":"follow","max-snippet":"max-snippet:-1","max-image-preview":"max-image-preview:large","max-video-preview":"max-video-preview:-1"},"canonical":"https:\/\/friitala.fi\/en_gb\/product\/nahkalaukku-4120\/","og_locale":"en_GB","og_type":"article","og_title":"4120 - Friitala","og_description":"Tyylik\u00e4s toiminnallinen k\u00e4silaukku, jossa on my\u00f6s pitk\u00e4 s\u00e4\u00e4dett\u00e4v\u00e4 olkahihna.       Yksityiskohdat Koko: 23x17x17,5cm (max.leveys*korkeus*pohja) Etul\u00e4p\u00e4n alla magneettineppari sek\u00e4 vetoketjukiinnitys Takana vetoketjullinen tilava tasku. Sis\u00e4ll\u00e4: sis\u00e4tila on jaettu kolmeen eri osastoon, jossa yhdess\u00e4 on vetoketjullinen pikkutasku sek\u00e4 avotasku.  MateriaalitLaadukas naudannahkaVuori: vaalea tekstiili","og_url":"https:\/\/friitala.fi\/en_gb\/product\/nahkalaukku-4120\/","og_site_name":"Friitala","article_modified_time":"2026-04-26T14:10:41+00:00","og_image":[{"width":500,"height":750,"url":"http:\/\/friitala.fi\/wp-content\/uploads\/2025\/06\/4120_0003_Photoroom_20250624_132909.jpg","type":"image\/jpeg"}],"twitter_card":"summary_large_image","schema":{"@context":"https:\/\/schema.org","@graph":[{"@type":"WebSite","@id":"https:\/\/friitala.fi\/en_gb\/#website","url":"https:\/\/friitala.fi\/en_gb\/","name":"Friitala","description":"Friitala","potentialAction":[{"@type":"SearchAction","target":{"@type":"EntryPoint","urlTemplate":"https:\/\/friitala.fi\/en_gb\/?s={search_term_string}"},"query-input":"required name=search_term_string"}],"inLanguage":"en-GB"},{"@type":"ImageObject","@id":"https:\/\/friitala.fi\/product\/nahkalaukku-4120\/#primaryimage","inLanguage":"en-GB","url":"https:\/\/friitala.fi\/wp-content\/uploads\/2025\/06\/4120_0003_Photoroom_20250624_132909.jpg","contentUrl":"https:\/\/friitala.fi\/wp-content\/uploads\/2025\/06\/4120_0003_Photoroom_20250624_132909.jpg","width":500,"height":750},{"@type":"WebPage","@id":"https:\/\/friitala.fi\/product\/nahkalaukku-4120\/#webpage","url":"https:\/\/friitala.fi\/product\/nahkalaukku-4120\/","name":"4120 - Friitala","isPartOf":{"@id":"https:\/\/friitala.fi\/en_gb\/#website"},"primaryImageOfPage":{"@id":"https:\/\/friitala.fi\/product\/nahkalaukku-4120\/#primaryimage"},"datePublished":"2025-06-13T10:40:37+00:00","dateModified":"2026-04-26T14:10:41+00:00","breadcrumb":{"@id":"https:\/\/friitala.fi\/product\/nahkalaukku-4120\/#breadcrumb"},"inLanguage":"en-GB","potentialAction":[{"@type":"ReadAction","target":["https:\/\/friitala.fi\/product\/nahkalaukku-4120\/"]}]},{"@type":"BreadcrumbList","@id":"https:\/\/friitala.fi\/product\/nahkalaukku-4120\/#breadcrumb","itemListElement":[{"@type":"ListItem","position":1,"name":"Etusivu","item":"https:\/\/friitala.fi\/"},{"@type":"ListItem","position":2,"name":"Shop","item":"https:\/\/friitala.fi\/en_gb\/shop\/"},{"@type":"ListItem","position":3,"name":"4120"}]}]}},"_links":{"self":[{"href":"https:\/\/friitala.fi\/en_gb\/wp-json\/wp\/v2\/product\/7470"}],"collection":[{"href":"https:\/\/friitala.fi\/en_gb\/wp-json\/wp\/v2\/product"}],"about":[{"href":"https:\/\/friitala.fi\/en_gb\/wp-json\/wp\/v2\/types\/product"}],"wp:featuredmedia":[{"embeddable":true,"href":"https:\/\/friitala.fi\/en_gb\/wp-json\/wp\/v2\/media\/7562"}],"wp:attachment":[{"href":"https:\/\/friitala.fi\/en_gb\/wp-json\/wp\/v2\/media?parent=7470"}],"wp:term":[{"taxonomy":"product_cat","embeddable":true,"href":"https:\/\/friitala.fi\/en_gb\/wp-json\/wp\/v2\/product_cat?post=7470"},{"taxonomy":"product_tag","embeddable":true,"href":"https:\/\/friitala.fi\/en_gb\/wp-json\/wp\/v2\/product_tag?post=7470"}],"curies":[{"name":"wp","href":"https:\/\/api.w.org\/{rel}","templated":true}]}}