{"id":7347,"date":"2025-06-11T15:42:11","date_gmt":"2025-06-11T15:42:11","guid":{"rendered":"https:\/\/friitala.fi\/?post_type=product&#038;p=7347"},"modified":"2026-01-20T12:25:37","modified_gmt":"2026-01-20T12:25:37","slug":"miles-nahkatakki","status":"publish","type":"product","link":"https:\/\/friitala.fi\/en_gb\/product\/miles-nahkatakki\/","title":{"rendered":"MILES NAHKATAKKI"},"content":{"rendered":"","protected":false},"excerpt":{"rendered":"<div class=\"row\">\n<div class=\"col-xs-12 col-sm-6 col-md-6 col-lg-7\">\n<div class=\"product-collateral\">\n<div class=\"tab-content\">\n<div id=\"tab_description\" class=\"tab-pane active\">\n<div class=\"std\">\n<p class=\"tab-title\">Rento, motoristityylinen nahkatakki. Tyk\u00f6istuva lyhyt malli. Saumoissa efektiv\u00e4ri.<\/p>\n<\/div>\n<\/div>\n<\/div>\n<\/div>\n<\/div>\n<\/div>\n<div>\n<div class=\"row\">\n<div class=\"col-xs-12 col-sm-6 col-md-6 col-lg-7\">\n<div class=\"product-collateral\">\n<div class=\"tab-content\">\n<div id=\"tab_long_description\" class=\"tab-pane active\">\n<div class=\"std\">\n<div>\n<div class=\"row\">\n<div class=\"col-xs-12 col-sm-6 col-md-6 col-lg-7\">\n<div class=\"product-collateral\">\n<div class=\"tab-content\">\n<div id=\"tab_long_description\" class=\"tab-pane active\">\n<div class=\"std\">\n<p class=\"tab-title\"><strong>Yksityiskohdat<\/strong><br \/>\nVetoketjukiinnitys<br \/>\n2 sivutaskua vetoketjuilla<br \/>\n2 vetoketjullista sis\u00e4taskua<br \/>\nSel\u00e4n pituus koossa M 63 cm<\/p>\n<\/div>\n<\/div>\n<\/div>\n<\/div>\n<\/div>\n<\/div>\n<div class=\"row\">\n<div class=\"row\">\n<div class=\"col-xs-12 col-sm-6 col-md-6 col-lg-7\">\n<div class=\"product-collateral\">\n<div class=\"tab-content\">\n<div id=\"tab_materials\" class=\"tab-pane active\">\n<div class=\"std\">\n<p class=\"tab-title\"><strong>Materiaalit<br \/>\n<\/strong>Lampaan nahka<br \/>\nvuori:asetaatti<\/p>\n<\/div>\n<\/div>\n<\/div>\n<\/div>\n<\/div>\n<\/div>\n<\/div>\n<\/div>\n<p class=\"tab-title\">Vetoketjukiinnitys<br \/>\n2 sivutaskua vetoketjuilla<br \/>\n2 sis\u00e4taskua, joissa vetoketjut<br \/>\nSel\u00e4npituus koossa M 63cm<\/p>\n<\/div>\n<\/div>\n<\/div>\n<\/div>\n<\/div>\n<\/div>\n<div class=\"row\">\n<div class=\"row\">\n<div class=\"col-xs-12 col-sm-6 col-md-6 col-lg-7\">\n<div class=\"product-collateral\">\n<div class=\"tab-content\">\n<div id=\"tab_materials\" class=\"tab-pane active\">\n<div class=\"std\">\n<p class=\"tab-title\"><strong>Materiaalit<br \/>\n<\/strong>Lampaan nahka<br \/>\nvuori:asetaatti<\/p>\n<\/div>\n<\/div>\n<\/div>\n<\/div>\n<\/div>\n<\/div>\n<\/div>\n<\/div>","protected":false},"featured_media":7450,"template":"","meta":{"_monsterinsights_skip_tracking":false,"_monsterinsights_sitenote_active":false,"_monsterinsights_sitenote_note":"","_monsterinsights_sitenote_category":0,"site-sidebar-layout":"default","site-content-layout":"default","ast-main-header-display":"","ast-hfb-above-header-display":"","ast-hfb-below-header-display":"","ast-hfb-mobile-header-display":"","site-post-title":"","ast-breadcrumbs-content":"","ast-featured-img":"","footer-sml-layout":"","theme-transparent-header-meta":"default","adv-header-id-meta":"","stick-header-meta":"","header-above-stick-meta":"","header-main-stick-meta":"","header-below-stick-meta":""},"product_cat":[58,17],"product_tag":[],"yoast_head":"<!-- This site is optimized with the Yoast SEO plugin v18.6 - https:\/\/yoast.com\/wordpress\/plugins\/seo\/ -->\n<title>MILES NAHKATAKKI - Friitala<\/title>\n<meta name=\"robots\" content=\"index, follow, max-snippet:-1, max-image-preview:large, max-video-preview:-1\" \/>\n<link rel=\"canonical\" href=\"https:\/\/friitala.fi\/en_gb\/product\/miles-nahkatakki\/\" \/>\n<meta property=\"og:locale\" content=\"en_GB\" \/>\n<meta property=\"og:type\" content=\"article\" \/>\n<meta property=\"og:title\" content=\"MILES NAHKATAKKI - Friitala\" \/>\n<meta property=\"og:description\" content=\"Rento, motoristityylinen nahkatakki. Tyk\u00f6istuva lyhyt malli. Saumoissa efektiv\u00e4ri.                      Yksityiskohdat Vetoketjukiinnitys 2 sivutaskua vetoketjuilla 2 vetoketjullista sis\u00e4taskua Sel\u00e4n pituus koossa M 63 cm               Materiaalit Lampaan nahka vuori:asetaatti          Vetoketjukiinnitys 2 sivutaskua vetoketjuilla 2 sis\u00e4taskua, joissa vetoketjut Sel\u00e4npituus koossa M 63cm               Materiaalit Lampaan nahka vuori:asetaatti\" \/>\n<meta property=\"og:url\" content=\"https:\/\/friitala.fi\/en_gb\/product\/miles-nahkatakki\/\" \/>\n<meta property=\"og:site_name\" content=\"Friitala\" \/>\n<meta property=\"article:modified_time\" content=\"2026-01-20T12:25:37+00:00\" \/>\n<meta property=\"og:image\" content=\"http:\/\/friitala.fi\/wp-content\/uploads\/2024\/05\/easton-v8.png\" \/>\n\t<meta property=\"og:image:width\" content=\"1071\" \/>\n\t<meta property=\"og:image:height\" content=\"1500\" \/>\n\t<meta property=\"og:image:type\" content=\"image\/png\" \/>\n<meta name=\"twitter:card\" content=\"summary_large_image\" \/>\n<script type=\"application\/ld+json\" class=\"yoast-schema-graph\">{\"@context\":\"https:\/\/schema.org\",\"@graph\":[{\"@type\":\"WebSite\",\"@id\":\"https:\/\/friitala.fi\/en_gb\/#website\",\"url\":\"https:\/\/friitala.fi\/en_gb\/\",\"name\":\"Friitala\",\"description\":\"Friitala\",\"potentialAction\":[{\"@type\":\"SearchAction\",\"target\":{\"@type\":\"EntryPoint\",\"urlTemplate\":\"https:\/\/friitala.fi\/en_gb\/?s={search_term_string}\"},\"query-input\":\"required name=search_term_string\"}],\"inLanguage\":\"en-GB\"},{\"@type\":\"ImageObject\",\"@id\":\"https:\/\/friitala.fi\/product\/miles-nahkatakki\/#primaryimage\",\"inLanguage\":\"en-GB\",\"url\":\"https:\/\/friitala.fi\/wp-content\/uploads\/2024\/05\/easton-v8.png\",\"contentUrl\":\"https:\/\/friitala.fi\/wp-content\/uploads\/2024\/05\/easton-v8.png\",\"width\":1071,\"height\":1500},{\"@type\":\"WebPage\",\"@id\":\"https:\/\/friitala.fi\/product\/miles-nahkatakki\/#webpage\",\"url\":\"https:\/\/friitala.fi\/product\/miles-nahkatakki\/\",\"name\":\"MILES NAHKATAKKI - Friitala\",\"isPartOf\":{\"@id\":\"https:\/\/friitala.fi\/en_gb\/#website\"},\"primaryImageOfPage\":{\"@id\":\"https:\/\/friitala.fi\/product\/miles-nahkatakki\/#primaryimage\"},\"datePublished\":\"2025-06-11T15:42:11+00:00\",\"dateModified\":\"2026-01-20T12:25:37+00:00\",\"breadcrumb\":{\"@id\":\"https:\/\/friitala.fi\/product\/miles-nahkatakki\/#breadcrumb\"},\"inLanguage\":\"en-GB\",\"potentialAction\":[{\"@type\":\"ReadAction\",\"target\":[\"https:\/\/friitala.fi\/product\/miles-nahkatakki\/\"]}]},{\"@type\":\"BreadcrumbList\",\"@id\":\"https:\/\/friitala.fi\/product\/miles-nahkatakki\/#breadcrumb\",\"itemListElement\":[{\"@type\":\"ListItem\",\"position\":1,\"name\":\"Etusivu\",\"item\":\"https:\/\/friitala.fi\/\"},{\"@type\":\"ListItem\",\"position\":2,\"name\":\"Shop\",\"item\":\"https:\/\/friitala.fi\/en_gb\/shop\/\"},{\"@type\":\"ListItem\",\"position\":3,\"name\":\"MILES NAHKATAKKI\"}]}]}<\/script>\n<!-- \/ Yoast SEO plugin. -->","yoast_head_json":{"title":"MILES NAHKATAKKI - Friitala","robots":{"index":"index","follow":"follow","max-snippet":"max-snippet:-1","max-image-preview":"max-image-preview:large","max-video-preview":"max-video-preview:-1"},"canonical":"https:\/\/friitala.fi\/en_gb\/product\/miles-nahkatakki\/","og_locale":"en_GB","og_type":"article","og_title":"MILES NAHKATAKKI - Friitala","og_description":"Rento, motoristityylinen nahkatakki. Tyk\u00f6istuva lyhyt malli. Saumoissa efektiv\u00e4ri.                      Yksityiskohdat Vetoketjukiinnitys 2 sivutaskua vetoketjuilla 2 vetoketjullista sis\u00e4taskua Sel\u00e4n pituus koossa M 63 cm               Materiaalit Lampaan nahka vuori:asetaatti          Vetoketjukiinnitys 2 sivutaskua vetoketjuilla 2 sis\u00e4taskua, joissa vetoketjut Sel\u00e4npituus koossa M 63cm               Materiaalit Lampaan nahka vuori:asetaatti","og_url":"https:\/\/friitala.fi\/en_gb\/product\/miles-nahkatakki\/","og_site_name":"Friitala","article_modified_time":"2026-01-20T12:25:37+00:00","og_image":[{"width":1071,"height":1500,"url":"http:\/\/friitala.fi\/wp-content\/uploads\/2024\/05\/easton-v8.png","type":"image\/png"}],"twitter_card":"summary_large_image","schema":{"@context":"https:\/\/schema.org","@graph":[{"@type":"WebSite","@id":"https:\/\/friitala.fi\/en_gb\/#website","url":"https:\/\/friitala.fi\/en_gb\/","name":"Friitala","description":"Friitala","potentialAction":[{"@type":"SearchAction","target":{"@type":"EntryPoint","urlTemplate":"https:\/\/friitala.fi\/en_gb\/?s={search_term_string}"},"query-input":"required name=search_term_string"}],"inLanguage":"en-GB"},{"@type":"ImageObject","@id":"https:\/\/friitala.fi\/product\/miles-nahkatakki\/#primaryimage","inLanguage":"en-GB","url":"https:\/\/friitala.fi\/wp-content\/uploads\/2024\/05\/easton-v8.png","contentUrl":"https:\/\/friitala.fi\/wp-content\/uploads\/2024\/05\/easton-v8.png","width":1071,"height":1500},{"@type":"WebPage","@id":"https:\/\/friitala.fi\/product\/miles-nahkatakki\/#webpage","url":"https:\/\/friitala.fi\/product\/miles-nahkatakki\/","name":"MILES NAHKATAKKI - Friitala","isPartOf":{"@id":"https:\/\/friitala.fi\/en_gb\/#website"},"primaryImageOfPage":{"@id":"https:\/\/friitala.fi\/product\/miles-nahkatakki\/#primaryimage"},"datePublished":"2025-06-11T15:42:11+00:00","dateModified":"2026-01-20T12:25:37+00:00","breadcrumb":{"@id":"https:\/\/friitala.fi\/product\/miles-nahkatakki\/#breadcrumb"},"inLanguage":"en-GB","potentialAction":[{"@type":"ReadAction","target":["https:\/\/friitala.fi\/product\/miles-nahkatakki\/"]}]},{"@type":"BreadcrumbList","@id":"https:\/\/friitala.fi\/product\/miles-nahkatakki\/#breadcrumb","itemListElement":[{"@type":"ListItem","position":1,"name":"Etusivu","item":"https:\/\/friitala.fi\/"},{"@type":"ListItem","position":2,"name":"Shop","item":"https:\/\/friitala.fi\/en_gb\/shop\/"},{"@type":"ListItem","position":3,"name":"MILES NAHKATAKKI"}]}]}},"_links":{"self":[{"href":"https:\/\/friitala.fi\/en_gb\/wp-json\/wp\/v2\/product\/7347"}],"collection":[{"href":"https:\/\/friitala.fi\/en_gb\/wp-json\/wp\/v2\/product"}],"about":[{"href":"https:\/\/friitala.fi\/en_gb\/wp-json\/wp\/v2\/types\/product"}],"wp:featuredmedia":[{"embeddable":true,"href":"https:\/\/friitala.fi\/en_gb\/wp-json\/wp\/v2\/media\/7450"}],"wp:attachment":[{"href":"https:\/\/friitala.fi\/en_gb\/wp-json\/wp\/v2\/media?parent=7347"}],"wp:term":[{"taxonomy":"product_cat","embeddable":true,"href":"https:\/\/friitala.fi\/en_gb\/wp-json\/wp\/v2\/product_cat?post=7347"},{"taxonomy":"product_tag","embeddable":true,"href":"https:\/\/friitala.fi\/en_gb\/wp-json\/wp\/v2\/product_tag?post=7347"}],"curies":[{"name":"wp","href":"https:\/\/api.w.org\/{rel}","templated":true}]}}