{"id":6793,"date":"2023-08-18T18:35:05","date_gmt":"2023-08-18T18:35:05","guid":{"rendered":"https:\/\/friitala.fi\/?post_type=product&#038;p=6793"},"modified":"2026-04-23T15:10:43","modified_gmt":"2026-04-23T15:10:43","slug":"sofia-nahkatakki","status":"publish","type":"product","link":"https:\/\/friitala.fi\/en_gb\/product\/sofia-nahkatakki\/","title":{"rendered":"SOFIA  NAHKATAKKI"},"content":{"rendered":"","protected":false},"excerpt":{"rendered":"<p>Lyhyt silkinpehme\u00e4st\u00e4 lampaannapasta valmistettu nahkajakku. Istuva perusvaate, jonka voi yhdist\u00e4\u00e4 niin farkkujen, hameen tai mekon kanssa.<\/p>\n<p><b>Yksityiskohdat<br \/>\n<\/b>Sivuilla vetoketjutaskut.<br \/>\nVertoketjukiinnitys.<br \/>\nHUOM: Kapealinjainen \/tyk\u00f6istuva malli. Ennen tilausta koko kannattaa aina tarkistaa mallikohtaisesta mittataulukosta.<br \/>\nSuosittelemme tilaamaan yht\u00e4 kokoa suuremman, jos mietit kahden koon v\u00e4lill\u00e4.<br \/>\nLampaannahka. Vuori: asetaatti<\/p>\n<p><b>Materiaalit<br \/>\n<\/b>Lampaan nahka<br \/>\nvuori:asetaatti<\/p>","protected":false},"featured_media":5913,"template":"","meta":{"_monsterinsights_skip_tracking":false,"_monsterinsights_sitenote_active":false,"_monsterinsights_sitenote_note":"","_monsterinsights_sitenote_category":0,"site-sidebar-layout":"default","site-content-layout":"default","ast-main-header-display":"","ast-hfb-above-header-display":"","ast-hfb-below-header-display":"","ast-hfb-mobile-header-display":"","site-post-title":"","ast-breadcrumbs-content":"","ast-featured-img":"","footer-sml-layout":"","theme-transparent-header-meta":"default","adv-header-id-meta":"","stick-header-meta":"","header-above-stick-meta":"","header-main-stick-meta":"","header-below-stick-meta":""},"product_cat":[17],"product_tag":[],"yoast_head":"<!-- This site is optimized with the Yoast SEO plugin v18.6 - https:\/\/yoast.com\/wordpress\/plugins\/seo\/ -->\n<title>SOFIA NAHKATAKKI - Friitala<\/title>\n<meta name=\"robots\" content=\"index, follow, max-snippet:-1, max-image-preview:large, max-video-preview:-1\" \/>\n<link rel=\"canonical\" href=\"https:\/\/friitala.fi\/en_gb\/product\/sofia-nahkatakki\/\" \/>\n<meta property=\"og:locale\" content=\"en_GB\" \/>\n<meta property=\"og:type\" content=\"article\" \/>\n<meta property=\"og:title\" content=\"SOFIA NAHKATAKKI - Friitala\" \/>\n<meta property=\"og:description\" content=\"Lyhyt silkinpehme\u00e4st\u00e4 lampaannapasta valmistettu nahkajakku. Istuva perusvaate, jonka voi yhdist\u00e4\u00e4 niin farkkujen, hameen tai mekon kanssa.  Yksityiskohdat Sivuilla vetoketjutaskut. Vertoketjukiinnitys. HUOM: Kapealinjainen \/tyk\u00f6istuva malli. Ennen tilausta koko kannattaa aina tarkistaa mallikohtaisesta mittataulukosta. Suosittelemme tilaamaan yht\u00e4 kokoa suuremman, jos mietit kahden koon v\u00e4lill\u00e4. Lampaannahka. Vuori: asetaatti  Materiaalit Lampaan nahka vuori:asetaatti\" \/>\n<meta property=\"og:url\" content=\"https:\/\/friitala.fi\/en_gb\/product\/sofia-nahkatakki\/\" \/>\n<meta property=\"og:site_name\" content=\"Friitala\" \/>\n<meta property=\"article:modified_time\" content=\"2026-04-23T15:10:43+00:00\" \/>\n<meta property=\"og:image\" content=\"http:\/\/friitala.fi\/wp-content\/uploads\/2022\/04\/sofia_0003_0740_1-2.jpg\" \/>\n\t<meta property=\"og:image:width\" content=\"1071\" \/>\n\t<meta property=\"og:image:height\" content=\"1500\" \/>\n\t<meta property=\"og:image:type\" content=\"image\/jpeg\" \/>\n<meta name=\"twitter:card\" content=\"summary_large_image\" \/>\n<script type=\"application\/ld+json\" class=\"yoast-schema-graph\">{\"@context\":\"https:\/\/schema.org\",\"@graph\":[{\"@type\":\"WebSite\",\"@id\":\"https:\/\/friitala.fi\/en_gb\/#website\",\"url\":\"https:\/\/friitala.fi\/en_gb\/\",\"name\":\"Friitala\",\"description\":\"Friitala\",\"potentialAction\":[{\"@type\":\"SearchAction\",\"target\":{\"@type\":\"EntryPoint\",\"urlTemplate\":\"https:\/\/friitala.fi\/en_gb\/?s={search_term_string}\"},\"query-input\":\"required name=search_term_string\"}],\"inLanguage\":\"en-GB\"},{\"@type\":\"ImageObject\",\"@id\":\"https:\/\/friitala.fi\/product\/sofia-nahkatakki\/#primaryimage\",\"inLanguage\":\"en-GB\",\"url\":\"https:\/\/friitala.fi\/wp-content\/uploads\/2022\/04\/sofia_0003_0740_1-2.jpg\",\"contentUrl\":\"https:\/\/friitala.fi\/wp-content\/uploads\/2022\/04\/sofia_0003_0740_1-2.jpg\",\"width\":1071,\"height\":1500},{\"@type\":\"WebPage\",\"@id\":\"https:\/\/friitala.fi\/product\/sofia-nahkatakki\/#webpage\",\"url\":\"https:\/\/friitala.fi\/product\/sofia-nahkatakki\/\",\"name\":\"SOFIA NAHKATAKKI - Friitala\",\"isPartOf\":{\"@id\":\"https:\/\/friitala.fi\/en_gb\/#website\"},\"primaryImageOfPage\":{\"@id\":\"https:\/\/friitala.fi\/product\/sofia-nahkatakki\/#primaryimage\"},\"datePublished\":\"2023-08-18T18:35:05+00:00\",\"dateModified\":\"2026-04-23T15:10:43+00:00\",\"breadcrumb\":{\"@id\":\"https:\/\/friitala.fi\/product\/sofia-nahkatakki\/#breadcrumb\"},\"inLanguage\":\"en-GB\",\"potentialAction\":[{\"@type\":\"ReadAction\",\"target\":[\"https:\/\/friitala.fi\/product\/sofia-nahkatakki\/\"]}]},{\"@type\":\"BreadcrumbList\",\"@id\":\"https:\/\/friitala.fi\/product\/sofia-nahkatakki\/#breadcrumb\",\"itemListElement\":[{\"@type\":\"ListItem\",\"position\":1,\"name\":\"Etusivu\",\"item\":\"https:\/\/friitala.fi\/\"},{\"@type\":\"ListItem\",\"position\":2,\"name\":\"Shop\",\"item\":\"https:\/\/friitala.fi\/en_gb\/shop\/\"},{\"@type\":\"ListItem\",\"position\":3,\"name\":\"SOFIA NAHKATAKKI\"}]}]}<\/script>\n<!-- \/ Yoast SEO plugin. -->","yoast_head_json":{"title":"SOFIA NAHKATAKKI - Friitala","robots":{"index":"index","follow":"follow","max-snippet":"max-snippet:-1","max-image-preview":"max-image-preview:large","max-video-preview":"max-video-preview:-1"},"canonical":"https:\/\/friitala.fi\/en_gb\/product\/sofia-nahkatakki\/","og_locale":"en_GB","og_type":"article","og_title":"SOFIA NAHKATAKKI - Friitala","og_description":"Lyhyt silkinpehme\u00e4st\u00e4 lampaannapasta valmistettu nahkajakku. Istuva perusvaate, jonka voi yhdist\u00e4\u00e4 niin farkkujen, hameen tai mekon kanssa.  Yksityiskohdat Sivuilla vetoketjutaskut. Vertoketjukiinnitys. HUOM: Kapealinjainen \/tyk\u00f6istuva malli. Ennen tilausta koko kannattaa aina tarkistaa mallikohtaisesta mittataulukosta. Suosittelemme tilaamaan yht\u00e4 kokoa suuremman, jos mietit kahden koon v\u00e4lill\u00e4. Lampaannahka. Vuori: asetaatti  Materiaalit Lampaan nahka vuori:asetaatti","og_url":"https:\/\/friitala.fi\/en_gb\/product\/sofia-nahkatakki\/","og_site_name":"Friitala","article_modified_time":"2026-04-23T15:10:43+00:00","og_image":[{"width":1071,"height":1500,"url":"http:\/\/friitala.fi\/wp-content\/uploads\/2022\/04\/sofia_0003_0740_1-2.jpg","type":"image\/jpeg"}],"twitter_card":"summary_large_image","schema":{"@context":"https:\/\/schema.org","@graph":[{"@type":"WebSite","@id":"https:\/\/friitala.fi\/en_gb\/#website","url":"https:\/\/friitala.fi\/en_gb\/","name":"Friitala","description":"Friitala","potentialAction":[{"@type":"SearchAction","target":{"@type":"EntryPoint","urlTemplate":"https:\/\/friitala.fi\/en_gb\/?s={search_term_string}"},"query-input":"required name=search_term_string"}],"inLanguage":"en-GB"},{"@type":"ImageObject","@id":"https:\/\/friitala.fi\/product\/sofia-nahkatakki\/#primaryimage","inLanguage":"en-GB","url":"https:\/\/friitala.fi\/wp-content\/uploads\/2022\/04\/sofia_0003_0740_1-2.jpg","contentUrl":"https:\/\/friitala.fi\/wp-content\/uploads\/2022\/04\/sofia_0003_0740_1-2.jpg","width":1071,"height":1500},{"@type":"WebPage","@id":"https:\/\/friitala.fi\/product\/sofia-nahkatakki\/#webpage","url":"https:\/\/friitala.fi\/product\/sofia-nahkatakki\/","name":"SOFIA NAHKATAKKI - Friitala","isPartOf":{"@id":"https:\/\/friitala.fi\/en_gb\/#website"},"primaryImageOfPage":{"@id":"https:\/\/friitala.fi\/product\/sofia-nahkatakki\/#primaryimage"},"datePublished":"2023-08-18T18:35:05+00:00","dateModified":"2026-04-23T15:10:43+00:00","breadcrumb":{"@id":"https:\/\/friitala.fi\/product\/sofia-nahkatakki\/#breadcrumb"},"inLanguage":"en-GB","potentialAction":[{"@type":"ReadAction","target":["https:\/\/friitala.fi\/product\/sofia-nahkatakki\/"]}]},{"@type":"BreadcrumbList","@id":"https:\/\/friitala.fi\/product\/sofia-nahkatakki\/#breadcrumb","itemListElement":[{"@type":"ListItem","position":1,"name":"Etusivu","item":"https:\/\/friitala.fi\/"},{"@type":"ListItem","position":2,"name":"Shop","item":"https:\/\/friitala.fi\/en_gb\/shop\/"},{"@type":"ListItem","position":3,"name":"SOFIA NAHKATAKKI"}]}]}},"_links":{"self":[{"href":"https:\/\/friitala.fi\/en_gb\/wp-json\/wp\/v2\/product\/6793"}],"collection":[{"href":"https:\/\/friitala.fi\/en_gb\/wp-json\/wp\/v2\/product"}],"about":[{"href":"https:\/\/friitala.fi\/en_gb\/wp-json\/wp\/v2\/types\/product"}],"wp:featuredmedia":[{"embeddable":true,"href":"https:\/\/friitala.fi\/en_gb\/wp-json\/wp\/v2\/media\/5913"}],"wp:attachment":[{"href":"https:\/\/friitala.fi\/en_gb\/wp-json\/wp\/v2\/media?parent=6793"}],"wp:term":[{"taxonomy":"product_cat","embeddable":true,"href":"https:\/\/friitala.fi\/en_gb\/wp-json\/wp\/v2\/product_cat?post=6793"},{"taxonomy":"product_tag","embeddable":true,"href":"https:\/\/friitala.fi\/en_gb\/wp-json\/wp\/v2\/product_tag?post=6793"}],"curies":[{"name":"wp","href":"https:\/\/api.w.org\/{rel}","templated":true}]}}