{"id":6588,"date":"2022-07-11T18:30:12","date_gmt":"2022-07-11T18:30:12","guid":{"rendered":"https:\/\/friitala.fi\/?post_type=product&#038;p=6588"},"modified":"2026-04-18T09:40:47","modified_gmt":"2026-04-18T09:40:47","slug":"friitala-nahkalompakko-fr005c","status":"publish","type":"product","link":"https:\/\/friitala.fi\/en_gb\/product\/friitala-nahkalompakko-fr005c\/","title":{"rendered":"FRIITALA NAHKALOMPAKKO FR005C"},"content":{"rendered":"","protected":false},"excerpt":{"rendered":"<p class=\"p1\"><span class=\"s1\"><b>Yksityiskohdat<br \/>\n<\/b><\/span><\/p>\n<p class=\"p1\"><span class=\"s1\">Koko:7 x 10 x 2 cm<br \/>\nPienest\u00e4 koostaan huolimatta lompakkoon mahtuu paljon tavaraa. Lompakossa on alumiininen korttikotelo, joka suojaa kortteja tehokkaasti luvattomalta skannaukselta ja fyysiselt\u00e4 kulutukselta. Kotelossa olevasta vivusta vet\u00e4m\u00e4ll\u00e4 kortit liukuvat esiin, ja oikea kortti on vaivaton poimia ilman, ett\u00e4 lompakkoa tarvitsee avata. Alumiinikoteloon mahtuu 4-5 korttia. Lompakon p\u00e4\u00e4lipuolella on my\u00f6s vetoketjullinen kolikkotasku. Korttipaikkoja l\u00f6ytyy 2 lis\u00e4\u00e4 lompakon sis\u00e4puolelta. Lompakon sis\u00e4puolella on my\u00f6s l\u00e4pin\u00e4kyv\u00e4 tasku esim. ajokortille sek\u00e4 seteliosasto. Friitala RFID-lompakot on valmistettu laadukkaista raaka-aineista.<\/span><span class=\"s1\">\u00a0<\/span><\/p>\n<p class=\"p1\"><span class=\"s1\"><b>Materiaalit<br \/>\n<\/b><\/span><span class=\"s1\">Suojakotelo alumiinia. P\u00e4\u00e4llinen ja sisus vasikannahkaa. Kest\u00e4v\u00e4 hiilikuitupinnoite.<\/span><\/p>\n<p class=\"p1\"><span class=\"s1\">\u00a0<\/span><\/p>","protected":false},"featured_media":6635,"template":"","meta":{"_monsterinsights_skip_tracking":false,"_monsterinsights_sitenote_active":false,"_monsterinsights_sitenote_note":"","_monsterinsights_sitenote_category":0,"site-sidebar-layout":"default","site-content-layout":"default","ast-main-header-display":"","ast-hfb-above-header-display":"","ast-hfb-below-header-display":"","ast-hfb-mobile-header-display":"","site-post-title":"","ast-breadcrumbs-content":"","ast-featured-img":"","footer-sml-layout":"","theme-transparent-header-meta":"default","adv-header-id-meta":"","stick-header-meta":"","header-above-stick-meta":"","header-main-stick-meta":"","header-below-stick-meta":""},"product_cat":[61,57,17],"product_tag":[],"yoast_head":"<!-- This site is optimized with the Yoast SEO plugin v18.6 - https:\/\/yoast.com\/wordpress\/plugins\/seo\/ -->\n<title>FRIITALA NAHKALOMPAKKO FR005C - Friitala<\/title>\n<meta name=\"robots\" content=\"index, follow, max-snippet:-1, max-image-preview:large, max-video-preview:-1\" \/>\n<link rel=\"canonical\" href=\"https:\/\/friitala.fi\/en_gb\/product\/friitala-nahkalompakko-fr005c\/\" \/>\n<meta property=\"og:locale\" content=\"en_GB\" \/>\n<meta property=\"og:type\" content=\"article\" \/>\n<meta property=\"og:title\" content=\"FRIITALA NAHKALOMPAKKO FR005C - Friitala\" \/>\n<meta property=\"og:description\" content=\"Yksityiskohdat  Koko:7 x 10 x 2 cm Pienest\u00e4 koostaan huolimatta lompakkoon mahtuu paljon tavaraa. Lompakossa on alumiininen korttikotelo, joka suojaa kortteja tehokkaasti luvattomalta skannaukselta ja fyysiselt\u00e4 kulutukselta. Kotelossa olevasta vivusta vet\u00e4m\u00e4ll\u00e4 kortit liukuvat esiin, ja oikea kortti on vaivaton poimia ilman, ett\u00e4 lompakkoa tarvitsee avata. Alumiinikoteloon mahtuu 4-5 korttia. Lompakon p\u00e4\u00e4lipuolella on my\u00f6s vetoketjullinen kolikkotasku. Korttipaikkoja l\u00f6ytyy 2 lis\u00e4\u00e4 lompakon sis\u00e4puolelta. Lompakon sis\u00e4puolella on my\u00f6s l\u00e4pin\u00e4kyv\u00e4 tasku esim. ajokortille sek\u00e4 seteliosasto. Friitala RFID-lompakot on valmistettu laadukkaista raaka-aineista.\u00a0 Materiaalit Suojakotelo alumiinia. P\u00e4\u00e4llinen ja sisus vasikannahkaa. Kest\u00e4v\u00e4 hiilikuitupinnoite. \u00a0\" \/>\n<meta property=\"og:url\" content=\"https:\/\/friitala.fi\/en_gb\/product\/friitala-nahkalompakko-fr005c\/\" \/>\n<meta property=\"og:site_name\" content=\"Friitala\" \/>\n<meta property=\"article:modified_time\" content=\"2026-04-18T09:40:47+00:00\" \/>\n<meta property=\"og:image\" content=\"http:\/\/friitala.fi\/wp-content\/uploads\/2022\/07\/FR005C-sininen2.jpg\" \/>\n\t<meta property=\"og:image:width\" content=\"700\" \/>\n\t<meta property=\"og:image:height\" content=\"700\" \/>\n\t<meta property=\"og:image:type\" content=\"image\/jpeg\" \/>\n<meta name=\"twitter:card\" content=\"summary_large_image\" \/>\n<script type=\"application\/ld+json\" class=\"yoast-schema-graph\">{\"@context\":\"https:\/\/schema.org\",\"@graph\":[{\"@type\":\"WebSite\",\"@id\":\"https:\/\/friitala.fi\/en_gb\/#website\",\"url\":\"https:\/\/friitala.fi\/en_gb\/\",\"name\":\"Friitala\",\"description\":\"Friitala\",\"potentialAction\":[{\"@type\":\"SearchAction\",\"target\":{\"@type\":\"EntryPoint\",\"urlTemplate\":\"https:\/\/friitala.fi\/en_gb\/?s={search_term_string}\"},\"query-input\":\"required name=search_term_string\"}],\"inLanguage\":\"en-GB\"},{\"@type\":\"ImageObject\",\"@id\":\"https:\/\/friitala.fi\/product\/friitala-nahkalompakko-fr005c\/#primaryimage\",\"inLanguage\":\"en-GB\",\"url\":\"https:\/\/friitala.fi\/wp-content\/uploads\/2022\/07\/FR005C-sininen2.jpg\",\"contentUrl\":\"https:\/\/friitala.fi\/wp-content\/uploads\/2022\/07\/FR005C-sininen2.jpg\",\"width\":700,\"height\":700},{\"@type\":\"WebPage\",\"@id\":\"https:\/\/friitala.fi\/product\/friitala-nahkalompakko-fr005c\/#webpage\",\"url\":\"https:\/\/friitala.fi\/product\/friitala-nahkalompakko-fr005c\/\",\"name\":\"FRIITALA NAHKALOMPAKKO FR005C - Friitala\",\"isPartOf\":{\"@id\":\"https:\/\/friitala.fi\/en_gb\/#website\"},\"primaryImageOfPage\":{\"@id\":\"https:\/\/friitala.fi\/product\/friitala-nahkalompakko-fr005c\/#primaryimage\"},\"datePublished\":\"2022-07-11T18:30:12+00:00\",\"dateModified\":\"2026-04-18T09:40:47+00:00\",\"breadcrumb\":{\"@id\":\"https:\/\/friitala.fi\/product\/friitala-nahkalompakko-fr005c\/#breadcrumb\"},\"inLanguage\":\"en-GB\",\"potentialAction\":[{\"@type\":\"ReadAction\",\"target\":[\"https:\/\/friitala.fi\/product\/friitala-nahkalompakko-fr005c\/\"]}]},{\"@type\":\"BreadcrumbList\",\"@id\":\"https:\/\/friitala.fi\/product\/friitala-nahkalompakko-fr005c\/#breadcrumb\",\"itemListElement\":[{\"@type\":\"ListItem\",\"position\":1,\"name\":\"Etusivu\",\"item\":\"https:\/\/friitala.fi\/\"},{\"@type\":\"ListItem\",\"position\":2,\"name\":\"Shop\",\"item\":\"https:\/\/friitala.fi\/en_gb\/shop\/\"},{\"@type\":\"ListItem\",\"position\":3,\"name\":\"FRIITALA NAHKALOMPAKKO FR005C\"}]}]}<\/script>\n<!-- \/ Yoast SEO plugin. -->","yoast_head_json":{"title":"FRIITALA NAHKALOMPAKKO FR005C - Friitala","robots":{"index":"index","follow":"follow","max-snippet":"max-snippet:-1","max-image-preview":"max-image-preview:large","max-video-preview":"max-video-preview:-1"},"canonical":"https:\/\/friitala.fi\/en_gb\/product\/friitala-nahkalompakko-fr005c\/","og_locale":"en_GB","og_type":"article","og_title":"FRIITALA NAHKALOMPAKKO FR005C - Friitala","og_description":"Yksityiskohdat  Koko:7 x 10 x 2 cm Pienest\u00e4 koostaan huolimatta lompakkoon mahtuu paljon tavaraa. Lompakossa on alumiininen korttikotelo, joka suojaa kortteja tehokkaasti luvattomalta skannaukselta ja fyysiselt\u00e4 kulutukselta. Kotelossa olevasta vivusta vet\u00e4m\u00e4ll\u00e4 kortit liukuvat esiin, ja oikea kortti on vaivaton poimia ilman, ett\u00e4 lompakkoa tarvitsee avata. Alumiinikoteloon mahtuu 4-5 korttia. Lompakon p\u00e4\u00e4lipuolella on my\u00f6s vetoketjullinen kolikkotasku. Korttipaikkoja l\u00f6ytyy 2 lis\u00e4\u00e4 lompakon sis\u00e4puolelta. Lompakon sis\u00e4puolella on my\u00f6s l\u00e4pin\u00e4kyv\u00e4 tasku esim. ajokortille sek\u00e4 seteliosasto. Friitala RFID-lompakot on valmistettu laadukkaista raaka-aineista.\u00a0 Materiaalit Suojakotelo alumiinia. P\u00e4\u00e4llinen ja sisus vasikannahkaa. Kest\u00e4v\u00e4 hiilikuitupinnoite. \u00a0","og_url":"https:\/\/friitala.fi\/en_gb\/product\/friitala-nahkalompakko-fr005c\/","og_site_name":"Friitala","article_modified_time":"2026-04-18T09:40:47+00:00","og_image":[{"width":700,"height":700,"url":"http:\/\/friitala.fi\/wp-content\/uploads\/2022\/07\/FR005C-sininen2.jpg","type":"image\/jpeg"}],"twitter_card":"summary_large_image","schema":{"@context":"https:\/\/schema.org","@graph":[{"@type":"WebSite","@id":"https:\/\/friitala.fi\/en_gb\/#website","url":"https:\/\/friitala.fi\/en_gb\/","name":"Friitala","description":"Friitala","potentialAction":[{"@type":"SearchAction","target":{"@type":"EntryPoint","urlTemplate":"https:\/\/friitala.fi\/en_gb\/?s={search_term_string}"},"query-input":"required name=search_term_string"}],"inLanguage":"en-GB"},{"@type":"ImageObject","@id":"https:\/\/friitala.fi\/product\/friitala-nahkalompakko-fr005c\/#primaryimage","inLanguage":"en-GB","url":"https:\/\/friitala.fi\/wp-content\/uploads\/2022\/07\/FR005C-sininen2.jpg","contentUrl":"https:\/\/friitala.fi\/wp-content\/uploads\/2022\/07\/FR005C-sininen2.jpg","width":700,"height":700},{"@type":"WebPage","@id":"https:\/\/friitala.fi\/product\/friitala-nahkalompakko-fr005c\/#webpage","url":"https:\/\/friitala.fi\/product\/friitala-nahkalompakko-fr005c\/","name":"FRIITALA NAHKALOMPAKKO FR005C - Friitala","isPartOf":{"@id":"https:\/\/friitala.fi\/en_gb\/#website"},"primaryImageOfPage":{"@id":"https:\/\/friitala.fi\/product\/friitala-nahkalompakko-fr005c\/#primaryimage"},"datePublished":"2022-07-11T18:30:12+00:00","dateModified":"2026-04-18T09:40:47+00:00","breadcrumb":{"@id":"https:\/\/friitala.fi\/product\/friitala-nahkalompakko-fr005c\/#breadcrumb"},"inLanguage":"en-GB","potentialAction":[{"@type":"ReadAction","target":["https:\/\/friitala.fi\/product\/friitala-nahkalompakko-fr005c\/"]}]},{"@type":"BreadcrumbList","@id":"https:\/\/friitala.fi\/product\/friitala-nahkalompakko-fr005c\/#breadcrumb","itemListElement":[{"@type":"ListItem","position":1,"name":"Etusivu","item":"https:\/\/friitala.fi\/"},{"@type":"ListItem","position":2,"name":"Shop","item":"https:\/\/friitala.fi\/en_gb\/shop\/"},{"@type":"ListItem","position":3,"name":"FRIITALA NAHKALOMPAKKO FR005C"}]}]}},"_links":{"self":[{"href":"https:\/\/friitala.fi\/en_gb\/wp-json\/wp\/v2\/product\/6588"}],"collection":[{"href":"https:\/\/friitala.fi\/en_gb\/wp-json\/wp\/v2\/product"}],"about":[{"href":"https:\/\/friitala.fi\/en_gb\/wp-json\/wp\/v2\/types\/product"}],"wp:featuredmedia":[{"embeddable":true,"href":"https:\/\/friitala.fi\/en_gb\/wp-json\/wp\/v2\/media\/6635"}],"wp:attachment":[{"href":"https:\/\/friitala.fi\/en_gb\/wp-json\/wp\/v2\/media?parent=6588"}],"wp:term":[{"taxonomy":"product_cat","embeddable":true,"href":"https:\/\/friitala.fi\/en_gb\/wp-json\/wp\/v2\/product_cat?post=6588"},{"taxonomy":"product_tag","embeddable":true,"href":"https:\/\/friitala.fi\/en_gb\/wp-json\/wp\/v2\/product_tag?post=6588"}],"curies":[{"name":"wp","href":"https:\/\/api.w.org\/{rel}","templated":true}]}}