{"id":5983,"date":"2022-04-21T17:46:34","date_gmt":"2022-04-21T17:46:34","guid":{"rendered":"https:\/\/friitala.fi\/?post_type=product&#038;p=5983"},"modified":"2026-02-24T15:25:44","modified_gmt":"2026-02-24T15:25:44","slug":"nahkasalkku-1817","status":"publish","type":"product","link":"https:\/\/friitala.fi\/en_gb\/product\/nahkasalkku-1817\/","title":{"rendered":"1817 LEATHER BAG"},"content":{"rendered":"","protected":false},"excerpt":{"rendered":"<p class=\"\"><span class=\"\">Laadukas tilava salkku, jossa paljon taskuja ja lokeroita. Sopii kannettavalle tietokoneelle ja asiakirjoille<\/span><\/p>\n<p class=\"\"><span class=\"\"><b class=\"\">Yksityiskohdat<\/b><br class=\"\" \/>P\u00e4\u00e4lt\u00e4 vetoketjulla p\u00e4\u00e4lt\u00e4 aukeava.<br \/>\nSivulla molemmin puolin vetoketjullinen suuri tasku.<br \/>\n<\/span>Sis\u00e4ll\u00e4\u00a0 suuri avotasku, pienempi avotasku, vetoketjullinen tasku sek\u00e4 2 kyn\u00e4paikkaa.<br \/>\nIrrotettava ja s\u00e4\u00e4dett\u00e4v\u00e4 nahkavahvisteinen olkaremmi.<span class=\"\"><br class=\"\" \/>Koko:38x30x9 cm. Remmin leveys: 4 cm.<\/span><\/p>\n<p class=\"\"><span class=\"\"><b class=\"\">Materiaalit<br class=\"\" \/><\/b>Vasikan nahka<br class=\"\" \/>Vuori ja remmin sis\u00e4osa:PES<\/span><\/p>","protected":false},"featured_media":6277,"template":"","meta":{"_monsterinsights_skip_tracking":false,"_monsterinsights_sitenote_active":false,"_monsterinsights_sitenote_note":"","_monsterinsights_sitenote_category":0,"site-sidebar-layout":"default","site-content-layout":"default","ast-main-header-display":"","ast-hfb-above-header-display":"","ast-hfb-below-header-display":"","ast-hfb-mobile-header-display":"","site-post-title":"","ast-breadcrumbs-content":"","ast-featured-img":"","footer-sml-layout":"","theme-transparent-header-meta":"default","adv-header-id-meta":"","stick-header-meta":"","header-above-stick-meta":"","header-main-stick-meta":"","header-below-stick-meta":""},"product_cat":[59,55,17],"product_tag":[],"yoast_head":"<!-- This site is optimized with the Yoast SEO plugin v18.6 - https:\/\/yoast.com\/wordpress\/plugins\/seo\/ -->\n<title>NAHKASALKKU 1817 - Friitala<\/title>\n<meta name=\"robots\" content=\"index, follow, max-snippet:-1, max-image-preview:large, max-video-preview:-1\" \/>\n<link rel=\"canonical\" href=\"https:\/\/friitala.fi\/en_gb\/product\/nahkasalkku-1817\/\" \/>\n<meta property=\"og:locale\" content=\"en_GB\" \/>\n<meta property=\"og:type\" content=\"article\" \/>\n<meta property=\"og:title\" content=\"NAHKASALKKU 1817 - Friitala\" \/>\n<meta property=\"og:description\" content=\"Laadukas tilava salkku, jossa paljon taskuja ja lokeroita. Sopii kannettavalle tietokoneelle ja asiakirjoille YksityiskohdatP\u00e4\u00e4lt\u00e4 vetoketjulla p\u00e4\u00e4lt\u00e4 aukeava. Sivulla molemmin puolin vetoketjullinen suuri tasku. Sis\u00e4ll\u00e4\u00a0 suuri avotasku, pienempi avotasku, vetoketjullinen tasku sek\u00e4 2 kyn\u00e4paikkaa. Irrotettava ja s\u00e4\u00e4dett\u00e4v\u00e4 nahkavahvisteinen olkaremmi.Koko:38x30x9 cm. Remmin leveys: 4 cm. MateriaalitVasikan nahkaVuori ja remmin sis\u00e4osa:PES\" \/>\n<meta property=\"og:url\" content=\"https:\/\/friitala.fi\/en_gb\/product\/nahkasalkku-1817\/\" \/>\n<meta property=\"og:site_name\" content=\"Friitala\" \/>\n<meta property=\"article:modified_time\" content=\"2026-02-24T15:25:44+00:00\" \/>\n<meta property=\"og:image\" content=\"https:\/\/friitala.fi\/wp-content\/uploads\/2022\/04\/1817_0005_untitled-4915.jpg\" \/>\n\t<meta property=\"og:image:width\" content=\"1071\" \/>\n\t<meta property=\"og:image:height\" content=\"1500\" \/>\n\t<meta property=\"og:image:type\" content=\"image\/jpeg\" \/>\n<meta name=\"twitter:card\" content=\"summary_large_image\" \/>\n<script type=\"application\/ld+json\" class=\"yoast-schema-graph\">{\"@context\":\"https:\/\/schema.org\",\"@graph\":[{\"@type\":\"WebSite\",\"@id\":\"https:\/\/friitala.fi\/en_gb\/#website\",\"url\":\"https:\/\/friitala.fi\/en_gb\/\",\"name\":\"Friitala\",\"description\":\"Friitala\",\"potentialAction\":[{\"@type\":\"SearchAction\",\"target\":{\"@type\":\"EntryPoint\",\"urlTemplate\":\"https:\/\/friitala.fi\/en_gb\/?s={search_term_string}\"},\"query-input\":\"required name=search_term_string\"}],\"inLanguage\":\"en-GB\"},{\"@type\":\"ImageObject\",\"@id\":\"https:\/\/friitala.fi\/en_gb\/product\/nahkasalkku-1817\/#primaryimage\",\"inLanguage\":\"en-GB\",\"url\":\"https:\/\/friitala.fi\/wp-content\/uploads\/2022\/04\/1817_0005_untitled-4915.jpg\",\"contentUrl\":\"https:\/\/friitala.fi\/wp-content\/uploads\/2022\/04\/1817_0005_untitled-4915.jpg\",\"width\":1071,\"height\":1500},{\"@type\":\"WebPage\",\"@id\":\"https:\/\/friitala.fi\/en_gb\/product\/nahkasalkku-1817\/#webpage\",\"url\":\"https:\/\/friitala.fi\/en_gb\/product\/nahkasalkku-1817\/\",\"name\":\"NAHKASALKKU 1817 - Friitala\",\"isPartOf\":{\"@id\":\"https:\/\/friitala.fi\/en_gb\/#website\"},\"primaryImageOfPage\":{\"@id\":\"https:\/\/friitala.fi\/en_gb\/product\/nahkasalkku-1817\/#primaryimage\"},\"datePublished\":\"2022-04-21T17:46:34+00:00\",\"dateModified\":\"2026-02-24T15:25:44+00:00\",\"breadcrumb\":{\"@id\":\"https:\/\/friitala.fi\/en_gb\/product\/nahkasalkku-1817\/#breadcrumb\"},\"inLanguage\":\"en-GB\",\"potentialAction\":[{\"@type\":\"ReadAction\",\"target\":[\"https:\/\/friitala.fi\/en_gb\/product\/nahkasalkku-1817\/\"]}]},{\"@type\":\"BreadcrumbList\",\"@id\":\"https:\/\/friitala.fi\/en_gb\/product\/nahkasalkku-1817\/#breadcrumb\",\"itemListElement\":[{\"@type\":\"ListItem\",\"position\":1,\"name\":\"Etusivu\",\"item\":\"https:\/\/friitala.fi\/\"},{\"@type\":\"ListItem\",\"position\":2,\"name\":\"Shop\",\"item\":\"https:\/\/friitala.fi\/en_gb\/shop\/\"},{\"@type\":\"ListItem\",\"position\":3,\"name\":\"NAHKASALKKU 1817\"}]}]}<\/script>\n<!-- \/ Yoast SEO plugin. -->","yoast_head_json":{"title":"NAHKASALKKU 1817 - Friitala","robots":{"index":"index","follow":"follow","max-snippet":"max-snippet:-1","max-image-preview":"max-image-preview:large","max-video-preview":"max-video-preview:-1"},"canonical":"https:\/\/friitala.fi\/en_gb\/product\/nahkasalkku-1817\/","og_locale":"en_GB","og_type":"article","og_title":"NAHKASALKKU 1817 - Friitala","og_description":"Laadukas tilava salkku, jossa paljon taskuja ja lokeroita. Sopii kannettavalle tietokoneelle ja asiakirjoille YksityiskohdatP\u00e4\u00e4lt\u00e4 vetoketjulla p\u00e4\u00e4lt\u00e4 aukeava. Sivulla molemmin puolin vetoketjullinen suuri tasku. Sis\u00e4ll\u00e4\u00a0 suuri avotasku, pienempi avotasku, vetoketjullinen tasku sek\u00e4 2 kyn\u00e4paikkaa. Irrotettava ja s\u00e4\u00e4dett\u00e4v\u00e4 nahkavahvisteinen olkaremmi.Koko:38x30x9 cm. Remmin leveys: 4 cm. MateriaalitVasikan nahkaVuori ja remmin sis\u00e4osa:PES","og_url":"https:\/\/friitala.fi\/en_gb\/product\/nahkasalkku-1817\/","og_site_name":"Friitala","article_modified_time":"2026-02-24T15:25:44+00:00","og_image":[{"width":1071,"height":1500,"url":"https:\/\/friitala.fi\/wp-content\/uploads\/2022\/04\/1817_0005_untitled-4915.jpg","type":"image\/jpeg"}],"twitter_card":"summary_large_image","schema":{"@context":"https:\/\/schema.org","@graph":[{"@type":"WebSite","@id":"https:\/\/friitala.fi\/en_gb\/#website","url":"https:\/\/friitala.fi\/en_gb\/","name":"Friitala","description":"Friitala","potentialAction":[{"@type":"SearchAction","target":{"@type":"EntryPoint","urlTemplate":"https:\/\/friitala.fi\/en_gb\/?s={search_term_string}"},"query-input":"required name=search_term_string"}],"inLanguage":"en-GB"},{"@type":"ImageObject","@id":"https:\/\/friitala.fi\/en_gb\/product\/nahkasalkku-1817\/#primaryimage","inLanguage":"en-GB","url":"https:\/\/friitala.fi\/wp-content\/uploads\/2022\/04\/1817_0005_untitled-4915.jpg","contentUrl":"https:\/\/friitala.fi\/wp-content\/uploads\/2022\/04\/1817_0005_untitled-4915.jpg","width":1071,"height":1500},{"@type":"WebPage","@id":"https:\/\/friitala.fi\/en_gb\/product\/nahkasalkku-1817\/#webpage","url":"https:\/\/friitala.fi\/en_gb\/product\/nahkasalkku-1817\/","name":"NAHKASALKKU 1817 - Friitala","isPartOf":{"@id":"https:\/\/friitala.fi\/en_gb\/#website"},"primaryImageOfPage":{"@id":"https:\/\/friitala.fi\/en_gb\/product\/nahkasalkku-1817\/#primaryimage"},"datePublished":"2022-04-21T17:46:34+00:00","dateModified":"2026-02-24T15:25:44+00:00","breadcrumb":{"@id":"https:\/\/friitala.fi\/en_gb\/product\/nahkasalkku-1817\/#breadcrumb"},"inLanguage":"en-GB","potentialAction":[{"@type":"ReadAction","target":["https:\/\/friitala.fi\/en_gb\/product\/nahkasalkku-1817\/"]}]},{"@type":"BreadcrumbList","@id":"https:\/\/friitala.fi\/en_gb\/product\/nahkasalkku-1817\/#breadcrumb","itemListElement":[{"@type":"ListItem","position":1,"name":"Etusivu","item":"https:\/\/friitala.fi\/"},{"@type":"ListItem","position":2,"name":"Shop","item":"https:\/\/friitala.fi\/en_gb\/shop\/"},{"@type":"ListItem","position":3,"name":"NAHKASALKKU 1817"}]}]}},"_links":{"self":[{"href":"https:\/\/friitala.fi\/en_gb\/wp-json\/wp\/v2\/product\/5983"}],"collection":[{"href":"https:\/\/friitala.fi\/en_gb\/wp-json\/wp\/v2\/product"}],"about":[{"href":"https:\/\/friitala.fi\/en_gb\/wp-json\/wp\/v2\/types\/product"}],"wp:featuredmedia":[{"embeddable":true,"href":"https:\/\/friitala.fi\/en_gb\/wp-json\/wp\/v2\/media\/6277"}],"wp:attachment":[{"href":"https:\/\/friitala.fi\/en_gb\/wp-json\/wp\/v2\/media?parent=5983"}],"wp:term":[{"taxonomy":"product_cat","embeddable":true,"href":"https:\/\/friitala.fi\/en_gb\/wp-json\/wp\/v2\/product_cat?post=5983"},{"taxonomy":"product_tag","embeddable":true,"href":"https:\/\/friitala.fi\/en_gb\/wp-json\/wp\/v2\/product_tag?post=5983"}],"curies":[{"name":"wp","href":"https:\/\/api.w.org\/{rel}","templated":true}]}}