{"id":5625,"date":"2022-04-17T18:48:01","date_gmt":"2022-04-17T18:48:01","guid":{"rendered":"https:\/\/friitala.fi\/?post_type=product&#038;p=5625"},"modified":"2026-01-17T12:32:08","modified_gmt":"2026-01-17T12:32:08","slug":"f4115-nahkareppu","status":"publish","type":"product","link":"https:\/\/friitala.fi\/en_gb\/product\/f4115-nahkareppu\/","title":{"rendered":"F4115 LEATHER BACKPACK"},"content":{"rendered":"","protected":false},"excerpt":{"rendered":"<p class=\"\"><span class=\"\">Upea nahkareppu, joka toimii my\u00f6s olkalaukkuna. Nahassa upea viimeistely.<\/span><\/p>\n<p class=\"\"><span class=\"\"><b class=\"\">Yksityiskohdat<br \/>\n<\/b><\/span><span class=\"\">Koko: 28x30x13 cm (leveys*korkeus*pohja)<br \/>\nVetoketjukiinnitys, alas asti aukeneva, kaksi vedint\u00e4.<br \/>\nEdess\u00e4 tilava tasku.<br \/>\n<\/span><span class=\"\">Sis\u00e4ll\u00e4: suuri vetoketjullinen tilanjakajatasku, 1 pienempi vetoketjutasku sek\u00e4 avotasku<br \/>\n<\/span><\/p>\n<p class=\"\"><span class=\"\"><b class=\"\">Materiaalit<br class=\"\" \/><\/b>Vasikannahka<br class=\"\" \/>Vuori: vaalea tekstiili<\/span><\/p>","protected":false},"featured_media":6103,"template":"","meta":{"_monsterinsights_skip_tracking":false,"_monsterinsights_sitenote_active":false,"_monsterinsights_sitenote_note":"","_monsterinsights_sitenote_category":0,"site-sidebar-layout":"default","site-content-layout":"default","ast-main-header-display":"","ast-hfb-above-header-display":"","ast-hfb-below-header-display":"","ast-hfb-mobile-header-display":"","site-post-title":"","ast-breadcrumbs-content":"","ast-featured-img":"","footer-sml-layout":"","theme-transparent-header-meta":"default","adv-header-id-meta":"","stick-header-meta":"","header-above-stick-meta":"","header-main-stick-meta":"","header-below-stick-meta":""},"product_cat":[55,17],"product_tag":[],"yoast_head":"<!-- This site is optimized with the Yoast SEO plugin v18.6 - https:\/\/yoast.com\/wordpress\/plugins\/seo\/ -->\n<title>F4115 NAHKAREPPU - Friitala<\/title>\n<meta name=\"robots\" content=\"index, follow, max-snippet:-1, max-image-preview:large, max-video-preview:-1\" \/>\n<link rel=\"canonical\" href=\"https:\/\/friitala.fi\/en_gb\/product\/f4115-nahkareppu\/\" \/>\n<meta property=\"og:locale\" content=\"en_GB\" \/>\n<meta property=\"og:type\" content=\"article\" \/>\n<meta property=\"og:title\" content=\"F4115 NAHKAREPPU - Friitala\" \/>\n<meta property=\"og:description\" content=\"Upea nahkareppu, joka toimii my\u00f6s olkalaukkuna. Nahassa upea viimeistely. Yksityiskohdat Koko: 28x30x13 cm (leveys*korkeus*pohja) Vetoketjukiinnitys, alas asti aukeneva, kaksi vedint\u00e4. Edess\u00e4 tilava tasku. Sis\u00e4ll\u00e4: suuri vetoketjullinen tilanjakajatasku, 1 pienempi vetoketjutasku sek\u00e4 avotasku  MateriaalitVasikannahkaVuori: vaalea tekstiili\" \/>\n<meta property=\"og:url\" content=\"https:\/\/friitala.fi\/en_gb\/product\/f4115-nahkareppu\/\" \/>\n<meta property=\"og:site_name\" content=\"Friitala\" \/>\n<meta property=\"article:modified_time\" content=\"2026-01-17T12:32:08+00:00\" \/>\n<meta property=\"og:image\" content=\"https:\/\/friitala.fi\/wp-content\/uploads\/2022\/04\/f4115_0007_untitled-4936.jpg\" \/>\n\t<meta property=\"og:image:width\" content=\"1071\" \/>\n\t<meta property=\"og:image:height\" content=\"1500\" \/>\n\t<meta property=\"og:image:type\" content=\"image\/jpeg\" \/>\n<meta name=\"twitter:card\" content=\"summary_large_image\" \/>\n<script type=\"application\/ld+json\" class=\"yoast-schema-graph\">{\"@context\":\"https:\/\/schema.org\",\"@graph\":[{\"@type\":\"WebSite\",\"@id\":\"https:\/\/friitala.fi\/en_gb\/#website\",\"url\":\"https:\/\/friitala.fi\/en_gb\/\",\"name\":\"Friitala\",\"description\":\"Friitala\",\"potentialAction\":[{\"@type\":\"SearchAction\",\"target\":{\"@type\":\"EntryPoint\",\"urlTemplate\":\"https:\/\/friitala.fi\/en_gb\/?s={search_term_string}\"},\"query-input\":\"required name=search_term_string\"}],\"inLanguage\":\"en-GB\"},{\"@type\":\"ImageObject\",\"@id\":\"https:\/\/friitala.fi\/en_gb\/product\/f4115-nahkareppu\/#primaryimage\",\"inLanguage\":\"en-GB\",\"url\":\"https:\/\/friitala.fi\/wp-content\/uploads\/2022\/04\/f4115_0007_untitled-4936.jpg\",\"contentUrl\":\"https:\/\/friitala.fi\/wp-content\/uploads\/2022\/04\/f4115_0007_untitled-4936.jpg\",\"width\":1071,\"height\":1500},{\"@type\":\"WebPage\",\"@id\":\"https:\/\/friitala.fi\/en_gb\/product\/f4115-nahkareppu\/#webpage\",\"url\":\"https:\/\/friitala.fi\/en_gb\/product\/f4115-nahkareppu\/\",\"name\":\"F4115 NAHKAREPPU - Friitala\",\"isPartOf\":{\"@id\":\"https:\/\/friitala.fi\/en_gb\/#website\"},\"primaryImageOfPage\":{\"@id\":\"https:\/\/friitala.fi\/en_gb\/product\/f4115-nahkareppu\/#primaryimage\"},\"datePublished\":\"2022-04-17T18:48:01+00:00\",\"dateModified\":\"2026-01-17T12:32:08+00:00\",\"breadcrumb\":{\"@id\":\"https:\/\/friitala.fi\/en_gb\/product\/f4115-nahkareppu\/#breadcrumb\"},\"inLanguage\":\"en-GB\",\"potentialAction\":[{\"@type\":\"ReadAction\",\"target\":[\"https:\/\/friitala.fi\/en_gb\/product\/f4115-nahkareppu\/\"]}]},{\"@type\":\"BreadcrumbList\",\"@id\":\"https:\/\/friitala.fi\/en_gb\/product\/f4115-nahkareppu\/#breadcrumb\",\"itemListElement\":[{\"@type\":\"ListItem\",\"position\":1,\"name\":\"Etusivu\",\"item\":\"https:\/\/friitala.fi\/\"},{\"@type\":\"ListItem\",\"position\":2,\"name\":\"Shop\",\"item\":\"https:\/\/friitala.fi\/en_gb\/shop\/\"},{\"@type\":\"ListItem\",\"position\":3,\"name\":\"F4115 NAHKAREPPU\"}]}]}<\/script>\n<!-- \/ Yoast SEO plugin. -->","yoast_head_json":{"title":"F4115 NAHKAREPPU - Friitala","robots":{"index":"index","follow":"follow","max-snippet":"max-snippet:-1","max-image-preview":"max-image-preview:large","max-video-preview":"max-video-preview:-1"},"canonical":"https:\/\/friitala.fi\/en_gb\/product\/f4115-nahkareppu\/","og_locale":"en_GB","og_type":"article","og_title":"F4115 NAHKAREPPU - Friitala","og_description":"Upea nahkareppu, joka toimii my\u00f6s olkalaukkuna. Nahassa upea viimeistely. Yksityiskohdat Koko: 28x30x13 cm (leveys*korkeus*pohja) Vetoketjukiinnitys, alas asti aukeneva, kaksi vedint\u00e4. Edess\u00e4 tilava tasku. Sis\u00e4ll\u00e4: suuri vetoketjullinen tilanjakajatasku, 1 pienempi vetoketjutasku sek\u00e4 avotasku  MateriaalitVasikannahkaVuori: vaalea tekstiili","og_url":"https:\/\/friitala.fi\/en_gb\/product\/f4115-nahkareppu\/","og_site_name":"Friitala","article_modified_time":"2026-01-17T12:32:08+00:00","og_image":[{"width":1071,"height":1500,"url":"https:\/\/friitala.fi\/wp-content\/uploads\/2022\/04\/f4115_0007_untitled-4936.jpg","type":"image\/jpeg"}],"twitter_card":"summary_large_image","schema":{"@context":"https:\/\/schema.org","@graph":[{"@type":"WebSite","@id":"https:\/\/friitala.fi\/en_gb\/#website","url":"https:\/\/friitala.fi\/en_gb\/","name":"Friitala","description":"Friitala","potentialAction":[{"@type":"SearchAction","target":{"@type":"EntryPoint","urlTemplate":"https:\/\/friitala.fi\/en_gb\/?s={search_term_string}"},"query-input":"required name=search_term_string"}],"inLanguage":"en-GB"},{"@type":"ImageObject","@id":"https:\/\/friitala.fi\/en_gb\/product\/f4115-nahkareppu\/#primaryimage","inLanguage":"en-GB","url":"https:\/\/friitala.fi\/wp-content\/uploads\/2022\/04\/f4115_0007_untitled-4936.jpg","contentUrl":"https:\/\/friitala.fi\/wp-content\/uploads\/2022\/04\/f4115_0007_untitled-4936.jpg","width":1071,"height":1500},{"@type":"WebPage","@id":"https:\/\/friitala.fi\/en_gb\/product\/f4115-nahkareppu\/#webpage","url":"https:\/\/friitala.fi\/en_gb\/product\/f4115-nahkareppu\/","name":"F4115 NAHKAREPPU - Friitala","isPartOf":{"@id":"https:\/\/friitala.fi\/en_gb\/#website"},"primaryImageOfPage":{"@id":"https:\/\/friitala.fi\/en_gb\/product\/f4115-nahkareppu\/#primaryimage"},"datePublished":"2022-04-17T18:48:01+00:00","dateModified":"2026-01-17T12:32:08+00:00","breadcrumb":{"@id":"https:\/\/friitala.fi\/en_gb\/product\/f4115-nahkareppu\/#breadcrumb"},"inLanguage":"en-GB","potentialAction":[{"@type":"ReadAction","target":["https:\/\/friitala.fi\/en_gb\/product\/f4115-nahkareppu\/"]}]},{"@type":"BreadcrumbList","@id":"https:\/\/friitala.fi\/en_gb\/product\/f4115-nahkareppu\/#breadcrumb","itemListElement":[{"@type":"ListItem","position":1,"name":"Etusivu","item":"https:\/\/friitala.fi\/"},{"@type":"ListItem","position":2,"name":"Shop","item":"https:\/\/friitala.fi\/en_gb\/shop\/"},{"@type":"ListItem","position":3,"name":"F4115 NAHKAREPPU"}]}]}},"_links":{"self":[{"href":"https:\/\/friitala.fi\/en_gb\/wp-json\/wp\/v2\/product\/5625"}],"collection":[{"href":"https:\/\/friitala.fi\/en_gb\/wp-json\/wp\/v2\/product"}],"about":[{"href":"https:\/\/friitala.fi\/en_gb\/wp-json\/wp\/v2\/types\/product"}],"wp:featuredmedia":[{"embeddable":true,"href":"https:\/\/friitala.fi\/en_gb\/wp-json\/wp\/v2\/media\/6103"}],"wp:attachment":[{"href":"https:\/\/friitala.fi\/en_gb\/wp-json\/wp\/v2\/media?parent=5625"}],"wp:term":[{"taxonomy":"product_cat","embeddable":true,"href":"https:\/\/friitala.fi\/en_gb\/wp-json\/wp\/v2\/product_cat?post=5625"},{"taxonomy":"product_tag","embeddable":true,"href":"https:\/\/friitala.fi\/en_gb\/wp-json\/wp\/v2\/product_tag?post=5625"}],"curies":[{"name":"wp","href":"https:\/\/api.w.org\/{rel}","templated":true}]}}