{"id":1727,"date":"2022-03-07T06:25:15","date_gmt":"2022-03-07T06:25:15","guid":{"rendered":"http:\/\/friitala.fi\/?post_type=product&#038;p=1727"},"modified":"2026-04-19T09:55:40","modified_gmt":"2026-04-19T09:55:40","slug":"nahkalompakko-2","status":"publish","type":"product","link":"https:\/\/friitala.fi\/en_gb\/product\/nahkalompakko-2\/","title":{"rendered":"FR001 FRIITALA CARD WALLET"},"content":{"rendered":"","protected":false},"excerpt":{"rendered":"<div class=\"row\">\n<div class=\"col-xs-12 col-sm-6 col-md-6 col-lg-7\">\n<div class=\"product-collateral\">\n<div class=\"tab-content\">\n<div id=\"tab_description\" class=\"tab-pane active\">\n<div class=\"std\">\n<p>Laadukas nahkainen RFID-suojattu korttilompakko .<\/p>\n<\/div>\n<\/div>\n<\/div>\n<\/div>\n<\/div>\n<\/div>\n<div class=\"row\">\n<div class=\"row\">\n<div class=\"col-xs-12 col-sm-6 col-md-6 col-lg-7\">\n<div class=\"product-collateral\">\n<div class=\"tab-content\">\n<div id=\"tab_long_description\" class=\"tab-pane active\">\n<div class=\"std\">\n<p class=\"tab-title\"><strong>Yksityiskohdat<br \/>\n<\/strong>Koko:6,5 x 10 x1,5 cm<br \/>\nPienest\u00e4 koostaan huolimatta lompakkoon mahtuu paljon tavaraa. Lompakon sis\u00e4ll\u00e4 on alumiininen korttikotelo, joka suojaa kortteja tehokkaasti luvattomalta skannaukselta ja fyysiselt\u00e4 kulutukselta. Kotelossa olevasta vivusta vet\u00e4m\u00e4ll\u00e4 kortit liukuvat esiin, ja oikea kortti on vaivaton poimia. Alumiinikoteloon mahtuu 4-5 korttia. Korttipaikkoja l\u00f6ytyy lis\u00e4\u00e4 aluminikotelon ymp\u00e4rill\u00e4 olevasta nepparilla kiinnittyv\u00e4st\u00e4 nahkakotelosta. Lompakon sis\u00e4ll\u00e4 on my\u00f6s tilaa muutamalle taitetulle setelille. Friitala RFID-lompakot on valmistettu laadukkaista raaka-aineista.<\/p>\n<p><strong style=\"font-size: 16px;\">Materiaalit<br \/>\n<\/strong><span style=\"font-size: 16px;\">Suojakotelo alumiinia. P\u00e4\u00e4llinen ja sisus vasikannahkaa.<\/span><\/p>\n<\/div>\n<div class=\"row\"><\/div>\n<\/div>\n<\/div>\n<\/div>\n<\/div>\n<\/div>\n<div class=\"row\"><\/div>\n<\/div>","protected":false},"featured_media":1746,"template":"","meta":{"_monsterinsights_skip_tracking":false,"_monsterinsights_sitenote_active":false,"_monsterinsights_sitenote_note":"","_monsterinsights_sitenote_category":0,"site-sidebar-layout":"default","site-content-layout":"default","ast-main-header-display":"","ast-hfb-above-header-display":"","ast-hfb-below-header-display":"","ast-hfb-mobile-header-display":"","site-post-title":"","ast-breadcrumbs-content":"","ast-featured-img":"","footer-sml-layout":"","theme-transparent-header-meta":"default","adv-header-id-meta":"","stick-header-meta":"","header-above-stick-meta":"","header-main-stick-meta":"","header-below-stick-meta":""},"product_cat":[61,57,17],"product_tag":[],"yoast_head":"<!-- This site is optimized with the Yoast SEO plugin v18.6 - https:\/\/yoast.com\/wordpress\/plugins\/seo\/ -->\n<title>FR001 FRIITALA KORTTILOMPAKKO - Friitala<\/title>\n<meta name=\"robots\" content=\"index, follow, max-snippet:-1, max-image-preview:large, max-video-preview:-1\" \/>\n<link rel=\"canonical\" href=\"https:\/\/friitala.fi\/en_gb\/product\/nahkalompakko-2\/\" \/>\n<meta property=\"og:locale\" content=\"en_GB\" \/>\n<meta property=\"og:type\" content=\"article\" \/>\n<meta property=\"og:title\" content=\"FR001 FRIITALA KORTTILOMPAKKO - Friitala\" \/>\n<meta property=\"og:description\" content=\"Laadukas nahkainen RFID-suojattu korttilompakko .               Yksityiskohdat Koko:6,5 x 10 x1,5 cm Pienest\u00e4 koostaan huolimatta lompakkoon mahtuu paljon tavaraa. Lompakon sis\u00e4ll\u00e4 on alumiininen korttikotelo, joka suojaa kortteja tehokkaasti luvattomalta skannaukselta ja fyysiselt\u00e4 kulutukselta. Kotelossa olevasta vivusta vet\u00e4m\u00e4ll\u00e4 kortit liukuvat esiin, ja oikea kortti on vaivaton poimia. Alumiinikoteloon mahtuu 4-5 korttia. Korttipaikkoja l\u00f6ytyy lis\u00e4\u00e4 aluminikotelon ymp\u00e4rill\u00e4 olevasta nepparilla kiinnittyv\u00e4st\u00e4 nahkakotelosta. Lompakon sis\u00e4ll\u00e4 on my\u00f6s tilaa muutamalle taitetulle setelille. Friitala RFID-lompakot on valmistettu laadukkaista raaka-aineista. Materiaalit Suojakotelo alumiinia. P\u00e4\u00e4llinen ja sisus vasikannahkaa.\" \/>\n<meta property=\"og:url\" content=\"https:\/\/friitala.fi\/en_gb\/product\/nahkalompakko-2\/\" \/>\n<meta property=\"og:site_name\" content=\"Friitala\" \/>\n<meta property=\"article:modified_time\" content=\"2026-04-19T09:55:40+00:00\" \/>\n<meta property=\"og:image\" content=\"http:\/\/friitala.fi\/wp-content\/uploads\/2022\/03\/FR001_0006_fr001_v10-1.jpg\" \/>\n\t<meta property=\"og:image:width\" content=\"700\" \/>\n\t<meta property=\"og:image:height\" content=\"700\" \/>\n\t<meta property=\"og:image:type\" content=\"image\/jpeg\" \/>\n<meta name=\"twitter:card\" content=\"summary_large_image\" \/>\n<script type=\"application\/ld+json\" class=\"yoast-schema-graph\">{\"@context\":\"https:\/\/schema.org\",\"@graph\":[{\"@type\":\"WebSite\",\"@id\":\"https:\/\/friitala.fi\/en_gb\/#website\",\"url\":\"https:\/\/friitala.fi\/en_gb\/\",\"name\":\"Friitala\",\"description\":\"Friitala\",\"potentialAction\":[{\"@type\":\"SearchAction\",\"target\":{\"@type\":\"EntryPoint\",\"urlTemplate\":\"https:\/\/friitala.fi\/en_gb\/?s={search_term_string}\"},\"query-input\":\"required name=search_term_string\"}],\"inLanguage\":\"en-GB\"},{\"@type\":\"ImageObject\",\"@id\":\"https:\/\/friitala.fi\/product\/nahkalompakko-2\/#primaryimage\",\"inLanguage\":\"en-GB\",\"url\":\"https:\/\/friitala.fi\/wp-content\/uploads\/2022\/03\/FR001_0006_fr001_v10-1.jpg\",\"contentUrl\":\"https:\/\/friitala.fi\/wp-content\/uploads\/2022\/03\/FR001_0006_fr001_v10-1.jpg\",\"width\":700,\"height\":700},{\"@type\":\"WebPage\",\"@id\":\"https:\/\/friitala.fi\/product\/nahkalompakko-2\/#webpage\",\"url\":\"https:\/\/friitala.fi\/product\/nahkalompakko-2\/\",\"name\":\"FR001 FRIITALA KORTTILOMPAKKO - Friitala\",\"isPartOf\":{\"@id\":\"https:\/\/friitala.fi\/en_gb\/#website\"},\"primaryImageOfPage\":{\"@id\":\"https:\/\/friitala.fi\/product\/nahkalompakko-2\/#primaryimage\"},\"datePublished\":\"2022-03-07T06:25:15+00:00\",\"dateModified\":\"2026-04-19T09:55:40+00:00\",\"breadcrumb\":{\"@id\":\"https:\/\/friitala.fi\/product\/nahkalompakko-2\/#breadcrumb\"},\"inLanguage\":\"en-GB\",\"potentialAction\":[{\"@type\":\"ReadAction\",\"target\":[\"https:\/\/friitala.fi\/product\/nahkalompakko-2\/\"]}]},{\"@type\":\"BreadcrumbList\",\"@id\":\"https:\/\/friitala.fi\/product\/nahkalompakko-2\/#breadcrumb\",\"itemListElement\":[{\"@type\":\"ListItem\",\"position\":1,\"name\":\"Etusivu\",\"item\":\"https:\/\/friitala.fi\/\"},{\"@type\":\"ListItem\",\"position\":2,\"name\":\"Shop\",\"item\":\"https:\/\/friitala.fi\/en_gb\/shop\/\"},{\"@type\":\"ListItem\",\"position\":3,\"name\":\"FR001 FRIITALA KORTTILOMPAKKO\"}]}]}<\/script>\n<!-- \/ Yoast SEO plugin. -->","yoast_head_json":{"title":"FR001 FRIITALA KORTTILOMPAKKO - Friitala","robots":{"index":"index","follow":"follow","max-snippet":"max-snippet:-1","max-image-preview":"max-image-preview:large","max-video-preview":"max-video-preview:-1"},"canonical":"https:\/\/friitala.fi\/en_gb\/product\/nahkalompakko-2\/","og_locale":"en_GB","og_type":"article","og_title":"FR001 FRIITALA KORTTILOMPAKKO - Friitala","og_description":"Laadukas nahkainen RFID-suojattu korttilompakko .               Yksityiskohdat Koko:6,5 x 10 x1,5 cm Pienest\u00e4 koostaan huolimatta lompakkoon mahtuu paljon tavaraa. Lompakon sis\u00e4ll\u00e4 on alumiininen korttikotelo, joka suojaa kortteja tehokkaasti luvattomalta skannaukselta ja fyysiselt\u00e4 kulutukselta. Kotelossa olevasta vivusta vet\u00e4m\u00e4ll\u00e4 kortit liukuvat esiin, ja oikea kortti on vaivaton poimia. Alumiinikoteloon mahtuu 4-5 korttia. Korttipaikkoja l\u00f6ytyy lis\u00e4\u00e4 aluminikotelon ymp\u00e4rill\u00e4 olevasta nepparilla kiinnittyv\u00e4st\u00e4 nahkakotelosta. Lompakon sis\u00e4ll\u00e4 on my\u00f6s tilaa muutamalle taitetulle setelille. Friitala RFID-lompakot on valmistettu laadukkaista raaka-aineista. Materiaalit Suojakotelo alumiinia. P\u00e4\u00e4llinen ja sisus vasikannahkaa.","og_url":"https:\/\/friitala.fi\/en_gb\/product\/nahkalompakko-2\/","og_site_name":"Friitala","article_modified_time":"2026-04-19T09:55:40+00:00","og_image":[{"width":700,"height":700,"url":"http:\/\/friitala.fi\/wp-content\/uploads\/2022\/03\/FR001_0006_fr001_v10-1.jpg","type":"image\/jpeg"}],"twitter_card":"summary_large_image","schema":{"@context":"https:\/\/schema.org","@graph":[{"@type":"WebSite","@id":"https:\/\/friitala.fi\/en_gb\/#website","url":"https:\/\/friitala.fi\/en_gb\/","name":"Friitala","description":"Friitala","potentialAction":[{"@type":"SearchAction","target":{"@type":"EntryPoint","urlTemplate":"https:\/\/friitala.fi\/en_gb\/?s={search_term_string}"},"query-input":"required name=search_term_string"}],"inLanguage":"en-GB"},{"@type":"ImageObject","@id":"https:\/\/friitala.fi\/product\/nahkalompakko-2\/#primaryimage","inLanguage":"en-GB","url":"https:\/\/friitala.fi\/wp-content\/uploads\/2022\/03\/FR001_0006_fr001_v10-1.jpg","contentUrl":"https:\/\/friitala.fi\/wp-content\/uploads\/2022\/03\/FR001_0006_fr001_v10-1.jpg","width":700,"height":700},{"@type":"WebPage","@id":"https:\/\/friitala.fi\/product\/nahkalompakko-2\/#webpage","url":"https:\/\/friitala.fi\/product\/nahkalompakko-2\/","name":"FR001 FRIITALA KORTTILOMPAKKO - Friitala","isPartOf":{"@id":"https:\/\/friitala.fi\/en_gb\/#website"},"primaryImageOfPage":{"@id":"https:\/\/friitala.fi\/product\/nahkalompakko-2\/#primaryimage"},"datePublished":"2022-03-07T06:25:15+00:00","dateModified":"2026-04-19T09:55:40+00:00","breadcrumb":{"@id":"https:\/\/friitala.fi\/product\/nahkalompakko-2\/#breadcrumb"},"inLanguage":"en-GB","potentialAction":[{"@type":"ReadAction","target":["https:\/\/friitala.fi\/product\/nahkalompakko-2\/"]}]},{"@type":"BreadcrumbList","@id":"https:\/\/friitala.fi\/product\/nahkalompakko-2\/#breadcrumb","itemListElement":[{"@type":"ListItem","position":1,"name":"Etusivu","item":"https:\/\/friitala.fi\/"},{"@type":"ListItem","position":2,"name":"Shop","item":"https:\/\/friitala.fi\/en_gb\/shop\/"},{"@type":"ListItem","position":3,"name":"FR001 FRIITALA KORTTILOMPAKKO"}]}]}},"_links":{"self":[{"href":"https:\/\/friitala.fi\/en_gb\/wp-json\/wp\/v2\/product\/1727"}],"collection":[{"href":"https:\/\/friitala.fi\/en_gb\/wp-json\/wp\/v2\/product"}],"about":[{"href":"https:\/\/friitala.fi\/en_gb\/wp-json\/wp\/v2\/types\/product"}],"wp:featuredmedia":[{"embeddable":true,"href":"https:\/\/friitala.fi\/en_gb\/wp-json\/wp\/v2\/media\/1746"}],"wp:attachment":[{"href":"https:\/\/friitala.fi\/en_gb\/wp-json\/wp\/v2\/media?parent=1727"}],"wp:term":[{"taxonomy":"product_cat","embeddable":true,"href":"https:\/\/friitala.fi\/en_gb\/wp-json\/wp\/v2\/product_cat?post=1727"},{"taxonomy":"product_tag","embeddable":true,"href":"https:\/\/friitala.fi\/en_gb\/wp-json\/wp\/v2\/product_tag?post=1727"}],"curies":[{"name":"wp","href":"https:\/\/api.w.org\/{rel}","templated":true}]}}