{"id":1714,"date":"2022-03-07T06:25:04","date_gmt":"2022-03-07T06:25:04","guid":{"rendered":"http:\/\/friitala.fi\/?post_type=product&#038;p=1714"},"modified":"2026-04-04T10:10:46","modified_gmt":"2026-04-04T10:10:46","slug":"fr005-friitala-nahkalompakko","status":"publish","type":"product","link":"https:\/\/friitala.fi\/en_gb\/product\/fr005-friitala-nahkalompakko\/","title":{"rendered":"FR005 FRIITALA NAHKALOMPAKKO"},"content":{"rendered":"","protected":false},"excerpt":{"rendered":"<div class=\"row\">\n<div class=\"col-xs-12 col-sm-6 col-md-6 col-lg-7\">\n<div class=\"product-collateral\">\n<div class=\"tab-content\">\n<div id=\"tab_description\" class=\"tab-pane active\">\n<div class=\"std\">\n<p>Laadukas nahkainen RFID-suojattu nahkalompakko.<\/p>\n<\/div>\n<\/div>\n<\/div>\n<\/div>\n<\/div>\n<\/div>\n<div class=\"row\">\n<div class=\"row\">\n<div class=\"col-xs-12 col-sm-6 col-md-6 col-lg-7\">\n<div class=\"product-collateral\">\n<div class=\"tab-content\">\n<div id=\"tab_long_description\" class=\"tab-pane active\">\n<div class=\"std\">\n<p class=\"tab-title\"><strong>Yksityiskohdat<br \/>\n<\/strong>Koko:7 x 10 x 2 cm<br \/>\nPienest\u00e4 koostaan huolimatta lompakkoon mahtuu paljon tavaraa. Lompakossa on alumiininen korttikotelo, joka suojaa kortteja tehokkaasti luvattomalta skannaukselta ja fyysiselt\u00e4 kulutukselta. Kotelossa olevasta vivusta vet\u00e4m\u00e4ll\u00e4 kortit liukuvat esiin, ja oikea kortti on vaivaton poimia ilman, ett\u00e4 lompakkoa tarvitsee avata. Alumiinikoteloon mahtuu 4-5 korttia. Lompakon p\u00e4\u00e4lipuolella on my\u00f6s vetoketjullinen kolikkotasku. Korttipaikkoja l\u00f6ytyy 2 lis\u00e4\u00e4 lompakon sis\u00e4puolelta. Lompakon sis\u00e4puolella on my\u00f6s l\u00e4pin\u00e4kyv\u00e4 tasku esim. ajokortille sek\u00e4 seteliosasto. Friitala RFID-lompakot on valmistettu laadukkaista raaka-aineista.<\/p>\n<p><strong>Materiaalit<br \/>\n<\/strong>Suojakotelo alumiinia. P\u00e4\u00e4llinen ja sisus vasikannahkaa.<\/p>\n<\/div>\n<\/div>\n<\/div>\n<\/div>\n<\/div>\n<\/div>\n<\/div>","protected":false},"featured_media":6636,"template":"","meta":{"_monsterinsights_skip_tracking":false,"_monsterinsights_sitenote_active":false,"_monsterinsights_sitenote_note":"","_monsterinsights_sitenote_category":0,"site-sidebar-layout":"default","site-content-layout":"default","ast-main-header-display":"","ast-hfb-above-header-display":"","ast-hfb-below-header-display":"","ast-hfb-mobile-header-display":"","site-post-title":"","ast-breadcrumbs-content":"","ast-featured-img":"","footer-sml-layout":"","theme-transparent-header-meta":"default","adv-header-id-meta":"","stick-header-meta":"","header-above-stick-meta":"","header-main-stick-meta":"","header-below-stick-meta":""},"product_cat":[61,57,17],"product_tag":[],"yoast_head":"<!-- This site is optimized with the Yoast SEO plugin v18.6 - https:\/\/yoast.com\/wordpress\/plugins\/seo\/ -->\n<title>FR005 FRIITALA NAHKALOMPAKKO - Friitala<\/title>\n<meta name=\"robots\" content=\"index, follow, max-snippet:-1, max-image-preview:large, max-video-preview:-1\" \/>\n<link rel=\"canonical\" href=\"https:\/\/friitala.fi\/en_gb\/product\/fr005-friitala-nahkalompakko\/\" \/>\n<meta property=\"og:locale\" content=\"en_GB\" \/>\n<meta property=\"og:type\" content=\"article\" \/>\n<meta property=\"og:title\" content=\"FR005 FRIITALA NAHKALOMPAKKO - Friitala\" \/>\n<meta property=\"og:description\" content=\"Laadukas nahkainen RFID-suojattu nahkalompakko.               Yksityiskohdat Koko:7 x 10 x 2 cm Pienest\u00e4 koostaan huolimatta lompakkoon mahtuu paljon tavaraa. Lompakossa on alumiininen korttikotelo, joka suojaa kortteja tehokkaasti luvattomalta skannaukselta ja fyysiselt\u00e4 kulutukselta. Kotelossa olevasta vivusta vet\u00e4m\u00e4ll\u00e4 kortit liukuvat esiin, ja oikea kortti on vaivaton poimia ilman, ett\u00e4 lompakkoa tarvitsee avata. Alumiinikoteloon mahtuu 4-5 korttia. Lompakon p\u00e4\u00e4lipuolella on my\u00f6s vetoketjullinen kolikkotasku. Korttipaikkoja l\u00f6ytyy 2 lis\u00e4\u00e4 lompakon sis\u00e4puolelta. Lompakon sis\u00e4puolella on my\u00f6s l\u00e4pin\u00e4kyv\u00e4 tasku esim. ajokortille sek\u00e4 seteliosasto. Friitala RFID-lompakot on valmistettu laadukkaista raaka-aineista. Materiaalit Suojakotelo alumiinia. P\u00e4\u00e4llinen ja sisus vasikannahkaa.\" \/>\n<meta property=\"og:url\" content=\"https:\/\/friitala.fi\/en_gb\/product\/fr005-friitala-nahkalompakko\/\" \/>\n<meta property=\"og:site_name\" content=\"Friitala\" \/>\n<meta property=\"article:modified_time\" content=\"2026-04-04T10:10:46+00:00\" \/>\n<meta property=\"og:image\" content=\"http:\/\/friitala.fi\/wp-content\/uploads\/2022\/03\/FR005-pun.jpg\" \/>\n\t<meta property=\"og:image:width\" content=\"700\" \/>\n\t<meta property=\"og:image:height\" content=\"700\" \/>\n\t<meta property=\"og:image:type\" content=\"image\/jpeg\" \/>\n<meta name=\"twitter:card\" content=\"summary_large_image\" \/>\n<script type=\"application\/ld+json\" class=\"yoast-schema-graph\">{\"@context\":\"https:\/\/schema.org\",\"@graph\":[{\"@type\":\"WebSite\",\"@id\":\"https:\/\/friitala.fi\/en_gb\/#website\",\"url\":\"https:\/\/friitala.fi\/en_gb\/\",\"name\":\"Friitala\",\"description\":\"Friitala\",\"potentialAction\":[{\"@type\":\"SearchAction\",\"target\":{\"@type\":\"EntryPoint\",\"urlTemplate\":\"https:\/\/friitala.fi\/en_gb\/?s={search_term_string}\"},\"query-input\":\"required name=search_term_string\"}],\"inLanguage\":\"en-GB\"},{\"@type\":\"ImageObject\",\"@id\":\"https:\/\/friitala.fi\/product\/fr005-friitala-nahkalompakko\/#primaryimage\",\"inLanguage\":\"en-GB\",\"url\":\"https:\/\/friitala.fi\/wp-content\/uploads\/2022\/03\/FR005-pun.jpg\",\"contentUrl\":\"https:\/\/friitala.fi\/wp-content\/uploads\/2022\/03\/FR005-pun.jpg\",\"width\":700,\"height\":700},{\"@type\":\"WebPage\",\"@id\":\"https:\/\/friitala.fi\/product\/fr005-friitala-nahkalompakko\/#webpage\",\"url\":\"https:\/\/friitala.fi\/product\/fr005-friitala-nahkalompakko\/\",\"name\":\"FR005 FRIITALA NAHKALOMPAKKO - Friitala\",\"isPartOf\":{\"@id\":\"https:\/\/friitala.fi\/en_gb\/#website\"},\"primaryImageOfPage\":{\"@id\":\"https:\/\/friitala.fi\/product\/fr005-friitala-nahkalompakko\/#primaryimage\"},\"datePublished\":\"2022-03-07T06:25:04+00:00\",\"dateModified\":\"2026-04-04T10:10:46+00:00\",\"breadcrumb\":{\"@id\":\"https:\/\/friitala.fi\/product\/fr005-friitala-nahkalompakko\/#breadcrumb\"},\"inLanguage\":\"en-GB\",\"potentialAction\":[{\"@type\":\"ReadAction\",\"target\":[\"https:\/\/friitala.fi\/product\/fr005-friitala-nahkalompakko\/\"]}]},{\"@type\":\"BreadcrumbList\",\"@id\":\"https:\/\/friitala.fi\/product\/fr005-friitala-nahkalompakko\/#breadcrumb\",\"itemListElement\":[{\"@type\":\"ListItem\",\"position\":1,\"name\":\"Etusivu\",\"item\":\"https:\/\/friitala.fi\/\"},{\"@type\":\"ListItem\",\"position\":2,\"name\":\"Shop\",\"item\":\"https:\/\/friitala.fi\/en_gb\/shop\/\"},{\"@type\":\"ListItem\",\"position\":3,\"name\":\"FR005 FRIITALA NAHKALOMPAKKO\"}]}]}<\/script>\n<!-- \/ Yoast SEO plugin. -->","yoast_head_json":{"title":"FR005 FRIITALA NAHKALOMPAKKO - Friitala","robots":{"index":"index","follow":"follow","max-snippet":"max-snippet:-1","max-image-preview":"max-image-preview:large","max-video-preview":"max-video-preview:-1"},"canonical":"https:\/\/friitala.fi\/en_gb\/product\/fr005-friitala-nahkalompakko\/","og_locale":"en_GB","og_type":"article","og_title":"FR005 FRIITALA NAHKALOMPAKKO - Friitala","og_description":"Laadukas nahkainen RFID-suojattu nahkalompakko.               Yksityiskohdat Koko:7 x 10 x 2 cm Pienest\u00e4 koostaan huolimatta lompakkoon mahtuu paljon tavaraa. Lompakossa on alumiininen korttikotelo, joka suojaa kortteja tehokkaasti luvattomalta skannaukselta ja fyysiselt\u00e4 kulutukselta. Kotelossa olevasta vivusta vet\u00e4m\u00e4ll\u00e4 kortit liukuvat esiin, ja oikea kortti on vaivaton poimia ilman, ett\u00e4 lompakkoa tarvitsee avata. Alumiinikoteloon mahtuu 4-5 korttia. Lompakon p\u00e4\u00e4lipuolella on my\u00f6s vetoketjullinen kolikkotasku. Korttipaikkoja l\u00f6ytyy 2 lis\u00e4\u00e4 lompakon sis\u00e4puolelta. Lompakon sis\u00e4puolella on my\u00f6s l\u00e4pin\u00e4kyv\u00e4 tasku esim. ajokortille sek\u00e4 seteliosasto. Friitala RFID-lompakot on valmistettu laadukkaista raaka-aineista. Materiaalit Suojakotelo alumiinia. P\u00e4\u00e4llinen ja sisus vasikannahkaa.","og_url":"https:\/\/friitala.fi\/en_gb\/product\/fr005-friitala-nahkalompakko\/","og_site_name":"Friitala","article_modified_time":"2026-04-04T10:10:46+00:00","og_image":[{"width":700,"height":700,"url":"http:\/\/friitala.fi\/wp-content\/uploads\/2022\/03\/FR005-pun.jpg","type":"image\/jpeg"}],"twitter_card":"summary_large_image","schema":{"@context":"https:\/\/schema.org","@graph":[{"@type":"WebSite","@id":"https:\/\/friitala.fi\/en_gb\/#website","url":"https:\/\/friitala.fi\/en_gb\/","name":"Friitala","description":"Friitala","potentialAction":[{"@type":"SearchAction","target":{"@type":"EntryPoint","urlTemplate":"https:\/\/friitala.fi\/en_gb\/?s={search_term_string}"},"query-input":"required name=search_term_string"}],"inLanguage":"en-GB"},{"@type":"ImageObject","@id":"https:\/\/friitala.fi\/product\/fr005-friitala-nahkalompakko\/#primaryimage","inLanguage":"en-GB","url":"https:\/\/friitala.fi\/wp-content\/uploads\/2022\/03\/FR005-pun.jpg","contentUrl":"https:\/\/friitala.fi\/wp-content\/uploads\/2022\/03\/FR005-pun.jpg","width":700,"height":700},{"@type":"WebPage","@id":"https:\/\/friitala.fi\/product\/fr005-friitala-nahkalompakko\/#webpage","url":"https:\/\/friitala.fi\/product\/fr005-friitala-nahkalompakko\/","name":"FR005 FRIITALA NAHKALOMPAKKO - Friitala","isPartOf":{"@id":"https:\/\/friitala.fi\/en_gb\/#website"},"primaryImageOfPage":{"@id":"https:\/\/friitala.fi\/product\/fr005-friitala-nahkalompakko\/#primaryimage"},"datePublished":"2022-03-07T06:25:04+00:00","dateModified":"2026-04-04T10:10:46+00:00","breadcrumb":{"@id":"https:\/\/friitala.fi\/product\/fr005-friitala-nahkalompakko\/#breadcrumb"},"inLanguage":"en-GB","potentialAction":[{"@type":"ReadAction","target":["https:\/\/friitala.fi\/product\/fr005-friitala-nahkalompakko\/"]}]},{"@type":"BreadcrumbList","@id":"https:\/\/friitala.fi\/product\/fr005-friitala-nahkalompakko\/#breadcrumb","itemListElement":[{"@type":"ListItem","position":1,"name":"Etusivu","item":"https:\/\/friitala.fi\/"},{"@type":"ListItem","position":2,"name":"Shop","item":"https:\/\/friitala.fi\/en_gb\/shop\/"},{"@type":"ListItem","position":3,"name":"FR005 FRIITALA NAHKALOMPAKKO"}]}]}},"_links":{"self":[{"href":"https:\/\/friitala.fi\/en_gb\/wp-json\/wp\/v2\/product\/1714"}],"collection":[{"href":"https:\/\/friitala.fi\/en_gb\/wp-json\/wp\/v2\/product"}],"about":[{"href":"https:\/\/friitala.fi\/en_gb\/wp-json\/wp\/v2\/types\/product"}],"wp:featuredmedia":[{"embeddable":true,"href":"https:\/\/friitala.fi\/en_gb\/wp-json\/wp\/v2\/media\/6636"}],"wp:attachment":[{"href":"https:\/\/friitala.fi\/en_gb\/wp-json\/wp\/v2\/media?parent=1714"}],"wp:term":[{"taxonomy":"product_cat","embeddable":true,"href":"https:\/\/friitala.fi\/en_gb\/wp-json\/wp\/v2\/product_cat?post=1714"},{"taxonomy":"product_tag","embeddable":true,"href":"https:\/\/friitala.fi\/en_gb\/wp-json\/wp\/v2\/product_tag?post=1714"}],"curies":[{"name":"wp","href":"https:\/\/api.w.org\/{rel}","templated":true}]}}