{"id":1517,"date":"2022-03-02T14:48:00","date_gmt":"2022-03-02T14:48:00","guid":{"rendered":"http:\/\/friitala.fi\/?post_type=product&#038;p=1517"},"modified":"2026-01-24T08:42:07","modified_gmt":"2026-01-24T08:42:07","slug":"sira-nahkakasine","status":"publish","type":"product","link":"https:\/\/friitala.fi\/en_gb\/product\/sira-nahkakasine\/","title":{"rendered":"SIRA LEATHER GLOVES"},"content":{"rendered":"","protected":false},"excerpt":{"rendered":"<div class=\"row\">\n<div class=\"col-xs-12 col-sm-6 col-md-6 col-lg-7\">\n<div class=\"product-collateral\">\n<div class=\"tab-content\">\n<div id=\"tab_description\" class=\"tab-pane active\">\n<div class=\"std\">\n<p>Pidempivartinen pehme\u00e4 nahkak\u00e4sine. 100% Kashmirvuori.<\/p>\n<\/div>\n<\/div>\n<\/div>\n<\/div>\n<\/div>\n<\/div>\n<div class=\"row\">\n<div class=\"row\">\n<div class=\"col-xs-12 col-sm-6 col-md-6 col-lg-7\">\n<div class=\"product-collateral\">\n<div class=\"tab-content\">\n<div id=\"tab_materials\" class=\"tab-pane active\">\n<div class=\"std\">\n<p class=\"tab-title\"><strong>Materiaalit<br \/>\n<\/strong>Lammasnappa. Vuori: 100% kashmirvilla.<\/p>\n<\/div>\n<\/div>\n<\/div>\n<\/div>\n<\/div>\n<\/div>\n<div class=\"row\"><\/div>\n<\/div>","protected":false},"featured_media":1678,"template":"","meta":{"_monsterinsights_skip_tracking":false,"_monsterinsights_sitenote_active":false,"_monsterinsights_sitenote_note":"","_monsterinsights_sitenote_category":0,"site-sidebar-layout":"default","site-content-layout":"default","ast-main-header-display":"","ast-hfb-above-header-display":"","ast-hfb-below-header-display":"","ast-hfb-mobile-header-display":"","site-post-title":"","ast-breadcrumbs-content":"","ast-featured-img":"","footer-sml-layout":"","theme-transparent-header-meta":"","adv-header-id-meta":"","stick-header-meta":"","header-above-stick-meta":"","header-main-stick-meta":"","header-below-stick-meta":""},"product_cat":[63,17],"product_tag":[],"yoast_head":"<!-- This site is optimized with the Yoast SEO plugin v18.6 - https:\/\/yoast.com\/wordpress\/plugins\/seo\/ -->\n<title>SIRA NAHKAK\u00c4SINE - Friitala<\/title>\n<meta name=\"robots\" content=\"index, follow, max-snippet:-1, max-image-preview:large, max-video-preview:-1\" \/>\n<link rel=\"canonical\" href=\"https:\/\/friitala.fi\/en_gb\/product\/sira-nahkakasine\/\" \/>\n<meta property=\"og:locale\" content=\"en_GB\" \/>\n<meta property=\"og:type\" content=\"article\" \/>\n<meta property=\"og:title\" content=\"SIRA NAHKAK\u00c4SINE - Friitala\" \/>\n<meta property=\"og:description\" content=\"Pidempivartinen pehme\u00e4 nahkak\u00e4sine. 100% Kashmirvuori.               Materiaalit Lammasnappa. Vuori: 100% kashmirvilla.\" \/>\n<meta property=\"og:url\" content=\"https:\/\/friitala.fi\/en_gb\/product\/sira-nahkakasine\/\" \/>\n<meta property=\"og:site_name\" content=\"Friitala\" \/>\n<meta property=\"article:modified_time\" content=\"2026-01-24T08:42:07+00:00\" \/>\n<meta property=\"og:image\" content=\"https:\/\/friitala.fi\/wp-content\/uploads\/2022\/03\/SIRA.jpg\" \/>\n\t<meta property=\"og:image:width\" content=\"700\" \/>\n\t<meta property=\"og:image:height\" content=\"700\" \/>\n\t<meta property=\"og:image:type\" content=\"image\/jpeg\" \/>\n<meta name=\"twitter:card\" content=\"summary_large_image\" \/>\n<script type=\"application\/ld+json\" class=\"yoast-schema-graph\">{\"@context\":\"https:\/\/schema.org\",\"@graph\":[{\"@type\":\"WebSite\",\"@id\":\"https:\/\/friitala.fi\/en_gb\/#website\",\"url\":\"https:\/\/friitala.fi\/en_gb\/\",\"name\":\"Friitala\",\"description\":\"Friitala\",\"potentialAction\":[{\"@type\":\"SearchAction\",\"target\":{\"@type\":\"EntryPoint\",\"urlTemplate\":\"https:\/\/friitala.fi\/en_gb\/?s={search_term_string}\"},\"query-input\":\"required name=search_term_string\"}],\"inLanguage\":\"en-GB\"},{\"@type\":\"ImageObject\",\"@id\":\"https:\/\/friitala.fi\/en_gb\/product\/sira-nahkakasine\/#primaryimage\",\"inLanguage\":\"en-GB\",\"url\":\"https:\/\/friitala.fi\/wp-content\/uploads\/2022\/03\/SIRA.jpg\",\"contentUrl\":\"https:\/\/friitala.fi\/wp-content\/uploads\/2022\/03\/SIRA.jpg\",\"width\":700,\"height\":700},{\"@type\":\"WebPage\",\"@id\":\"https:\/\/friitala.fi\/en_gb\/product\/sira-nahkakasine\/#webpage\",\"url\":\"https:\/\/friitala.fi\/en_gb\/product\/sira-nahkakasine\/\",\"name\":\"SIRA NAHKAK\u00c4SINE - Friitala\",\"isPartOf\":{\"@id\":\"https:\/\/friitala.fi\/en_gb\/#website\"},\"primaryImageOfPage\":{\"@id\":\"https:\/\/friitala.fi\/en_gb\/product\/sira-nahkakasine\/#primaryimage\"},\"datePublished\":\"2022-03-02T14:48:00+00:00\",\"dateModified\":\"2026-01-24T08:42:07+00:00\",\"breadcrumb\":{\"@id\":\"https:\/\/friitala.fi\/en_gb\/product\/sira-nahkakasine\/#breadcrumb\"},\"inLanguage\":\"en-GB\",\"potentialAction\":[{\"@type\":\"ReadAction\",\"target\":[\"https:\/\/friitala.fi\/en_gb\/product\/sira-nahkakasine\/\"]}]},{\"@type\":\"BreadcrumbList\",\"@id\":\"https:\/\/friitala.fi\/en_gb\/product\/sira-nahkakasine\/#breadcrumb\",\"itemListElement\":[{\"@type\":\"ListItem\",\"position\":1,\"name\":\"Etusivu\",\"item\":\"https:\/\/friitala.fi\/\"},{\"@type\":\"ListItem\",\"position\":2,\"name\":\"Shop\",\"item\":\"https:\/\/friitala.fi\/en_gb\/shop\/\"},{\"@type\":\"ListItem\",\"position\":3,\"name\":\"SIRA NAHKAK\u00c4SINE\"}]}]}<\/script>\n<!-- \/ Yoast SEO plugin. -->","yoast_head_json":{"title":"SIRA NAHKAK\u00c4SINE - Friitala","robots":{"index":"index","follow":"follow","max-snippet":"max-snippet:-1","max-image-preview":"max-image-preview:large","max-video-preview":"max-video-preview:-1"},"canonical":"https:\/\/friitala.fi\/en_gb\/product\/sira-nahkakasine\/","og_locale":"en_GB","og_type":"article","og_title":"SIRA NAHKAK\u00c4SINE - Friitala","og_description":"Pidempivartinen pehme\u00e4 nahkak\u00e4sine. 100% Kashmirvuori.               Materiaalit Lammasnappa. Vuori: 100% kashmirvilla.","og_url":"https:\/\/friitala.fi\/en_gb\/product\/sira-nahkakasine\/","og_site_name":"Friitala","article_modified_time":"2026-01-24T08:42:07+00:00","og_image":[{"width":700,"height":700,"url":"https:\/\/friitala.fi\/wp-content\/uploads\/2022\/03\/SIRA.jpg","type":"image\/jpeg"}],"twitter_card":"summary_large_image","schema":{"@context":"https:\/\/schema.org","@graph":[{"@type":"WebSite","@id":"https:\/\/friitala.fi\/en_gb\/#website","url":"https:\/\/friitala.fi\/en_gb\/","name":"Friitala","description":"Friitala","potentialAction":[{"@type":"SearchAction","target":{"@type":"EntryPoint","urlTemplate":"https:\/\/friitala.fi\/en_gb\/?s={search_term_string}"},"query-input":"required name=search_term_string"}],"inLanguage":"en-GB"},{"@type":"ImageObject","@id":"https:\/\/friitala.fi\/en_gb\/product\/sira-nahkakasine\/#primaryimage","inLanguage":"en-GB","url":"https:\/\/friitala.fi\/wp-content\/uploads\/2022\/03\/SIRA.jpg","contentUrl":"https:\/\/friitala.fi\/wp-content\/uploads\/2022\/03\/SIRA.jpg","width":700,"height":700},{"@type":"WebPage","@id":"https:\/\/friitala.fi\/en_gb\/product\/sira-nahkakasine\/#webpage","url":"https:\/\/friitala.fi\/en_gb\/product\/sira-nahkakasine\/","name":"SIRA NAHKAK\u00c4SINE - Friitala","isPartOf":{"@id":"https:\/\/friitala.fi\/en_gb\/#website"},"primaryImageOfPage":{"@id":"https:\/\/friitala.fi\/en_gb\/product\/sira-nahkakasine\/#primaryimage"},"datePublished":"2022-03-02T14:48:00+00:00","dateModified":"2026-01-24T08:42:07+00:00","breadcrumb":{"@id":"https:\/\/friitala.fi\/en_gb\/product\/sira-nahkakasine\/#breadcrumb"},"inLanguage":"en-GB","potentialAction":[{"@type":"ReadAction","target":["https:\/\/friitala.fi\/en_gb\/product\/sira-nahkakasine\/"]}]},{"@type":"BreadcrumbList","@id":"https:\/\/friitala.fi\/en_gb\/product\/sira-nahkakasine\/#breadcrumb","itemListElement":[{"@type":"ListItem","position":1,"name":"Etusivu","item":"https:\/\/friitala.fi\/"},{"@type":"ListItem","position":2,"name":"Shop","item":"https:\/\/friitala.fi\/en_gb\/shop\/"},{"@type":"ListItem","position":3,"name":"SIRA NAHKAK\u00c4SINE"}]}]}},"_links":{"self":[{"href":"https:\/\/friitala.fi\/en_gb\/wp-json\/wp\/v2\/product\/1517"}],"collection":[{"href":"https:\/\/friitala.fi\/en_gb\/wp-json\/wp\/v2\/product"}],"about":[{"href":"https:\/\/friitala.fi\/en_gb\/wp-json\/wp\/v2\/types\/product"}],"wp:featuredmedia":[{"embeddable":true,"href":"https:\/\/friitala.fi\/en_gb\/wp-json\/wp\/v2\/media\/1678"}],"wp:attachment":[{"href":"https:\/\/friitala.fi\/en_gb\/wp-json\/wp\/v2\/media?parent=1517"}],"wp:term":[{"taxonomy":"product_cat","embeddable":true,"href":"https:\/\/friitala.fi\/en_gb\/wp-json\/wp\/v2\/product_cat?post=1517"},{"taxonomy":"product_tag","embeddable":true,"href":"https:\/\/friitala.fi\/en_gb\/wp-json\/wp\/v2\/product_tag?post=1517"}],"curies":[{"name":"wp","href":"https:\/\/api.w.org\/{rel}","templated":true}]}}