{"id":1409,"date":"2022-03-02T14:46:26","date_gmt":"2022-03-02T14:46:26","guid":{"rendered":"http:\/\/friitala.fi\/?post_type=product&#038;p=1409"},"modified":"2026-03-01T12:40:47","modified_gmt":"2026-03-01T12:40:47","slug":"axel-f-turkiskasine","status":"publish","type":"product","link":"https:\/\/friitala.fi\/en_gb\/product\/axel-f-turkiskasine\/","title":{"rendered":"AXEL F TURKISK\u00c4SINE"},"content":{"rendered":"","protected":false},"excerpt":{"rendered":"<p>L\u00e4mmin nahkak\u00e4sine , sis\u00e4ll\u00e4 aito lampaanturkis<\/p>\n<p><strong>Yksityiskohdat<\/strong><br \/>\nKoristetikkaus k\u00e4mmenen p\u00e4\u00e4ll\u00e4.<\/p>\n<p><strong>Materiaalit<\/strong><br \/>\n100% Lammasnappa. Vuori: 100% lampaanturkis<\/p>","protected":false},"featured_media":6683,"template":"","meta":{"_monsterinsights_skip_tracking":false,"_monsterinsights_sitenote_active":false,"_monsterinsights_sitenote_note":"","_monsterinsights_sitenote_category":0,"site-sidebar-layout":"default","site-content-layout":"default","ast-main-header-display":"","ast-hfb-above-header-display":"","ast-hfb-below-header-display":"","ast-hfb-mobile-header-display":"","site-post-title":"","ast-breadcrumbs-content":"","ast-featured-img":"","footer-sml-layout":"","theme-transparent-header-meta":"default","adv-header-id-meta":"","stick-header-meta":"","header-above-stick-meta":"","header-main-stick-meta":"","header-below-stick-meta":""},"product_cat":[62],"product_tag":[],"yoast_head":"<!-- This site is optimized with the Yoast SEO plugin v18.6 - https:\/\/yoast.com\/wordpress\/plugins\/seo\/ -->\n<title>AXEL F TURKISK\u00c4SINE - Friitala<\/title>\n<meta name=\"robots\" content=\"index, follow, max-snippet:-1, max-image-preview:large, max-video-preview:-1\" \/>\n<link rel=\"canonical\" href=\"https:\/\/friitala.fi\/en_gb\/product\/axel-f-turkiskasine\/\" \/>\n<meta property=\"og:locale\" content=\"en_GB\" \/>\n<meta property=\"og:type\" content=\"article\" \/>\n<meta property=\"og:title\" content=\"AXEL F TURKISK\u00c4SINE - Friitala\" \/>\n<meta property=\"og:description\" content=\"L\u00e4mmin nahkak\u00e4sine , sis\u00e4ll\u00e4 aito lampaanturkis  Yksityiskohdat Koristetikkaus k\u00e4mmenen p\u00e4\u00e4ll\u00e4.  Materiaalit 100% Lammasnappa. Vuori: 100% lampaanturkis\" \/>\n<meta property=\"og:url\" content=\"https:\/\/friitala.fi\/en_gb\/product\/axel-f-turkiskasine\/\" \/>\n<meta property=\"og:site_name\" content=\"Friitala\" \/>\n<meta property=\"article:modified_time\" content=\"2026-03-01T12:40:47+00:00\" \/>\n<meta property=\"og:image\" content=\"http:\/\/friitala.fi\/wp-content\/uploads\/2022\/03\/aleks-kasine.jpg\" \/>\n\t<meta property=\"og:image:width\" content=\"700\" \/>\n\t<meta property=\"og:image:height\" content=\"700\" \/>\n\t<meta property=\"og:image:type\" content=\"image\/jpeg\" \/>\n<meta name=\"twitter:card\" content=\"summary_large_image\" \/>\n<script type=\"application\/ld+json\" class=\"yoast-schema-graph\">{\"@context\":\"https:\/\/schema.org\",\"@graph\":[{\"@type\":\"WebSite\",\"@id\":\"https:\/\/friitala.fi\/en_gb\/#website\",\"url\":\"https:\/\/friitala.fi\/en_gb\/\",\"name\":\"Friitala\",\"description\":\"Friitala\",\"potentialAction\":[{\"@type\":\"SearchAction\",\"target\":{\"@type\":\"EntryPoint\",\"urlTemplate\":\"https:\/\/friitala.fi\/en_gb\/?s={search_term_string}\"},\"query-input\":\"required name=search_term_string\"}],\"inLanguage\":\"en-GB\"},{\"@type\":\"ImageObject\",\"@id\":\"https:\/\/friitala.fi\/product\/axel-f-turkiskasine\/#primaryimage\",\"inLanguage\":\"en-GB\",\"url\":\"https:\/\/friitala.fi\/wp-content\/uploads\/2022\/03\/aleks-kasine.jpg\",\"contentUrl\":\"https:\/\/friitala.fi\/wp-content\/uploads\/2022\/03\/aleks-kasine.jpg\",\"width\":700,\"height\":700},{\"@type\":\"WebPage\",\"@id\":\"https:\/\/friitala.fi\/product\/axel-f-turkiskasine\/#webpage\",\"url\":\"https:\/\/friitala.fi\/product\/axel-f-turkiskasine\/\",\"name\":\"AXEL F TURKISK\u00c4SINE - Friitala\",\"isPartOf\":{\"@id\":\"https:\/\/friitala.fi\/en_gb\/#website\"},\"primaryImageOfPage\":{\"@id\":\"https:\/\/friitala.fi\/product\/axel-f-turkiskasine\/#primaryimage\"},\"datePublished\":\"2022-03-02T14:46:26+00:00\",\"dateModified\":\"2026-03-01T12:40:47+00:00\",\"breadcrumb\":{\"@id\":\"https:\/\/friitala.fi\/product\/axel-f-turkiskasine\/#breadcrumb\"},\"inLanguage\":\"en-GB\",\"potentialAction\":[{\"@type\":\"ReadAction\",\"target\":[\"https:\/\/friitala.fi\/product\/axel-f-turkiskasine\/\"]}]},{\"@type\":\"BreadcrumbList\",\"@id\":\"https:\/\/friitala.fi\/product\/axel-f-turkiskasine\/#breadcrumb\",\"itemListElement\":[{\"@type\":\"ListItem\",\"position\":1,\"name\":\"Etusivu\",\"item\":\"https:\/\/friitala.fi\/\"},{\"@type\":\"ListItem\",\"position\":2,\"name\":\"Shop\",\"item\":\"https:\/\/friitala.fi\/en_gb\/shop\/\"},{\"@type\":\"ListItem\",\"position\":3,\"name\":\"AXEL F TURKISK\u00c4SINE\"}]}]}<\/script>\n<!-- \/ Yoast SEO plugin. -->","yoast_head_json":{"title":"AXEL F TURKISK\u00c4SINE - Friitala","robots":{"index":"index","follow":"follow","max-snippet":"max-snippet:-1","max-image-preview":"max-image-preview:large","max-video-preview":"max-video-preview:-1"},"canonical":"https:\/\/friitala.fi\/en_gb\/product\/axel-f-turkiskasine\/","og_locale":"en_GB","og_type":"article","og_title":"AXEL F TURKISK\u00c4SINE - Friitala","og_description":"L\u00e4mmin nahkak\u00e4sine , sis\u00e4ll\u00e4 aito lampaanturkis  Yksityiskohdat Koristetikkaus k\u00e4mmenen p\u00e4\u00e4ll\u00e4.  Materiaalit 100% Lammasnappa. Vuori: 100% lampaanturkis","og_url":"https:\/\/friitala.fi\/en_gb\/product\/axel-f-turkiskasine\/","og_site_name":"Friitala","article_modified_time":"2026-03-01T12:40:47+00:00","og_image":[{"width":700,"height":700,"url":"http:\/\/friitala.fi\/wp-content\/uploads\/2022\/03\/aleks-kasine.jpg","type":"image\/jpeg"}],"twitter_card":"summary_large_image","schema":{"@context":"https:\/\/schema.org","@graph":[{"@type":"WebSite","@id":"https:\/\/friitala.fi\/en_gb\/#website","url":"https:\/\/friitala.fi\/en_gb\/","name":"Friitala","description":"Friitala","potentialAction":[{"@type":"SearchAction","target":{"@type":"EntryPoint","urlTemplate":"https:\/\/friitala.fi\/en_gb\/?s={search_term_string}"},"query-input":"required name=search_term_string"}],"inLanguage":"en-GB"},{"@type":"ImageObject","@id":"https:\/\/friitala.fi\/product\/axel-f-turkiskasine\/#primaryimage","inLanguage":"en-GB","url":"https:\/\/friitala.fi\/wp-content\/uploads\/2022\/03\/aleks-kasine.jpg","contentUrl":"https:\/\/friitala.fi\/wp-content\/uploads\/2022\/03\/aleks-kasine.jpg","width":700,"height":700},{"@type":"WebPage","@id":"https:\/\/friitala.fi\/product\/axel-f-turkiskasine\/#webpage","url":"https:\/\/friitala.fi\/product\/axel-f-turkiskasine\/","name":"AXEL F TURKISK\u00c4SINE - Friitala","isPartOf":{"@id":"https:\/\/friitala.fi\/en_gb\/#website"},"primaryImageOfPage":{"@id":"https:\/\/friitala.fi\/product\/axel-f-turkiskasine\/#primaryimage"},"datePublished":"2022-03-02T14:46:26+00:00","dateModified":"2026-03-01T12:40:47+00:00","breadcrumb":{"@id":"https:\/\/friitala.fi\/product\/axel-f-turkiskasine\/#breadcrumb"},"inLanguage":"en-GB","potentialAction":[{"@type":"ReadAction","target":["https:\/\/friitala.fi\/product\/axel-f-turkiskasine\/"]}]},{"@type":"BreadcrumbList","@id":"https:\/\/friitala.fi\/product\/axel-f-turkiskasine\/#breadcrumb","itemListElement":[{"@type":"ListItem","position":1,"name":"Etusivu","item":"https:\/\/friitala.fi\/"},{"@type":"ListItem","position":2,"name":"Shop","item":"https:\/\/friitala.fi\/en_gb\/shop\/"},{"@type":"ListItem","position":3,"name":"AXEL F TURKISK\u00c4SINE"}]}]}},"_links":{"self":[{"href":"https:\/\/friitala.fi\/en_gb\/wp-json\/wp\/v2\/product\/1409"}],"collection":[{"href":"https:\/\/friitala.fi\/en_gb\/wp-json\/wp\/v2\/product"}],"about":[{"href":"https:\/\/friitala.fi\/en_gb\/wp-json\/wp\/v2\/types\/product"}],"wp:featuredmedia":[{"embeddable":true,"href":"https:\/\/friitala.fi\/en_gb\/wp-json\/wp\/v2\/media\/6683"}],"wp:attachment":[{"href":"https:\/\/friitala.fi\/en_gb\/wp-json\/wp\/v2\/media?parent=1409"}],"wp:term":[{"taxonomy":"product_cat","embeddable":true,"href":"https:\/\/friitala.fi\/en_gb\/wp-json\/wp\/v2\/product_cat?post=1409"},{"taxonomy":"product_tag","embeddable":true,"href":"https:\/\/friitala.fi\/en_gb\/wp-json\/wp\/v2\/product_tag?post=1409"}],"curies":[{"name":"wp","href":"https:\/\/api.w.org\/{rel}","templated":true}]}}