{"id":736,"date":"2022-01-20T20:19:54","date_gmt":"2022-01-20T20:19:54","guid":{"rendered":"http:\/\/friitala.fi\/?page_id=736"},"modified":"2023-10-02T08:48:31","modified_gmt":"2023-10-02T08:48:31","slug":"myymalat","status":"publish","type":"page","link":"https:\/\/friitala.fi\/en_gb\/myymalat\/","title":{"rendered":"Store"},"content":{"rendered":"<div data-elementor-type=\"wp-page\" data-elementor-id=\"736\" class=\"elementor elementor-736\">\n\t\t\t\t\t\t\t\t\t<section class=\"elementor-section elementor-top-section elementor-element elementor-element-0cc5abf elementor-section-boxed elementor-section-height-default elementor-section-height-default\" data-id=\"0cc5abf\" data-element_type=\"section\">\n\t\t\t\t\t\t<div class=\"elementor-container elementor-column-gap-default\">\n\t\t\t\t\t<div class=\"elementor-column elementor-col-100 elementor-top-column elementor-element elementor-element-8769e2d\" data-id=\"8769e2d\" data-element_type=\"column\">\n\t\t\t<div class=\"elementor-widget-wrap elementor-element-populated\">\n\t\t\t\t\t\t\t\t<div class=\"elementor-element elementor-element-4963d98 elementor-widget elementor-widget-spacer\" data-id=\"4963d98\" data-element_type=\"widget\" data-widget_type=\"spacer.default\">\n\t\t\t\t<div class=\"elementor-widget-container\">\n\t\t\t<style>\/*! elementor - v3.6.4 - 13-04-2022 *\/\n.e-container.e-container--row .elementor-spacer-inner{width:var(--spacer-size)}.e-container.e-container--column .elementor-spacer-inner,.elementor-column .elementor-spacer-inner{height:var(--spacer-size)}<\/style>\t\t<div class=\"elementor-spacer\">\n\t\t\t<div class=\"elementor-spacer-inner\"><\/div>\n\t\t<\/div>\n\t\t\t\t<\/div>\n\t\t\t\t<\/div>\n\t\t\t\t<div class=\"elementor-element elementor-element-a8f184c elementor-widget elementor-widget-heading\" data-id=\"a8f184c\" data-element_type=\"widget\" data-widget_type=\"heading.default\">\n\t\t\t\t<div class=\"elementor-widget-container\">\n\t\t\t<style>\/*! elementor - v3.6.4 - 13-04-2022 *\/\n.elementor-heading-title{padding:0;margin:0;line-height:1}.elementor-widget-heading .elementor-heading-title[class*=elementor-size-]>a{color:inherit;font-size:inherit;line-height:inherit}.elementor-widget-heading .elementor-heading-title.elementor-size-small{font-size:15px}.elementor-widget-heading .elementor-heading-title.elementor-size-medium{font-size:19px}.elementor-widget-heading .elementor-heading-title.elementor-size-large{font-size:29px}.elementor-widget-heading .elementor-heading-title.elementor-size-xl{font-size:39px}.elementor-widget-heading .elementor-heading-title.elementor-size-xxl{font-size:59px}<\/style><h2 class=\"elementor-heading-title elementor-size-default\">Store<\/h2>\t\t<\/div>\n\t\t\t\t<\/div>\n\t\t\t\t<div class=\"elementor-element elementor-element-fb483a3 elementor-widget elementor-widget-text-editor\" data-id=\"fb483a3\" data-element_type=\"widget\" data-widget_type=\"text-editor.default\">\n\t\t\t\t<div class=\"elementor-widget-container\">\n\t\t\t<style>\/*! elementor - v3.6.4 - 13-04-2022 *\/\n.elementor-widget-text-editor.elementor-drop-cap-view-stacked .elementor-drop-cap{background-color:#818a91;color:#fff}.elementor-widget-text-editor.elementor-drop-cap-view-framed .elementor-drop-cap{color:#818a91;border:3px solid;background-color:transparent}.elementor-widget-text-editor:not(.elementor-drop-cap-view-default) .elementor-drop-cap{margin-top:8px}.elementor-widget-text-editor:not(.elementor-drop-cap-view-default) .elementor-drop-cap-letter{width:1em;height:1em}.elementor-widget-text-editor .elementor-drop-cap{float:left;text-align:center;line-height:1;font-size:50px}.elementor-widget-text-editor .elementor-drop-cap-letter{display:inline-block}<\/style>\t\t\t\t<p>Friitala-store you can tour the whole wide range of our leather jackets, sheepskin coat, bags, shoes and accessories.\n\nThe store has a lot of models and products, which are not necessarily found in the online store!\n\nOur professional sales representatives will gladly help you in selecting the right products.\n\nOutlet store is spacious, designed with a new concept store, which sells in today's Finnish and international leather fashion:\n\nlatest Friitala collections from new, unique pieces, the show outfits, amazing discoveries, leather jackets, sheepskin coat, skirts, pants,\n\nshoes, bags, wallets, gloves, hats, scarves, suitcases, leather pieces.<\/p><p>\u00a0<\/p>\t\t\t\t\t\t<\/div>\n\t\t\t\t<\/div>\n\t\t\t\t<div class=\"elementor-element elementor-element-1d5ede0 elementor-widget-divider--view-line elementor-widget elementor-widget-divider\" data-id=\"1d5ede0\" data-element_type=\"widget\" data-widget_type=\"divider.default\">\n\t\t\t\t<div class=\"elementor-widget-container\">\n\t\t\t<style>\/*! elementor - v3.6.4 - 13-04-2022 *\/\n.elementor-widget-divider{--divider-border-style:none;--divider-border-width:1px;--divider-color:#2c2c2c;--divider-icon-size:20px;--divider-element-spacing:10px;--divider-pattern-height:24px;--divider-pattern-size:20px;--divider-pattern-url:none;--divider-pattern-repeat:repeat-x}.elementor-widget-divider .elementor-divider{display:-webkit-box;display:-ms-flexbox;display:flex}.elementor-widget-divider .elementor-divider__text{font-size:15px;line-height:1;max-width:95%}.elementor-widget-divider .elementor-divider__element{margin:0 var(--divider-element-spacing);-ms-flex-negative:0;flex-shrink:0}.elementor-widget-divider .elementor-icon{font-size:var(--divider-icon-size)}.elementor-widget-divider .elementor-divider-separator{display:-webkit-box;display:-ms-flexbox;display:flex;margin:0;direction:ltr}.elementor-widget-divider--view-line_icon .elementor-divider-separator,.elementor-widget-divider--view-line_text .elementor-divider-separator{-webkit-box-align:center;-ms-flex-align:center;align-items:center}.elementor-widget-divider--view-line_icon .elementor-divider-separator:after,.elementor-widget-divider--view-line_icon .elementor-divider-separator:before,.elementor-widget-divider--view-line_text .elementor-divider-separator:after,.elementor-widget-divider--view-line_text .elementor-divider-separator:before{display:block;content:\"\";border-bottom:0;-webkit-box-flex:1;-ms-flex-positive:1;flex-grow:1;border-top:var(--divider-border-width) var(--divider-border-style) var(--divider-color)}.elementor-widget-divider--element-align-left .elementor-divider .elementor-divider-separator>.elementor-divider__svg:first-of-type{-webkit-box-flex:0;-ms-flex-positive:0;flex-grow:0;-ms-flex-negative:100;flex-shrink:100}.elementor-widget-divider--element-align-left .elementor-divider-separator:before{content:none}.elementor-widget-divider--element-align-left .elementor-divider__element{margin-left:0}.elementor-widget-divider--element-align-right .elementor-divider .elementor-divider-separator>.elementor-divider__svg:last-of-type{-webkit-box-flex:0;-ms-flex-positive:0;flex-grow:0;-ms-flex-negative:100;flex-shrink:100}.elementor-widget-divider--element-align-right .elementor-divider-separator:after{content:none}.elementor-widget-divider--element-align-right .elementor-divider__element{margin-right:0}.elementor-widget-divider:not(.elementor-widget-divider--view-line_text):not(.elementor-widget-divider--view-line_icon) .elementor-divider-separator{border-top:var(--divider-border-width) var(--divider-border-style) var(--divider-color)}.elementor-widget-divider--separator-type-pattern{--divider-border-style:none}.elementor-widget-divider--separator-type-pattern.elementor-widget-divider--view-line .elementor-divider-separator,.elementor-widget-divider--separator-type-pattern:not(.elementor-widget-divider--view-line) .elementor-divider-separator:after,.elementor-widget-divider--separator-type-pattern:not(.elementor-widget-divider--view-line) .elementor-divider-separator:before,.elementor-widget-divider--separator-type-pattern:not([class*=elementor-widget-divider--view]) .elementor-divider-separator{width:100%;min-height:var(--divider-pattern-height);-webkit-mask-size:var(--divider-pattern-size) 100%;mask-size:var(--divider-pattern-size) 100%;-webkit-mask-repeat:var(--divider-pattern-repeat);mask-repeat:var(--divider-pattern-repeat);background-color:var(--divider-color);-webkit-mask-image:var(--divider-pattern-url);mask-image:var(--divider-pattern-url)}.elementor-widget-divider--no-spacing{--divider-pattern-size:auto}.elementor-widget-divider--bg-round{--divider-pattern-repeat:round}.rtl .elementor-widget-divider .elementor-divider__text{direction:rtl}<\/style>\t\t<div class=\"elementor-divider\">\n\t\t\t<span class=\"elementor-divider-separator\">\n\t\t\t\t\t\t<\/span>\n\t\t<\/div>\n\t\t\t\t<\/div>\n\t\t\t\t<\/div>\n\t\t\t\t<section class=\"elementor-section elementor-inner-section elementor-element elementor-element-d8134b0 elementor-section-boxed elementor-section-height-default elementor-section-height-default\" data-id=\"d8134b0\" data-element_type=\"section\">\n\t\t\t\t\t\t<div class=\"elementor-container elementor-column-gap-default\">\n\t\t\t\t\t<div class=\"elementor-column elementor-col-33 elementor-inner-column elementor-element elementor-element-9e46856\" data-id=\"9e46856\" data-element_type=\"column\">\n\t\t\t<div class=\"elementor-widget-wrap elementor-element-populated\">\n\t\t\t\t\t\t\t\t<div class=\"elementor-element elementor-element-bdee104 elementor-widget elementor-widget-image\" data-id=\"bdee104\" data-element_type=\"widget\" data-widget_type=\"image.default\">\n\t\t\t\t<div class=\"elementor-widget-container\">\n\t\t\t<style>\/*! elementor - v3.6.4 - 13-04-2022 *\/\n.elementor-widget-image{text-align:center}.elementor-widget-image a{display:inline-block}.elementor-widget-image a img[src$=\".svg\"]{width:48px}.elementor-widget-image img{vertical-align:middle;display:inline-block}<\/style>\t\t\t\t\t\t\t\t\t\t\t\t<img width=\"700\" height=\"346\" src=\"https:\/\/friitala.fi\/wp-content\/uploads\/2023\/10\/sello-friitala-copy.jpg\" class=\"attachment-large size-large wvs-attachment-image\" alt=\"\" loading=\"lazy\" srcset=\"https:\/\/friitala.fi\/wp-content\/uploads\/2023\/10\/sello-friitala-copy.jpg 700w, https:\/\/friitala.fi\/wp-content\/uploads\/2023\/10\/sello-friitala-copy-300x148.jpg 300w, https:\/\/friitala.fi\/wp-content\/uploads\/2023\/10\/sello-friitala-copy-18x9.jpg 18w\" sizes=\"(max-width: 700px) 100vw, 700px\" \/>\t\t\t\t\t\t\t\t\t\t\t\t\t\t\t<\/div>\n\t\t\t\t<\/div>\n\t\t\t\t<div class=\"elementor-element elementor-element-5de9b2f elementor-widget elementor-widget-heading\" data-id=\"5de9b2f\" data-element_type=\"widget\" data-widget_type=\"heading.default\">\n\t\t\t\t<div class=\"elementor-widget-container\">\n\t\t\t<h2 class=\"elementor-heading-title elementor-size-default\">Friitala Kauppakeskus Sello<\/h2>\t\t<\/div>\n\t\t\t\t<\/div>\n\t\t\t\t<div class=\"elementor-element elementor-element-7397512 elementor-widget elementor-widget-text-editor\" data-id=\"7397512\" data-element_type=\"widget\" data-widget_type=\"text-editor.default\">\n\t\t\t\t<div class=\"elementor-widget-container\">\n\t\t\t\t\t\t\t<p>Lepp\u00e4vaarankatu 3-9, <br \/>02600 Espoo<br \/>p. 09 7732901<br \/>info@friitala.fi<\/p><p>Ma-Pe 10-20<br \/>La\u00a010-18<br \/><span style=\"font-style: inherit; font-weight: inherit;\">Su 12-17<\/span><\/p>\t\t\t\t\t\t<\/div>\n\t\t\t\t<\/div>\n\t\t\t\t\t<\/div>\n\t\t<\/div>\n\t\t\t\t<div class=\"elementor-column elementor-col-33 elementor-inner-column elementor-element elementor-element-63059ba\" data-id=\"63059ba\" data-element_type=\"column\">\n\t\t\t<div class=\"elementor-widget-wrap elementor-element-populated\">\n\t\t\t\t\t\t\t\t<div class=\"elementor-element elementor-element-7498806 elementor-widget elementor-widget-image\" data-id=\"7498806\" data-element_type=\"widget\" data-widget_type=\"image.default\">\n\t\t\t\t<div class=\"elementor-widget-container\">\n\t\t\t\t\t\t\t\t\t\t\t\t\t\t\t<img width=\"700\" height=\"346\" src=\"https:\/\/friitala.fi\/wp-content\/uploads\/2022\/04\/fashion-outlet-1920x950-1-1.jpg\" class=\"attachment-large size-large wvs-attachment-image\" alt=\"\" loading=\"lazy\" srcset=\"https:\/\/friitala.fi\/wp-content\/uploads\/2022\/04\/fashion-outlet-1920x950-1-1.jpg 700w, https:\/\/friitala.fi\/wp-content\/uploads\/2022\/04\/fashion-outlet-1920x950-1-1-416x206.jpg 416w, https:\/\/friitala.fi\/wp-content\/uploads\/2022\/04\/fashion-outlet-1920x950-1-1-300x148.jpg 300w, https:\/\/friitala.fi\/wp-content\/uploads\/2022\/04\/fashion-outlet-1920x950-1-1-18x9.jpg 18w\" sizes=\"(max-width: 700px) 100vw, 700px\" \/>\t\t\t\t\t\t\t\t\t\t\t\t\t\t\t<\/div>\n\t\t\t\t<\/div>\n\t\t\t\t<div class=\"elementor-element elementor-element-272f89f elementor-widget elementor-widget-heading\" data-id=\"272f89f\" data-element_type=\"widget\" data-widget_type=\"heading.default\">\n\t\t\t\t<div class=\"elementor-widget-container\">\n\t\t\t<h2 class=\"elementor-heading-title elementor-size-default\">Friitala Helsinki Outlet<\/h2>\t\t<\/div>\n\t\t\t\t<\/div>\n\t\t\t\t<div class=\"elementor-element elementor-element-513e900 elementor-widget elementor-widget-text-editor\" data-id=\"513e900\" data-element_type=\"widget\" data-widget_type=\"text-editor.default\">\n\t\t\t\t<div class=\"elementor-widget-container\">\n\t\t\t\t\t\t\t<p>Tatti 17<br \/>00760 Helsinki<br \/>p. 09 7732900<br \/>info@friitala.fi<\/p><p>Mon-Sat\u00a010-20<br \/>Su 10-18<\/p>\t\t\t\t\t\t<\/div>\n\t\t\t\t<\/div>\n\t\t\t\t\t<\/div>\n\t\t<\/div>\n\t\t\t\t<div class=\"elementor-column elementor-col-33 elementor-inner-column elementor-element elementor-element-d0dadad\" data-id=\"d0dadad\" data-element_type=\"column\">\n\t\t\t<div class=\"elementor-widget-wrap elementor-element-populated\">\n\t\t\t\t\t\t\t\t<div class=\"elementor-element elementor-element-6c4c713 elementor-widget elementor-widget-image\" data-id=\"6c4c713\" data-element_type=\"widget\" data-widget_type=\"image.default\">\n\t\t\t\t<div class=\"elementor-widget-container\">\n\t\t\t\t\t\t\t\t\t\t\t\t\t\t\t<img width=\"700\" height=\"346\" src=\"https:\/\/friitala.fi\/wp-content\/uploads\/2022\/05\/Fashioncenteroutletcom_ulkokuva-1920x950-1.jpg\" class=\"attachment-large size-large wvs-attachment-image\" alt=\"\" loading=\"lazy\" srcset=\"https:\/\/friitala.fi\/wp-content\/uploads\/2022\/05\/Fashioncenteroutletcom_ulkokuva-1920x950-1.jpg 700w, https:\/\/friitala.fi\/wp-content\/uploads\/2022\/05\/Fashioncenteroutletcom_ulkokuva-1920x950-1-416x206.jpg 416w, https:\/\/friitala.fi\/wp-content\/uploads\/2022\/05\/Fashioncenteroutletcom_ulkokuva-1920x950-1-300x148.jpg 300w, https:\/\/friitala.fi\/wp-content\/uploads\/2022\/05\/Fashioncenteroutletcom_ulkokuva-1920x950-1-18x9.jpg 18w\" sizes=\"(max-width: 700px) 100vw, 700px\" \/>\t\t\t\t\t\t\t\t\t\t\t\t\t\t\t<\/div>\n\t\t\t\t<\/div>\n\t\t\t\t<div class=\"elementor-element elementor-element-a9691f0 elementor-widget elementor-widget-heading\" data-id=\"a9691f0\" data-element_type=\"widget\" data-widget_type=\"heading.default\">\n\t\t\t\t<div class=\"elementor-widget-container\">\n\t\t\t<h2 class=\"elementor-heading-title elementor-size-default\">Friitala Wholesale<\/h2>\t\t<\/div>\n\t\t\t\t<\/div>\n\t\t\t\t<div class=\"elementor-element elementor-element-59d7f55 elementor-widget elementor-widget-text-editor\" data-id=\"59d7f55\" data-element_type=\"widget\" data-widget_type=\"text-editor.default\">\n\t\t\t\t<div class=\"elementor-widget-container\">\n\t\t\t\t\t\t\t<p>FASHION CENTER FINLAND<\/p><p>H\u00e4rk\u00e4haankuja \u00a014,\u00a0<br \/><span style=\"font-style: inherit;\">01730 Vantaa\u00a0<br \/><\/span>p. 0505747097<br \/>info@friitala.fi<\/p>\t\t\t\t\t\t<\/div>\n\t\t\t\t<\/div>\n\t\t\t\t\t<\/div>\n\t\t<\/div>\n\t\t\t\t\t\t\t<\/div>\n\t\t<\/section>\n\t\t\t\t\t<\/div>\n\t\t<\/div>\n\t\t\t\t\t\t\t<\/div>\n\t\t<\/section>\n\t\t\t\t\t\t\t<\/div>","protected":false},"excerpt":{"rendered":"<p>Myym\u00e4l\u00e4t Friitala-myym\u00e4l\u00e4ss\u00e4 p\u00e4\u00e4set tutustumaan koko laajan valikoimaamme nahkatakkeja, kelsiturkkeja, laukkuja, kenki\u00e4 ja asusteita. Myym\u00e4l\u00e4ss\u00e4 on my\u00f6s paljon malleja ja tuotteita, joita ei v\u00e4ltt\u00e4m\u00e4tt\u00e4 verkkokaupasta l\u00f6ydy! Ammattitaitoiset myyj\u00e4mme auttavat mielell\u00e4\u00e4n sopivien tuotteiden valinnassa. Outlet-myym\u00e4l\u00e4 on avara, uudella konseptilla suunniteltu myym\u00e4l\u00e4, joka myy t\u00e4m\u00e4n p\u00e4iv\u00e4n suomalaista ja kansainv\u00e4list\u00e4 nahkamuotia:\u00a0 Friitalan mallistojen uusinta uutta, yksitt\u00e4iskappaleita, n\u00e4yt\u00f6sasuja, huikeita l\u00f6yt\u00f6j\u00e4, &hellip;<\/p>\n<p class=\"read-more\"> <a class=\"\" href=\"https:\/\/friitala.fi\/en_gb\/myymalat\/\"> <span class=\"screen-reader-text\">Store<\/span> Read More &raquo;<\/a><\/p>","protected":false},"author":1,"featured_media":0,"parent":0,"menu_order":0,"comment_status":"closed","ping_status":"closed","template":"","meta":{"_monsterinsights_skip_tracking":false,"_monsterinsights_sitenote_active":false,"_monsterinsights_sitenote_note":"","_monsterinsights_sitenote_category":0,"site-sidebar-layout":"no-sidebar","site-content-layout":"page-builder","ast-main-header-display":"","ast-hfb-above-header-display":"","ast-hfb-below-header-display":"","ast-hfb-mobile-header-display":"","site-post-title":"disabled","ast-breadcrumbs-content":"","ast-featured-img":"disabled","footer-sml-layout":"","theme-transparent-header-meta":"","adv-header-id-meta":"","stick-header-meta":"","header-above-stick-meta":"","header-main-stick-meta":"","header-below-stick-meta":""},"yoast_head":"<!-- This site is optimized with the Yoast SEO plugin v18.6 - https:\/\/yoast.com\/wordpress\/plugins\/seo\/ -->\n<title>FRIITALA | Myym\u00e4l\u00e4t<\/title>\n<meta name=\"robots\" content=\"index, follow, max-snippet:-1, max-image-preview:large, max-video-preview:-1\" \/>\n<link rel=\"canonical\" href=\"https:\/\/friitala.fi\/en_gb\/myymalat\/\" \/>\n<meta property=\"og:locale\" content=\"en_GB\" \/>\n<meta property=\"og:type\" content=\"article\" \/>\n<meta property=\"og:title\" content=\"FRIITALA | Myym\u00e4l\u00e4t\" \/>\n<meta property=\"og:description\" content=\"Myym\u00e4l\u00e4t Friitala-myym\u00e4l\u00e4ss\u00e4 p\u00e4\u00e4set tutustumaan koko laajan valikoimaamme nahkatakkeja, kelsiturkkeja, laukkuja, kenki\u00e4 ja asusteita. Myym\u00e4l\u00e4ss\u00e4 on my\u00f6s paljon malleja ja tuotteita, joita ei v\u00e4ltt\u00e4m\u00e4tt\u00e4 verkkokaupasta l\u00f6ydy! Ammattitaitoiset myyj\u00e4mme auttavat mielell\u00e4\u00e4n sopivien tuotteiden valinnassa. Outlet-myym\u00e4l\u00e4 on avara, uudella konseptilla suunniteltu myym\u00e4l\u00e4, joka myy t\u00e4m\u00e4n p\u00e4iv\u00e4n suomalaista ja kansainv\u00e4list\u00e4 nahkamuotia:\u00a0 Friitalan mallistojen uusinta uutta, yksitt\u00e4iskappaleita, n\u00e4yt\u00f6sasuja, huikeita l\u00f6yt\u00f6j\u00e4, &hellip; Myym\u00e4l\u00e4t Read More &raquo;\" \/>\n<meta property=\"og:url\" content=\"https:\/\/friitala.fi\/en_gb\/myymalat\/\" \/>\n<meta property=\"og:site_name\" content=\"Friitala\" \/>\n<meta property=\"article:modified_time\" content=\"2023-10-02T08:48:31+00:00\" \/>\n<meta property=\"og:image\" content=\"http:\/\/friitala.fi\/wp-content\/uploads\/2023\/10\/sello-friitala-copy.jpg\" \/>\n<meta name=\"twitter:card\" content=\"summary_large_image\" \/>\n<meta name=\"twitter:label1\" content=\"Estimated reading time\" \/>\n\t<meta name=\"twitter:data1\" content=\"2 minutes\" \/>\n<script type=\"application\/ld+json\" class=\"yoast-schema-graph\">{\"@context\":\"https:\/\/schema.org\",\"@graph\":[{\"@type\":\"WebSite\",\"@id\":\"https:\/\/friitala.fi\/en_gb\/#website\",\"url\":\"https:\/\/friitala.fi\/en_gb\/\",\"name\":\"Friitala\",\"description\":\"Friitala\",\"potentialAction\":[{\"@type\":\"SearchAction\",\"target\":{\"@type\":\"EntryPoint\",\"urlTemplate\":\"https:\/\/friitala.fi\/en_gb\/?s={search_term_string}\"},\"query-input\":\"required name=search_term_string\"}],\"inLanguage\":\"en-GB\"},{\"@type\":\"ImageObject\",\"@id\":\"https:\/\/friitala.fi\/myymalat\/#primaryimage\",\"inLanguage\":\"en-GB\",\"url\":\"https:\/\/friitala.fi\/wp-content\/uploads\/2023\/10\/sello-friitala-copy.jpg\",\"contentUrl\":\"https:\/\/friitala.fi\/wp-content\/uploads\/2023\/10\/sello-friitala-copy.jpg\",\"width\":700,\"height\":346},{\"@type\":\"WebPage\",\"@id\":\"https:\/\/friitala.fi\/myymalat\/#webpage\",\"url\":\"https:\/\/friitala.fi\/myymalat\/\",\"name\":\"FRIITALA | Myym\u00e4l\u00e4t\",\"isPartOf\":{\"@id\":\"https:\/\/friitala.fi\/en_gb\/#website\"},\"primaryImageOfPage\":{\"@id\":\"https:\/\/friitala.fi\/myymalat\/#primaryimage\"},\"datePublished\":\"2022-01-20T20:19:54+00:00\",\"dateModified\":\"2023-10-02T08:48:31+00:00\",\"breadcrumb\":{\"@id\":\"https:\/\/friitala.fi\/myymalat\/#breadcrumb\"},\"inLanguage\":\"en-GB\",\"potentialAction\":[{\"@type\":\"ReadAction\",\"target\":[\"https:\/\/friitala.fi\/myymalat\/\"]}]},{\"@type\":\"BreadcrumbList\",\"@id\":\"https:\/\/friitala.fi\/myymalat\/#breadcrumb\",\"itemListElement\":[{\"@type\":\"ListItem\",\"position\":1,\"name\":\"Etusivu\",\"item\":\"https:\/\/friitala.fi\/\"},{\"@type\":\"ListItem\",\"position\":2,\"name\":\"Myym\u00e4l\u00e4t\"}]}]}<\/script>\n<!-- \/ Yoast SEO plugin. -->","yoast_head_json":{"title":"FRIITALA | Myym\u00e4l\u00e4t","robots":{"index":"index","follow":"follow","max-snippet":"max-snippet:-1","max-image-preview":"max-image-preview:large","max-video-preview":"max-video-preview:-1"},"canonical":"https:\/\/friitala.fi\/en_gb\/myymalat\/","og_locale":"en_GB","og_type":"article","og_title":"FRIITALA | Myym\u00e4l\u00e4t","og_description":"Myym\u00e4l\u00e4t Friitala-myym\u00e4l\u00e4ss\u00e4 p\u00e4\u00e4set tutustumaan koko laajan valikoimaamme nahkatakkeja, kelsiturkkeja, laukkuja, kenki\u00e4 ja asusteita. Myym\u00e4l\u00e4ss\u00e4 on my\u00f6s paljon malleja ja tuotteita, joita ei v\u00e4ltt\u00e4m\u00e4tt\u00e4 verkkokaupasta l\u00f6ydy! Ammattitaitoiset myyj\u00e4mme auttavat mielell\u00e4\u00e4n sopivien tuotteiden valinnassa. Outlet-myym\u00e4l\u00e4 on avara, uudella konseptilla suunniteltu myym\u00e4l\u00e4, joka myy t\u00e4m\u00e4n p\u00e4iv\u00e4n suomalaista ja kansainv\u00e4list\u00e4 nahkamuotia:\u00a0 Friitalan mallistojen uusinta uutta, yksitt\u00e4iskappaleita, n\u00e4yt\u00f6sasuja, huikeita l\u00f6yt\u00f6j\u00e4, &hellip; Myym\u00e4l\u00e4t Read More &raquo;","og_url":"https:\/\/friitala.fi\/en_gb\/myymalat\/","og_site_name":"Friitala","article_modified_time":"2023-10-02T08:48:31+00:00","og_image":[{"url":"http:\/\/friitala.fi\/wp-content\/uploads\/2023\/10\/sello-friitala-copy.jpg"}],"twitter_card":"summary_large_image","twitter_misc":{"Estimated reading time":"2 minutes"},"schema":{"@context":"https:\/\/schema.org","@graph":[{"@type":"WebSite","@id":"https:\/\/friitala.fi\/en_gb\/#website","url":"https:\/\/friitala.fi\/en_gb\/","name":"Friitala","description":"Friitala","potentialAction":[{"@type":"SearchAction","target":{"@type":"EntryPoint","urlTemplate":"https:\/\/friitala.fi\/en_gb\/?s={search_term_string}"},"query-input":"required name=search_term_string"}],"inLanguage":"en-GB"},{"@type":"ImageObject","@id":"https:\/\/friitala.fi\/myymalat\/#primaryimage","inLanguage":"en-GB","url":"https:\/\/friitala.fi\/wp-content\/uploads\/2023\/10\/sello-friitala-copy.jpg","contentUrl":"https:\/\/friitala.fi\/wp-content\/uploads\/2023\/10\/sello-friitala-copy.jpg","width":700,"height":346},{"@type":"WebPage","@id":"https:\/\/friitala.fi\/myymalat\/#webpage","url":"https:\/\/friitala.fi\/myymalat\/","name":"FRIITALA | Myym\u00e4l\u00e4t","isPartOf":{"@id":"https:\/\/friitala.fi\/en_gb\/#website"},"primaryImageOfPage":{"@id":"https:\/\/friitala.fi\/myymalat\/#primaryimage"},"datePublished":"2022-01-20T20:19:54+00:00","dateModified":"2023-10-02T08:48:31+00:00","breadcrumb":{"@id":"https:\/\/friitala.fi\/myymalat\/#breadcrumb"},"inLanguage":"en-GB","potentialAction":[{"@type":"ReadAction","target":["https:\/\/friitala.fi\/myymalat\/"]}]},{"@type":"BreadcrumbList","@id":"https:\/\/friitala.fi\/myymalat\/#breadcrumb","itemListElement":[{"@type":"ListItem","position":1,"name":"Etusivu","item":"https:\/\/friitala.fi\/"},{"@type":"ListItem","position":2,"name":"Myym\u00e4l\u00e4t"}]}]}},"_links":{"self":[{"href":"https:\/\/friitala.fi\/en_gb\/wp-json\/wp\/v2\/pages\/736"}],"collection":[{"href":"https:\/\/friitala.fi\/en_gb\/wp-json\/wp\/v2\/pages"}],"about":[{"href":"https:\/\/friitala.fi\/en_gb\/wp-json\/wp\/v2\/types\/page"}],"author":[{"embeddable":true,"href":"https:\/\/friitala.fi\/en_gb\/wp-json\/wp\/v2\/users\/1"}],"replies":[{"embeddable":true,"href":"https:\/\/friitala.fi\/en_gb\/wp-json\/wp\/v2\/comments?post=736"}],"version-history":[{"count":47,"href":"https:\/\/friitala.fi\/en_gb\/wp-json\/wp\/v2\/pages\/736\/revisions"}],"predecessor-version":[{"id":6867,"href":"https:\/\/friitala.fi\/en_gb\/wp-json\/wp\/v2\/pages\/736\/revisions\/6867"}],"wp:attachment":[{"href":"https:\/\/friitala.fi\/en_gb\/wp-json\/wp\/v2\/media?parent=736"}],"curies":[{"name":"wp","href":"https:\/\/api.w.org\/{rel}","templated":true}]}}