{"id":728,"date":"2022-01-20T20:12:49","date_gmt":"2022-01-20T20:12:49","guid":{"rendered":"http:\/\/friitala.fi\/?page_id=728"},"modified":"2022-01-25T16:57:31","modified_gmt":"2022-01-25T16:57:31","slug":"hoito-ohjeet","status":"publish","type":"page","link":"https:\/\/friitala.fi\/en_gb\/hoito-ohjeet\/","title":{"rendered":"Care instructions"},"content":{"rendered":"<div data-elementor-type=\"wp-page\" data-elementor-id=\"728\" class=\"elementor elementor-728\">\n\t\t\t\t\t\t\t\t\t<section class=\"elementor-section elementor-top-section elementor-element elementor-element-8d855e7 elementor-section-boxed elementor-section-height-default elementor-section-height-default\" data-id=\"8d855e7\" data-element_type=\"section\">\n\t\t\t\t\t\t<div class=\"elementor-container elementor-column-gap-default\">\n\t\t\t\t\t<div class=\"elementor-column elementor-col-100 elementor-top-column elementor-element elementor-element-2f32ddf\" data-id=\"2f32ddf\" data-element_type=\"column\">\n\t\t\t<div class=\"elementor-widget-wrap elementor-element-populated\">\n\t\t\t\t\t\t\t\t<div class=\"elementor-element elementor-element-6f8dad9 elementor-widget elementor-widget-spacer\" data-id=\"6f8dad9\" data-element_type=\"widget\" data-widget_type=\"spacer.default\">\n\t\t\t\t<div class=\"elementor-widget-container\">\n\t\t\t<style>\/*! elementor - v3.6.4 - 13-04-2022 *\/\n.e-container.e-container--row .elementor-spacer-inner{width:var(--spacer-size)}.e-container.e-container--column .elementor-spacer-inner,.elementor-column .elementor-spacer-inner{height:var(--spacer-size)}<\/style>\t\t<div class=\"elementor-spacer\">\n\t\t\t<div class=\"elementor-spacer-inner\"><\/div>\n\t\t<\/div>\n\t\t\t\t<\/div>\n\t\t\t\t<\/div>\n\t\t\t\t<div class=\"elementor-element elementor-element-f8840f7 elementor-widget elementor-widget-heading\" data-id=\"f8840f7\" data-element_type=\"widget\" data-widget_type=\"heading.default\">\n\t\t\t\t<div class=\"elementor-widget-container\">\n\t\t\t<style>\/*! elementor - v3.6.4 - 13-04-2022 *\/\n.elementor-heading-title{padding:0;margin:0;line-height:1}.elementor-widget-heading .elementor-heading-title[class*=elementor-size-]>a{color:inherit;font-size:inherit;line-height:inherit}.elementor-widget-heading .elementor-heading-title.elementor-size-small{font-size:15px}.elementor-widget-heading .elementor-heading-title.elementor-size-medium{font-size:19px}.elementor-widget-heading .elementor-heading-title.elementor-size-large{font-size:29px}.elementor-widget-heading .elementor-heading-title.elementor-size-xl{font-size:39px}.elementor-widget-heading .elementor-heading-title.elementor-size-xxl{font-size:59px}<\/style><h2 class=\"elementor-heading-title elementor-size-default\">Care instructions<\/h2>\t\t<\/div>\n\t\t\t\t<\/div>\n\t\t\t\t<div class=\"elementor-element elementor-element-9eb0b5c elementor-widget elementor-widget-spacer\" data-id=\"9eb0b5c\" data-element_type=\"widget\" data-widget_type=\"spacer.default\">\n\t\t\t\t<div class=\"elementor-widget-container\">\n\t\t\t\t\t<div class=\"elementor-spacer\">\n\t\t\t<div class=\"elementor-spacer-inner\"><\/div>\n\t\t<\/div>\n\t\t\t\t<\/div>\n\t\t\t\t<\/div>\n\t\t\t\t<div class=\"elementor-element elementor-element-dd2b1c9 elementor-widget elementor-widget-text-editor\" data-id=\"dd2b1c9\" data-element_type=\"widget\" data-widget_type=\"text-editor.default\">\n\t\t\t\t<div class=\"elementor-widget-container\">\n\t\t\t<style>\/*! elementor - v3.6.4 - 13-04-2022 *\/\n.elementor-widget-text-editor.elementor-drop-cap-view-stacked .elementor-drop-cap{background-color:#818a91;color:#fff}.elementor-widget-text-editor.elementor-drop-cap-view-framed .elementor-drop-cap{color:#818a91;border:3px solid;background-color:transparent}.elementor-widget-text-editor:not(.elementor-drop-cap-view-default) .elementor-drop-cap{margin-top:8px}.elementor-widget-text-editor:not(.elementor-drop-cap-view-default) .elementor-drop-cap-letter{width:1em;height:1em}.elementor-widget-text-editor .elementor-drop-cap{float:left;text-align:center;line-height:1;font-size:50px}.elementor-widget-text-editor .elementor-drop-cap-letter{display:inline-block}<\/style>\t\t\t\t<h3>Leather clothing care instructions<\/h3><p><strong>This is how you take care of leather clothes<br \/><\/strong>Leather and leather clothing have been associated with people\u2019s lives and attire since the dawn of history. Leather clothing has always been valued for its material, durability and ease of care. In addition, the leather keeps the wind, but still it breathes.<\/p><p><strong>Carefree nappa leather<br \/><\/strong>With the development of leather finishing, finishing, dyeing and the way clothes are made, leather clothes have got a new look and are even more carefree. It has been said that the best treatment for a leather upper is a use that keeps the skin soft and supple. Stains can be wiped off the surface with a damp cloth or kitchen paper.<\/p><p><strong>Ventilate<br \/><\/strong>All leather clothing likes ventilation. Especially rain-cleaned, still moist air is good for leather clothes as well as human skin. If the leather garment has gotten wet through, it will be dried like a wool knit on a terry towel horizontally to prevent it from stretching. Friitala's WaterFree leather suits can withstand long-term rain.<\/p><p><strong>Store properly<br \/><\/strong>When not in use, leather suits are best preserved in a loose space on a good, sturdy clothes hanger. Leather pants are hung from the legs to the men's pants hanger.<\/p><p><strong>Mocha likes the treatment<br \/><\/strong>The suede surface does not repel dirt as effectively as nappa leather. Therefore, it is a good idea to know a few home sticks to get rid of small stains that have been used. You can prepare for stains by purchasing a suede spray and suede or white eraser. Before use, the spray should be tested in an invisible area. Wet spray stains should be carefully rubbed with a white cloth or kitchen paper, for example. The substance should not soak the paint or leave a ring. A bit of a loose abrasive doll always comes out of the suede, which can stick to clothes, but leaves by brushing off.<\/p><p><strong>Brush the suede surface<br \/><\/strong>All suede leather suits pick up from brushing. Along with Friitala's suede clothing, the customer receives a foam sponge, which is electrified from the brushing movement and efficiently absorbs dust, dirt and loose abrasive dust from the new outfit. To protect the new suede suit, you can spray protective agents that make the suit dirt and moisture repellent. Especially the collar that easily absorbs make-up and skin oil, as well as the sleeves, pockets and leg openings should be protected. Grease stains should be removed as soon as possible even with a paper towel. If the stain does not come off completely, the point is further treated with suede spray. Very small grease stains may disappear by themselves into the moccasin. Lipstick stain is removed like grease stains. Mocha furs can be stored in an airy home closet over the summer on a sturdy, wide enough clothes hanger, protected from sunlight and toast.<\/p><p><strong>Get rid of stains<br \/><\/strong>If you have an accident with a curl on your suede, it is a good idea to press the moisture immediately onto a handkerchief or kitchen towel, but the dirt will only be brushed off when the garment is dry, so the sand will not damage the suede surface. Stains that are difficult to remove include e.g. paint, blood and ballpoint pen stains. They should be removed immediately, as they will adhere to the skin when dry. Labeled or other stickers should not be affixed to the leather surface. Nail polish remover and turpentine are not suitable as leather care products at all.<\/p><p><strong>Basic cleaning<br \/><\/strong>When the suede garment is in need of basic cleaning throughout, it is taken to a laundry that is competent to clean leather garments. Such basic cleaning is a greater burden on leather clothing than on textile clothing.<br \/>NOTE. All new napkins and suede skins may be loose in color. Avoid contact with light surfaces and the use of white \/ light clothing in combination with new suede \/ napkin leather until the leather is slightly worn and there is no risk of discolouration.<\/p>\t\t\t\t\t\t<\/div>\n\t\t\t\t<\/div>\n\t\t\t\t<div class=\"elementor-element elementor-element-c229275 elementor-widget-divider--view-line elementor-widget elementor-widget-divider\" data-id=\"c229275\" data-element_type=\"widget\" data-widget_type=\"divider.default\">\n\t\t\t\t<div class=\"elementor-widget-container\">\n\t\t\t<style>\/*! elementor - v3.6.4 - 13-04-2022 *\/\n.elementor-widget-divider{--divider-border-style:none;--divider-border-width:1px;--divider-color:#2c2c2c;--divider-icon-size:20px;--divider-element-spacing:10px;--divider-pattern-height:24px;--divider-pattern-size:20px;--divider-pattern-url:none;--divider-pattern-repeat:repeat-x}.elementor-widget-divider .elementor-divider{display:-webkit-box;display:-ms-flexbox;display:flex}.elementor-widget-divider .elementor-divider__text{font-size:15px;line-height:1;max-width:95%}.elementor-widget-divider .elementor-divider__element{margin:0 var(--divider-element-spacing);-ms-flex-negative:0;flex-shrink:0}.elementor-widget-divider .elementor-icon{font-size:var(--divider-icon-size)}.elementor-widget-divider .elementor-divider-separator{display:-webkit-box;display:-ms-flexbox;display:flex;margin:0;direction:ltr}.elementor-widget-divider--view-line_icon .elementor-divider-separator,.elementor-widget-divider--view-line_text .elementor-divider-separator{-webkit-box-align:center;-ms-flex-align:center;align-items:center}.elementor-widget-divider--view-line_icon .elementor-divider-separator:after,.elementor-widget-divider--view-line_icon .elementor-divider-separator:before,.elementor-widget-divider--view-line_text .elementor-divider-separator:after,.elementor-widget-divider--view-line_text .elementor-divider-separator:before{display:block;content:\"\";border-bottom:0;-webkit-box-flex:1;-ms-flex-positive:1;flex-grow:1;border-top:var(--divider-border-width) var(--divider-border-style) var(--divider-color)}.elementor-widget-divider--element-align-left .elementor-divider .elementor-divider-separator>.elementor-divider__svg:first-of-type{-webkit-box-flex:0;-ms-flex-positive:0;flex-grow:0;-ms-flex-negative:100;flex-shrink:100}.elementor-widget-divider--element-align-left .elementor-divider-separator:before{content:none}.elementor-widget-divider--element-align-left .elementor-divider__element{margin-left:0}.elementor-widget-divider--element-align-right .elementor-divider .elementor-divider-separator>.elementor-divider__svg:last-of-type{-webkit-box-flex:0;-ms-flex-positive:0;flex-grow:0;-ms-flex-negative:100;flex-shrink:100}.elementor-widget-divider--element-align-right .elementor-divider-separator:after{content:none}.elementor-widget-divider--element-align-right .elementor-divider__element{margin-right:0}.elementor-widget-divider:not(.elementor-widget-divider--view-line_text):not(.elementor-widget-divider--view-line_icon) .elementor-divider-separator{border-top:var(--divider-border-width) var(--divider-border-style) var(--divider-color)}.elementor-widget-divider--separator-type-pattern{--divider-border-style:none}.elementor-widget-divider--separator-type-pattern.elementor-widget-divider--view-line .elementor-divider-separator,.elementor-widget-divider--separator-type-pattern:not(.elementor-widget-divider--view-line) .elementor-divider-separator:after,.elementor-widget-divider--separator-type-pattern:not(.elementor-widget-divider--view-line) .elementor-divider-separator:before,.elementor-widget-divider--separator-type-pattern:not([class*=elementor-widget-divider--view]) .elementor-divider-separator{width:100%;min-height:var(--divider-pattern-height);-webkit-mask-size:var(--divider-pattern-size) 100%;mask-size:var(--divider-pattern-size) 100%;-webkit-mask-repeat:var(--divider-pattern-repeat);mask-repeat:var(--divider-pattern-repeat);background-color:var(--divider-color);-webkit-mask-image:var(--divider-pattern-url);mask-image:var(--divider-pattern-url)}.elementor-widget-divider--no-spacing{--divider-pattern-size:auto}.elementor-widget-divider--bg-round{--divider-pattern-repeat:round}.rtl .elementor-widget-divider .elementor-divider__text{direction:rtl}<\/style>\t\t<div class=\"elementor-divider\">\n\t\t\t<span class=\"elementor-divider-separator\">\n\t\t\t\t\t\t<\/span>\n\t\t<\/div>\n\t\t\t\t<\/div>\n\t\t\t\t<\/div>\n\t\t\t\t<div class=\"elementor-element elementor-element-7a5c612 elementor-widget elementor-widget-text-editor\" data-id=\"7a5c612\" data-element_type=\"widget\" data-widget_type=\"text-editor.default\">\n\t\t\t\t<div class=\"elementor-widget-container\">\n\t\t\t\t\t\t\t<h3>Care instructions for leather shoes<\/h3>\n<p><strong>Dress up and undress the shoe properly. <br><\/strong><u>Always use a shoehorn.<\/u>Always use a shoehorn. The shoe should not be worn when placed on the foot, nor should it be removed from the foot by pulling with another shoe. Properly wearing the shoe and removing it from the foot with the help of a shoehorn prevents the shoe from wearing out, the heel from breaking and the sole from coming off.<\/p>\n<p><strong>Care and protect leather shoes. <br><\/strong><strong>Clean <\/strong>your shoes immediately after use. Cleaning extends the life of leather shoes. The edge area between the base and the cover should be thoroughly cleaned, for example with a used toothbrush. -When dirt gets in between, it makes the moisture feel good and the edge doesn't dry out. This can eventually lead to the base tearing or coming off prematurely.<br><strong><br>Thread and protect.<\/strong> In a leather shoe, use a buckle every couple of weeks and a moisture barrier over the buckle. Use shoe-colored plank, at least black shoe for black shoe.<br>Do not use beeswax-based shoe polish on adhesive-based shoes: Grease may remove the entire sole.<\/p>\n<p class=\" translation-block\"><strong>Rest, drying and storage<br>\n<\/strong>There should be more pairs of shoes. This is when the shoes occasionally get to ventilate, rest and dry. If possible, the outer shoes can sometimes be removed at the workplace. The same shoes should not be worn on consecutive days.\nOn days off, proper storage will further extend the life of your leather shoes. A typical mistake is that the shoes jerk in a shoe rack or hallway when folded at worst under other shoes. When folded, folds are pressed into the skin.\nIt would be advisable to put resting pads inside the leather shoes when not in use. This would be important, especially in seasonal storage.\n\u2013Lepolesti straightens the upper of the shoe and keeps it straight. If not used, the skin is more susceptible to cracking.\nShoes should be allowed to dry between uses. Sufficient time (1 day) should be allowed for drying.\n\u2013Leather shoes should not be left to dry next to the radiator, as this will cause the leather to dry too quickly. This exposes the skin to cracking. If the radiator is very hot, it can also burn the glues or leather of the shoes. Dry the leather shoe in an airy place away from heat sources.<\/p>\n<p><strong>If the soles and heels are worn, wear shoes with a shoemaker<\/strong><\/p>\t\t\t\t\t\t<\/div>\n\t\t\t\t<\/div>\n\t\t\t\t<div class=\"elementor-element elementor-element-83d0510 elementor-widget elementor-widget-spacer\" data-id=\"83d0510\" data-element_type=\"widget\" data-widget_type=\"spacer.default\">\n\t\t\t\t<div class=\"elementor-widget-container\">\n\t\t\t\t\t<div class=\"elementor-spacer\">\n\t\t\t<div class=\"elementor-spacer-inner\"><\/div>\n\t\t<\/div>\n\t\t\t\t<\/div>\n\t\t\t\t<\/div>\n\t\t\t\t\t<\/div>\n\t\t<\/div>\n\t\t\t\t\t\t\t<\/div>\n\t\t<\/section>\n\t\t\t\t\t\t\t<\/div>","protected":false},"excerpt":{"rendered":"<p>Hoito-ohjeet Nahkavaatteiden hoito-ohje N\u00e4in hoidat nahkavaatteitaNahka ja nahkavaatteet ovat liittyneet ihmisten el\u00e4m\u00e4\u00e4n ja pukeutumiseen historian aamuh\u00e4m\u00e4rista\u0308 la\u0308htien. Nahka-asut ovat aina olleet arvostettuja materiaalinsa, kest\u00e4vyytens\u00e4 ja helppohoitoisuutensa vuoksi. Lisa\u0308ksi nahka pita\u0308a\u0308 tuulta, mutta kuitenkin se hengitt\u00e4\u00e4. Huoleton nappanahkaNahan muokkauksen, viimeistelyjen, v\u00e4rj\u00e4ysten ja pukineen valmistustapojen kehittymisen myo\u0308t\u00e4 nahkapukineet ovat saaneet uutta ilmett\u00e4 ja ovat entist\u00e4 huolettomampia. Onkin &hellip;<\/p>\n<p class=\"read-more\"> <a class=\"\" href=\"https:\/\/friitala.fi\/en_gb\/hoito-ohjeet\/\"> <span class=\"screen-reader-text\">Care instructions<\/span> Read More &raquo;<\/a><\/p>","protected":false},"author":1,"featured_media":0,"parent":0,"menu_order":0,"comment_status":"closed","ping_status":"closed","template":"","meta":{"_monsterinsights_skip_tracking":false,"_monsterinsights_sitenote_active":false,"_monsterinsights_sitenote_note":"","_monsterinsights_sitenote_category":0,"site-sidebar-layout":"no-sidebar","site-content-layout":"page-builder","ast-main-header-display":"","ast-hfb-above-header-display":"","ast-hfb-below-header-display":"","ast-hfb-mobile-header-display":"","site-post-title":"disabled","ast-breadcrumbs-content":"","ast-featured-img":"disabled","footer-sml-layout":"","theme-transparent-header-meta":"","adv-header-id-meta":"","stick-header-meta":"","header-above-stick-meta":"","header-main-stick-meta":"","header-below-stick-meta":""},"yoast_head":"<!-- This site is optimized with the Yoast SEO plugin v18.6 - https:\/\/yoast.com\/wordpress\/plugins\/seo\/ -->\n<title>Hoito-ohjeet - Friitala<\/title>\n<meta name=\"robots\" content=\"noindex, nofollow\" \/>\n<meta property=\"og:locale\" content=\"en_GB\" \/>\n<meta property=\"og:type\" content=\"article\" \/>\n<meta property=\"og:title\" content=\"Hoito-ohjeet - Friitala\" \/>\n<meta property=\"og:description\" content=\"Hoito-ohjeet Nahkavaatteiden hoito-ohje N\u00e4in hoidat nahkavaatteitaNahka ja nahkavaatteet ovat liittyneet ihmisten el\u00e4m\u00e4\u00e4n ja pukeutumiseen historian aamuh\u00e4m\u00e4rista\u0308 la\u0308htien. Nahka-asut ovat aina olleet arvostettuja materiaalinsa, kest\u00e4vyytens\u00e4 ja helppohoitoisuutensa vuoksi. Lisa\u0308ksi nahka pita\u0308a\u0308 tuulta, mutta kuitenkin se hengitt\u00e4\u00e4. Huoleton nappanahkaNahan muokkauksen, viimeistelyjen, v\u00e4rj\u00e4ysten ja pukineen valmistustapojen kehittymisen myo\u0308t\u00e4 nahkapukineet ovat saaneet uutta ilmett\u00e4 ja ovat entist\u00e4 huolettomampia. Onkin &hellip; Hoito-ohjeet Read More &raquo;\" \/>\n<meta property=\"og:url\" content=\"https:\/\/friitala.fi\/en_gb\/hoito-ohjeet\/\" \/>\n<meta property=\"og:site_name\" content=\"Friitala\" \/>\n<meta property=\"article:modified_time\" content=\"2022-01-25T16:57:31+00:00\" \/>\n<meta name=\"twitter:card\" content=\"summary_large_image\" \/>\n<meta name=\"twitter:label1\" content=\"Estimated reading time\" \/>\n\t<meta name=\"twitter:data1\" content=\"5 minutes\" \/>\n<script type=\"application\/ld+json\" class=\"yoast-schema-graph\">{\"@context\":\"https:\/\/schema.org\",\"@graph\":[{\"@type\":\"WebSite\",\"@id\":\"https:\/\/friitala.fi\/en_gb\/#website\",\"url\":\"https:\/\/friitala.fi\/en_gb\/\",\"name\":\"Friitala\",\"description\":\"Friitala\",\"potentialAction\":[{\"@type\":\"SearchAction\",\"target\":{\"@type\":\"EntryPoint\",\"urlTemplate\":\"https:\/\/friitala.fi\/en_gb\/?s={search_term_string}\"},\"query-input\":\"required name=search_term_string\"}],\"inLanguage\":\"en-GB\"},{\"@type\":\"WebPage\",\"@id\":\"https:\/\/friitala.fi\/en_gb\/hoito-ohjeet\/#webpage\",\"url\":\"https:\/\/friitala.fi\/en_gb\/hoito-ohjeet\/\",\"name\":\"Hoito-ohjeet - Friitala\",\"isPartOf\":{\"@id\":\"https:\/\/friitala.fi\/en_gb\/#website\"},\"datePublished\":\"2022-01-20T20:12:49+00:00\",\"dateModified\":\"2022-01-25T16:57:31+00:00\",\"breadcrumb\":{\"@id\":\"https:\/\/friitala.fi\/en_gb\/hoito-ohjeet\/#breadcrumb\"},\"inLanguage\":\"en-GB\",\"potentialAction\":[{\"@type\":\"ReadAction\",\"target\":[\"https:\/\/friitala.fi\/en_gb\/hoito-ohjeet\/\"]}]},{\"@type\":\"BreadcrumbList\",\"@id\":\"https:\/\/friitala.fi\/en_gb\/hoito-ohjeet\/#breadcrumb\",\"itemListElement\":[{\"@type\":\"ListItem\",\"position\":1,\"name\":\"Etusivu\",\"item\":\"https:\/\/friitala.fi\/\"},{\"@type\":\"ListItem\",\"position\":2,\"name\":\"Hoito-ohjeet\"}]}]}<\/script>\n<!-- \/ Yoast SEO plugin. -->","yoast_head_json":{"title":"Hoito-ohjeet - Friitala","robots":{"index":"noindex","follow":"nofollow"},"og_locale":"en_GB","og_type":"article","og_title":"Hoito-ohjeet - Friitala","og_description":"Hoito-ohjeet Nahkavaatteiden hoito-ohje N\u00e4in hoidat nahkavaatteitaNahka ja nahkavaatteet ovat liittyneet ihmisten el\u00e4m\u00e4\u00e4n ja pukeutumiseen historian aamuh\u00e4m\u00e4rista\u0308 la\u0308htien. Nahka-asut ovat aina olleet arvostettuja materiaalinsa, kest\u00e4vyytens\u00e4 ja helppohoitoisuutensa vuoksi. Lisa\u0308ksi nahka pita\u0308a\u0308 tuulta, mutta kuitenkin se hengitt\u00e4\u00e4. Huoleton nappanahkaNahan muokkauksen, viimeistelyjen, v\u00e4rj\u00e4ysten ja pukineen valmistustapojen kehittymisen myo\u0308t\u00e4 nahkapukineet ovat saaneet uutta ilmett\u00e4 ja ovat entist\u00e4 huolettomampia. Onkin &hellip; Hoito-ohjeet Read More &raquo;","og_url":"https:\/\/friitala.fi\/en_gb\/hoito-ohjeet\/","og_site_name":"Friitala","article_modified_time":"2022-01-25T16:57:31+00:00","twitter_card":"summary_large_image","twitter_misc":{"Estimated reading time":"5 minutes"},"schema":{"@context":"https:\/\/schema.org","@graph":[{"@type":"WebSite","@id":"https:\/\/friitala.fi\/en_gb\/#website","url":"https:\/\/friitala.fi\/en_gb\/","name":"Friitala","description":"Friitala","potentialAction":[{"@type":"SearchAction","target":{"@type":"EntryPoint","urlTemplate":"https:\/\/friitala.fi\/en_gb\/?s={search_term_string}"},"query-input":"required name=search_term_string"}],"inLanguage":"en-GB"},{"@type":"WebPage","@id":"https:\/\/friitala.fi\/en_gb\/hoito-ohjeet\/#webpage","url":"https:\/\/friitala.fi\/en_gb\/hoito-ohjeet\/","name":"Hoito-ohjeet - Friitala","isPartOf":{"@id":"https:\/\/friitala.fi\/en_gb\/#website"},"datePublished":"2022-01-20T20:12:49+00:00","dateModified":"2022-01-25T16:57:31+00:00","breadcrumb":{"@id":"https:\/\/friitala.fi\/en_gb\/hoito-ohjeet\/#breadcrumb"},"inLanguage":"en-GB","potentialAction":[{"@type":"ReadAction","target":["https:\/\/friitala.fi\/en_gb\/hoito-ohjeet\/"]}]},{"@type":"BreadcrumbList","@id":"https:\/\/friitala.fi\/en_gb\/hoito-ohjeet\/#breadcrumb","itemListElement":[{"@type":"ListItem","position":1,"name":"Etusivu","item":"https:\/\/friitala.fi\/"},{"@type":"ListItem","position":2,"name":"Hoito-ohjeet"}]}]}},"_links":{"self":[{"href":"https:\/\/friitala.fi\/en_gb\/wp-json\/wp\/v2\/pages\/728"}],"collection":[{"href":"https:\/\/friitala.fi\/en_gb\/wp-json\/wp\/v2\/pages"}],"about":[{"href":"https:\/\/friitala.fi\/en_gb\/wp-json\/wp\/v2\/types\/page"}],"author":[{"embeddable":true,"href":"https:\/\/friitala.fi\/en_gb\/wp-json\/wp\/v2\/users\/1"}],"replies":[{"embeddable":true,"href":"https:\/\/friitala.fi\/en_gb\/wp-json\/wp\/v2\/comments?post=728"}],"version-history":[{"count":27,"href":"https:\/\/friitala.fi\/en_gb\/wp-json\/wp\/v2\/pages\/728\/revisions"}],"predecessor-version":[{"id":1141,"href":"https:\/\/friitala.fi\/en_gb\/wp-json\/wp\/v2\/pages\/728\/revisions\/1141"}],"wp:attachment":[{"href":"https:\/\/friitala.fi\/en_gb\/wp-json\/wp\/v2\/media?parent=728"}],"curies":[{"name":"wp","href":"https:\/\/api.w.org\/{rel}","templated":true}]}}