{"id":714,"date":"2022-01-20T19:27:16","date_gmt":"2022-01-20T19:27:16","guid":{"rendered":"http:\/\/friitala.fi\/?page_id=714"},"modified":"2022-04-21T14:03:47","modified_gmt":"2022-04-21T14:03:47","slug":"toimitusehdot","status":"publish","type":"page","link":"https:\/\/friitala.fi\/en_gb\/toimitusehdot\/","title":{"rendered":"Terms of delivery"},"content":{"rendered":"<div data-elementor-type=\"wp-page\" data-elementor-id=\"714\" class=\"elementor elementor-714\">\n\t\t\t\t\t\t\t\t\t<section class=\"elementor-section elementor-top-section elementor-element elementor-element-eff42c7 elementor-section-boxed elementor-section-height-default elementor-section-height-default\" data-id=\"eff42c7\" data-element_type=\"section\">\n\t\t\t\t\t\t<div class=\"elementor-container elementor-column-gap-default\">\n\t\t\t\t\t<div class=\"elementor-column elementor-col-100 elementor-top-column elementor-element elementor-element-357e232\" data-id=\"357e232\" data-element_type=\"column\">\n\t\t\t<div class=\"elementor-widget-wrap elementor-element-populated\">\n\t\t\t\t\t\t\t\t<div class=\"elementor-element elementor-element-e7324a7 elementor-widget elementor-widget-spacer\" data-id=\"e7324a7\" data-element_type=\"widget\" data-widget_type=\"spacer.default\">\n\t\t\t\t<div class=\"elementor-widget-container\">\n\t\t\t<style>\/*! elementor - v3.6.4 - 13-04-2022 *\/\n.e-container.e-container--row .elementor-spacer-inner{width:var(--spacer-size)}.e-container.e-container--column .elementor-spacer-inner,.elementor-column .elementor-spacer-inner{height:var(--spacer-size)}<\/style>\t\t<div class=\"elementor-spacer\">\n\t\t\t<div class=\"elementor-spacer-inner\"><\/div>\n\t\t<\/div>\n\t\t\t\t<\/div>\n\t\t\t\t<\/div>\n\t\t\t\t<div class=\"elementor-element elementor-element-7efb635 elementor-widget elementor-widget-heading\" data-id=\"7efb635\" data-element_type=\"widget\" data-widget_type=\"heading.default\">\n\t\t\t\t<div class=\"elementor-widget-container\">\n\t\t\t<style>\/*! elementor - v3.6.4 - 13-04-2022 *\/\n.elementor-heading-title{padding:0;margin:0;line-height:1}.elementor-widget-heading .elementor-heading-title[class*=elementor-size-]>a{color:inherit;font-size:inherit;line-height:inherit}.elementor-widget-heading .elementor-heading-title.elementor-size-small{font-size:15px}.elementor-widget-heading .elementor-heading-title.elementor-size-medium{font-size:19px}.elementor-widget-heading .elementor-heading-title.elementor-size-large{font-size:29px}.elementor-widget-heading .elementor-heading-title.elementor-size-xl{font-size:39px}.elementor-widget-heading .elementor-heading-title.elementor-size-xxl{font-size:59px}<\/style><h2 class=\"elementor-heading-title elementor-size-default\">Terms of delivery<\/h2>\t\t<\/div>\n\t\t\t\t<\/div>\n\t\t\t\t<div class=\"elementor-element elementor-element-df5fb48 elementor-widget elementor-widget-text-editor\" data-id=\"df5fb48\" data-element_type=\"widget\" data-widget_type=\"text-editor.default\">\n\t\t\t\t<div class=\"elementor-widget-container\">\n\t\t\t<style>\/*! elementor - v3.6.4 - 13-04-2022 *\/\n.elementor-widget-text-editor.elementor-drop-cap-view-stacked .elementor-drop-cap{background-color:#818a91;color:#fff}.elementor-widget-text-editor.elementor-drop-cap-view-framed .elementor-drop-cap{color:#818a91;border:3px solid;background-color:transparent}.elementor-widget-text-editor:not(.elementor-drop-cap-view-default) .elementor-drop-cap{margin-top:8px}.elementor-widget-text-editor:not(.elementor-drop-cap-view-default) .elementor-drop-cap-letter{width:1em;height:1em}.elementor-widget-text-editor .elementor-drop-cap{float:left;text-align:center;line-height:1;font-size:50px}.elementor-widget-text-editor .elementor-drop-cap-letter{display:inline-block}<\/style>\t\t\t\t<p>FRIITALA FASHION OY 0938469-6 (hereinafter online store) sells products to private individuals in Finland. We reserve the right to change delivery terms and prices. Product prices include VAT.<\/p>\n<p><strong>Ecommerce contact information<br><\/strong>S\u00e4hk\u00f6posti: <a href=\"mailto:info@friitala.fi\" target=\"_blank\" rel=\"noopener\">info@friitala.fi<\/a> <br>Puhelin:093277900<br>Postiosoite: H\u00e4rk\u00e4haankuja &nbsp;14, 01730 Vantaa&nbsp;<\/p>\n<p><strong>Ordering<br><\/strong>The products to be ordered are selected on the website by adding them to the shopping cart. The order is sent by paying for the contents of the Shopping Cart in the e-commerce checkout function. By placing an order, you accept these delivery terms, product prices and delivery costs. If an e-mail address is provided at the time of ordering, an order confirmation will be sent by e-mail. The ordered products and the price appear in the order confirmation.<\/p>\n<p><strong style=\"font-style: inherit;\">Payment<br><\/strong>Verkkokaupan maksuv\u00e4litt\u00e4j\u00e4n\u00e4 toimii Visma Pay (Visma Payments Oy, y-tunnus 2486559-4), joka on rekister\u00f6ity Finanssivalvonnan yll\u00e4pit\u00e4m\u00e4\u00e4n maksulaitosrekisteriin. Maksamiseen siirryt\u00e4\u00e4n Visma Payn verkkopalvelun kautta ja tiliotteella ja laskulla maksun saajana n\u00e4kyy Visma Pay tai Visma Payments Oy. Visma Pay v\u00e4litt\u00e4\u00e4 maksut verkkokauppiaalle. Maksaminen on turvallista, sill\u00e4 kaikki maksutapahtumaa koskevat tiedot v\u00e4litet\u00e4\u00e4n salattua yhteytt\u00e4 k\u00e4ytt\u00e4en niin ettei kukaan ulkopuolinen taho n\u00e4e maksutapahtuman tietoja.<\/p>\n<p>Kauppa syntyy verkkokaupan asiakkaan ja verkkokaupan v\u00e4lille. Verkkokaupan vastuulla ovat kaikki kauppaan liittyv\u00e4t velvoitteet.<\/p>\n<p>Lue lis\u00e4\u00e4 Visma Paysta: https:\/\/www.visma.fi\/vismapay\/<\/p>\n<p>Payment methods<\/p>\n<p>Visma Pay -palvelun kautta voit maksaa verkkopankkitunnuksilla, lompakolla, maksukorteilla (credit\/debit), laskulla tai osamaksulla. K\u00e4ytett\u00e4viss\u00e4 ovat seuraavat maksutavat: Osuuspankki, Nordea, Danske Bank, Oma S\u00e4\u00e4st\u00f6pankki, S\u00e4\u00e4st\u00f6pankki, Aktia, Paikallisosuuspankit, S-Pankki, Handelsbanken, \u00c5landsbanken, MobilePay, Masterpass, Pivo, Visa-, Visa Debit-, Visa Electron-, MasterCard- ja Debit MasterCard -kortit, sek\u00e4 Jousto, Fellow Lasku ja Fellow Yrityslasku.<\/p>\n<p>MobilePay: You can pay with your MobilePay wallet if you have allowed online shopping to pay for the app settings. Payments made with MobilePay will be charged to the debit card attached to the wallet. If it is not possible to charge the payment card, it will not be possible to pay with the MobilePay wallet in the online store.<\/p>\n<p class=\" translation-block\">Pivo: The terms of use are available on Pivo's website: https:\/\/pivo.fi\/kayttohdot\/pivon-kayttoingim\/<\/p>\n<p>Jousto lasku ja osamaksu on kotimainen palvelu, jolla teet ostoksesi nopeasti ja turvallisesti. Jousto on tarkoitettu yksityishenkil\u00f6ille, jotka ovat hoitaneet raha-asiansa moitteettomasti. Joustolla saat 30 vuorokautta korotonta ja kulutonta maksuaikaa. Laskun saatuasi voit p\u00e4\u00e4tt\u00e4\u00e4 maksatko sen kokonaan vai osissa. Osamaksulla voit maksaa ostoksesi jopa 36:ssa er\u00e4ss\u00e4, alkaen 9,90 eur\/kk. Jousto osamaksun kustannukset ovat 3,90 eur\/kk ja 19,90%:n luottokorko. Voit maksaa Joustolla 30\u20133000 euron ostoksia. Luotonmy\u00f6nt\u00e4j\u00e4n\u00e4 toimii Aurajoki Nordic Oy. Lue lis\u00e4\u00e4 Joustosta osoitteessa www.jousto.com.<\/p>\n<p>Fellow Yrityslasku <br>Markkinoiden helpointa B2B ostamista Ostaminen Fellow Yrityslaskulla onnistuu l\u00e4hes aina pelkkien yhteystietojen avulla, ilman vahvaa tunnistautumista. Riitt\u00e4\u00e4, ett\u00e4 pystymme varmistamaan ostajan ja h\u00e4nen edustaman yrityksen v\u00e4lisen yhteyden. Lasku l\u00e4hetet\u00e4\u00e4n ensisijaisesti verkkolaskuna, mutta my\u00f6s s\u00e4hk\u00f6postilasku ja paperilasku ovat mahdollisia. Meill\u00e4 on valmiina tiedossa yritysten viralliset verkkolaskuosoitteet, joten my\u00f6s laskutusosoitteen valinta on helppoa. Ostolaskun k\u00e4sittely on suunniteltu yritysostajan kannalta mahdollisimman sujuvaksi ja ostaja saa lis\u00e4tty laskulle laskun kohdentamiseen tarvittavat viitetiedot. Lis\u00e4ksi laskulta l\u00f6ytyy ALV-erittely. Fellow Yrityslaskun normaali maksuaika on 14 vuorokautta. Halutessaan maksuaikaa voi pident\u00e4\u00e4 jopa 60 vuorokauteen. Fellow Yrityslaskun luottoraja on 5000 \u20ac. Jos yrityksenne tarvitsee korkeamman luottorajan, voitte olla yhteydess\u00e4 Fellow asiakaspalveluun. Fellow Yrityslaskun mahdollistaa Fellow Finance Oyj. Lis\u00e4tietoja Fellow Yrityslaskusta l\u00f6ytyy seuraavasta linkist\u00e4: https:\/\/www.fellowfinance.fi\/maksaminen\/yrityslasku<br><\/p>\n<p>Visma Pay -maksupalvelun yhteystiedot<\/p>\n<p>Visma Payments Oy (Y-tunnus 2486559-4)<br>S\u00e4hk\u00f6posti: helpdesk@vismapay.com<br>Puhelin: 09 315 42 037 (arkisin klo 8-16)<br>Postiosoite: Brahenkatu 4, 53100 Lappeenranta<\/p>\n<p><strong><br>Delivery<br><\/strong>Orders are mailed on weekdays. Delivery time for products delivered from stock is usually 3-5 business days. If the delivered products are custom-made, the delivery time is usually 1-3 weeks. Delivery costs depend on the chosen delivery method, possible additional services, the weight and size of the order. You will see the delivery costs in the e-commerce checkout function before the final acceptance of the order.<\/p>\n<p>If the product is lost or damaged during delivery, this must be reported immediately, but within 14 days to the online store. Packages damaged in delivery must be reported immediately to the company responsible for delivery.<\/p>\n<p><strong>Returns<br><\/strong>The customer of the online store has a 14-day right of exchange and return in accordance with the Consumer Protection Act. The customer has the right to exchange or return some or all of the products in the order. Products returned or exchanged must be in their original packaging and in good condition for sale. If you want to return or exchange the products, first contact the online store and ask for return instructions. Please include your name, contact information and account number in the refund for a possible refund.&nbsp;<\/p>\n<p><strong>Order cancellation, liability for errors and complaints<br><\/strong>Prior to delivery, the order can be canceled by written notice via email. The online store has a statutory liability for defects in the products sold. In case of complaints, please contact our customer service. The consumer has the right to refer any disputes to the Consumer Disputes Board.<\/p>\t\t\t\t\t\t<\/div>\n\t\t\t\t<\/div>\n\t\t\t\t<div class=\"elementor-element elementor-element-697a0f9 elementor-widget elementor-widget-spacer\" data-id=\"697a0f9\" data-element_type=\"widget\" data-widget_type=\"spacer.default\">\n\t\t\t\t<div class=\"elementor-widget-container\">\n\t\t\t\t\t<div class=\"elementor-spacer\">\n\t\t\t<div class=\"elementor-spacer-inner\"><\/div>\n\t\t<\/div>\n\t\t\t\t<\/div>\n\t\t\t\t<\/div>\n\t\t\t\t\t<\/div>\n\t\t<\/div>\n\t\t\t\t\t\t\t<\/div>\n\t\t<\/section>\n\t\t\t\t\t\t\t<\/div>","protected":false},"excerpt":{"rendered":"<p>Toimitusehdot FRIITALA FASHION OY 0938469-6 (j\u00e4ljemp\u00e4n\u00e4 verkkokauppa) myy tuotteita yksityishenkil\u00f6ille Suomeen. Pid\u00e4t\u00e4mme oikeuden toimitusehtojen ja hintojen muutoksiin. Tuotteiden hinnat sis\u00e4lt\u00e4v\u00e4t arvonlis\u00e4veron. Verkkokaupan yhteystiedotS\u00e4hk\u00f6posti: info@friitala.fi Puhelin:093277900Postiosoite: H\u00e4rk\u00e4haankuja &nbsp;14, 01730 Vantaa&nbsp; TilaaminenTilattavat tuotteet valitaan kotisivuilla lis\u00e4\u00e4m\u00e4ll\u00e4 ne ostoskoriin. Tilaus l\u00e4hetet\u00e4\u00e4n maksamalla ostoskorin sis\u00e4lt\u00f6 verkkokaupan kassatoiminnossa. Tehdess\u00e4si tilauksen hyv\u00e4ksyt n\u00e4m\u00e4 toimitusehdot, tuotteiden hinnat sek\u00e4 toimituskulut. Mik\u00e4li tilaushetkell\u00e4 annetaan &hellip;<\/p>\n<p class=\"read-more\"> <a class=\"\" href=\"https:\/\/friitala.fi\/en_gb\/toimitusehdot\/\"> <span class=\"screen-reader-text\">Terms of delivery<\/span> Read More &raquo;<\/a><\/p>","protected":false},"author":1,"featured_media":0,"parent":0,"menu_order":0,"comment_status":"closed","ping_status":"closed","template":"","meta":{"_monsterinsights_skip_tracking":false,"_monsterinsights_sitenote_active":false,"_monsterinsights_sitenote_note":"","_monsterinsights_sitenote_category":0,"site-sidebar-layout":"no-sidebar","site-content-layout":"page-builder","ast-main-header-display":"","ast-hfb-above-header-display":"","ast-hfb-below-header-display":"","ast-hfb-mobile-header-display":"","site-post-title":"disabled","ast-breadcrumbs-content":"","ast-featured-img":"disabled","footer-sml-layout":"","theme-transparent-header-meta":"","adv-header-id-meta":"","stick-header-meta":"","header-above-stick-meta":"","header-main-stick-meta":"","header-below-stick-meta":""},"yoast_head":"<!-- This site is optimized with the Yoast SEO plugin v18.6 - https:\/\/yoast.com\/wordpress\/plugins\/seo\/ -->\n<title>Toimitusehdot - Friitala<\/title>\n<meta name=\"robots\" content=\"noindex, nofollow\" \/>\n<meta property=\"og:locale\" content=\"en_GB\" \/>\n<meta property=\"og:type\" content=\"article\" \/>\n<meta property=\"og:title\" content=\"Toimitusehdot - Friitala\" \/>\n<meta property=\"og:description\" content=\"Toimitusehdot FRIITALA FASHION OY 0938469-6 (j\u00e4ljemp\u00e4n\u00e4 verkkokauppa) myy tuotteita yksityishenkil\u00f6ille Suomeen. Pid\u00e4t\u00e4mme oikeuden toimitusehtojen ja hintojen muutoksiin. Tuotteiden hinnat sis\u00e4lt\u00e4v\u00e4t arvonlis\u00e4veron. Verkkokaupan yhteystiedotS\u00e4hk\u00f6posti: info@friitala.fi Puhelin:093277900Postiosoite: H\u00e4rk\u00e4haankuja &nbsp;14, 01730 Vantaa&nbsp; TilaaminenTilattavat tuotteet valitaan kotisivuilla lis\u00e4\u00e4m\u00e4ll\u00e4 ne ostoskoriin. Tilaus l\u00e4hetet\u00e4\u00e4n maksamalla ostoskorin sis\u00e4lt\u00f6 verkkokaupan kassatoiminnossa. Tehdess\u00e4si tilauksen hyv\u00e4ksyt n\u00e4m\u00e4 toimitusehdot, tuotteiden hinnat sek\u00e4 toimituskulut. Mik\u00e4li tilaushetkell\u00e4 annetaan &hellip; Toimitusehdot Read More &raquo;\" \/>\n<meta property=\"og:url\" content=\"https:\/\/friitala.fi\/en_gb\/toimitusehdot\/\" \/>\n<meta property=\"og:site_name\" content=\"Friitala\" \/>\n<meta property=\"article:modified_time\" content=\"2022-04-21T14:03:47+00:00\" \/>\n<meta name=\"twitter:card\" content=\"summary_large_image\" \/>\n<meta name=\"twitter:label1\" content=\"Estimated reading time\" \/>\n\t<meta name=\"twitter:data1\" content=\"4 minutes\" \/>\n<script type=\"application\/ld+json\" class=\"yoast-schema-graph\">{\"@context\":\"https:\/\/schema.org\",\"@graph\":[{\"@type\":\"WebSite\",\"@id\":\"https:\/\/friitala.fi\/en_gb\/#website\",\"url\":\"https:\/\/friitala.fi\/en_gb\/\",\"name\":\"Friitala\",\"description\":\"Friitala\",\"potentialAction\":[{\"@type\":\"SearchAction\",\"target\":{\"@type\":\"EntryPoint\",\"urlTemplate\":\"https:\/\/friitala.fi\/en_gb\/?s={search_term_string}\"},\"query-input\":\"required name=search_term_string\"}],\"inLanguage\":\"en-GB\"},{\"@type\":\"WebPage\",\"@id\":\"https:\/\/friitala.fi\/toimitusehdot\/#webpage\",\"url\":\"https:\/\/friitala.fi\/toimitusehdot\/\",\"name\":\"Toimitusehdot - Friitala\",\"isPartOf\":{\"@id\":\"https:\/\/friitala.fi\/en_gb\/#website\"},\"datePublished\":\"2022-01-20T19:27:16+00:00\",\"dateModified\":\"2022-04-21T14:03:47+00:00\",\"breadcrumb\":{\"@id\":\"https:\/\/friitala.fi\/toimitusehdot\/#breadcrumb\"},\"inLanguage\":\"en-GB\",\"potentialAction\":[{\"@type\":\"ReadAction\",\"target\":[\"https:\/\/friitala.fi\/toimitusehdot\/\"]}]},{\"@type\":\"BreadcrumbList\",\"@id\":\"https:\/\/friitala.fi\/toimitusehdot\/#breadcrumb\",\"itemListElement\":[{\"@type\":\"ListItem\",\"position\":1,\"name\":\"Etusivu\",\"item\":\"https:\/\/friitala.fi\/\"},{\"@type\":\"ListItem\",\"position\":2,\"name\":\"Toimitusehdot\"}]}]}<\/script>\n<!-- \/ Yoast SEO plugin. -->","yoast_head_json":{"title":"Toimitusehdot - Friitala","robots":{"index":"noindex","follow":"nofollow"},"og_locale":"en_GB","og_type":"article","og_title":"Toimitusehdot - Friitala","og_description":"Toimitusehdot FRIITALA FASHION OY 0938469-6 (j\u00e4ljemp\u00e4n\u00e4 verkkokauppa) myy tuotteita yksityishenkil\u00f6ille Suomeen. Pid\u00e4t\u00e4mme oikeuden toimitusehtojen ja hintojen muutoksiin. Tuotteiden hinnat sis\u00e4lt\u00e4v\u00e4t arvonlis\u00e4veron. Verkkokaupan yhteystiedotS\u00e4hk\u00f6posti: info@friitala.fi Puhelin:093277900Postiosoite: H\u00e4rk\u00e4haankuja &nbsp;14, 01730 Vantaa&nbsp; TilaaminenTilattavat tuotteet valitaan kotisivuilla lis\u00e4\u00e4m\u00e4ll\u00e4 ne ostoskoriin. Tilaus l\u00e4hetet\u00e4\u00e4n maksamalla ostoskorin sis\u00e4lt\u00f6 verkkokaupan kassatoiminnossa. Tehdess\u00e4si tilauksen hyv\u00e4ksyt n\u00e4m\u00e4 toimitusehdot, tuotteiden hinnat sek\u00e4 toimituskulut. Mik\u00e4li tilaushetkell\u00e4 annetaan &hellip; Toimitusehdot Read More &raquo;","og_url":"https:\/\/friitala.fi\/en_gb\/toimitusehdot\/","og_site_name":"Friitala","article_modified_time":"2022-04-21T14:03:47+00:00","twitter_card":"summary_large_image","twitter_misc":{"Estimated reading time":"4 minutes"},"schema":{"@context":"https:\/\/schema.org","@graph":[{"@type":"WebSite","@id":"https:\/\/friitala.fi\/en_gb\/#website","url":"https:\/\/friitala.fi\/en_gb\/","name":"Friitala","description":"Friitala","potentialAction":[{"@type":"SearchAction","target":{"@type":"EntryPoint","urlTemplate":"https:\/\/friitala.fi\/en_gb\/?s={search_term_string}"},"query-input":"required name=search_term_string"}],"inLanguage":"en-GB"},{"@type":"WebPage","@id":"https:\/\/friitala.fi\/toimitusehdot\/#webpage","url":"https:\/\/friitala.fi\/toimitusehdot\/","name":"Toimitusehdot - Friitala","isPartOf":{"@id":"https:\/\/friitala.fi\/en_gb\/#website"},"datePublished":"2022-01-20T19:27:16+00:00","dateModified":"2022-04-21T14:03:47+00:00","breadcrumb":{"@id":"https:\/\/friitala.fi\/toimitusehdot\/#breadcrumb"},"inLanguage":"en-GB","potentialAction":[{"@type":"ReadAction","target":["https:\/\/friitala.fi\/toimitusehdot\/"]}]},{"@type":"BreadcrumbList","@id":"https:\/\/friitala.fi\/toimitusehdot\/#breadcrumb","itemListElement":[{"@type":"ListItem","position":1,"name":"Etusivu","item":"https:\/\/friitala.fi\/"},{"@type":"ListItem","position":2,"name":"Toimitusehdot"}]}]}},"_links":{"self":[{"href":"https:\/\/friitala.fi\/en_gb\/wp-json\/wp\/v2\/pages\/714"}],"collection":[{"href":"https:\/\/friitala.fi\/en_gb\/wp-json\/wp\/v2\/pages"}],"about":[{"href":"https:\/\/friitala.fi\/en_gb\/wp-json\/wp\/v2\/types\/page"}],"author":[{"embeddable":true,"href":"https:\/\/friitala.fi\/en_gb\/wp-json\/wp\/v2\/users\/1"}],"replies":[{"embeddable":true,"href":"https:\/\/friitala.fi\/en_gb\/wp-json\/wp\/v2\/comments?post=714"}],"version-history":[{"count":23,"href":"https:\/\/friitala.fi\/en_gb\/wp-json\/wp\/v2\/pages\/714\/revisions"}],"predecessor-version":[{"id":5882,"href":"https:\/\/friitala.fi\/en_gb\/wp-json\/wp\/v2\/pages\/714\/revisions\/5882"}],"wp:attachment":[{"href":"https:\/\/friitala.fi\/en_gb\/wp-json\/wp\/v2\/media?parent=714"}],"curies":[{"name":"wp","href":"https:\/\/api.w.org\/{rel}","templated":true}]}}