{"id":699,"date":"2022-01-20T19:23:25","date_gmt":"2022-01-20T19:23:25","guid":{"rendered":"http:\/\/friitala.fi\/?page_id=699"},"modified":"2022-04-21T14:04:45","modified_gmt":"2022-04-21T14:04:45","slug":"tietosuoja","status":"publish","type":"page","link":"https:\/\/friitala.fi\/en_gb\/tietosuoja\/","title":{"rendered":"Privacy Policy"},"content":{"rendered":"<div data-elementor-type=\"wp-page\" data-elementor-id=\"699\" class=\"elementor elementor-699\">\n\t\t\t\t\t\t\t\t\t<section class=\"elementor-section elementor-top-section elementor-element elementor-element-3bfa298 elementor-section-boxed elementor-section-height-default elementor-section-height-default\" data-id=\"3bfa298\" data-element_type=\"section\">\n\t\t\t\t\t\t<div class=\"elementor-container elementor-column-gap-default\">\n\t\t\t\t\t<div class=\"elementor-column elementor-col-100 elementor-top-column elementor-element elementor-element-00c4483\" data-id=\"00c4483\" data-element_type=\"column\">\n\t\t\t<div class=\"elementor-widget-wrap elementor-element-populated\">\n\t\t\t\t\t\t\t\t<div class=\"elementor-element elementor-element-987ef54 elementor-widget elementor-widget-spacer\" data-id=\"987ef54\" data-element_type=\"widget\" data-widget_type=\"spacer.default\">\n\t\t\t\t<div class=\"elementor-widget-container\">\n\t\t\t<style>\/*! elementor - v3.6.4 - 13-04-2022 *\/\n.e-container.e-container--row .elementor-spacer-inner{width:var(--spacer-size)}.e-container.e-container--column .elementor-spacer-inner,.elementor-column .elementor-spacer-inner{height:var(--spacer-size)}<\/style>\t\t<div class=\"elementor-spacer\">\n\t\t\t<div class=\"elementor-spacer-inner\"><\/div>\n\t\t<\/div>\n\t\t\t\t<\/div>\n\t\t\t\t<\/div>\n\t\t\t\t<div class=\"elementor-element elementor-element-2675b97 elementor-widget elementor-widget-heading\" data-id=\"2675b97\" data-element_type=\"widget\" data-widget_type=\"heading.default\">\n\t\t\t\t<div class=\"elementor-widget-container\">\n\t\t\t<style>\/*! elementor - v3.6.4 - 13-04-2022 *\/\n.elementor-heading-title{padding:0;margin:0;line-height:1}.elementor-widget-heading .elementor-heading-title[class*=elementor-size-]>a{color:inherit;font-size:inherit;line-height:inherit}.elementor-widget-heading .elementor-heading-title.elementor-size-small{font-size:15px}.elementor-widget-heading .elementor-heading-title.elementor-size-medium{font-size:19px}.elementor-widget-heading .elementor-heading-title.elementor-size-large{font-size:29px}.elementor-widget-heading .elementor-heading-title.elementor-size-xl{font-size:39px}.elementor-widget-heading .elementor-heading-title.elementor-size-xxl{font-size:59px}<\/style><h2 class=\"elementor-heading-title elementor-size-default\">Privacy Policy<\/h2>\t\t<\/div>\n\t\t\t\t<\/div>\n\t\t\t\t<div class=\"elementor-element elementor-element-dbfc68c elementor-widget elementor-widget-text-editor\" data-id=\"dbfc68c\" data-element_type=\"widget\" data-widget_type=\"text-editor.default\">\n\t\t\t\t<div class=\"elementor-widget-container\">\n\t\t\t<style>\/*! elementor - v3.6.4 - 13-04-2022 *\/\n.elementor-widget-text-editor.elementor-drop-cap-view-stacked .elementor-drop-cap{background-color:#818a91;color:#fff}.elementor-widget-text-editor.elementor-drop-cap-view-framed .elementor-drop-cap{color:#818a91;border:3px solid;background-color:transparent}.elementor-widget-text-editor:not(.elementor-drop-cap-view-default) .elementor-drop-cap{margin-top:8px}.elementor-widget-text-editor:not(.elementor-drop-cap-view-default) .elementor-drop-cap-letter{width:1em;height:1em}.elementor-widget-text-editor .elementor-drop-cap{float:left;text-align:center;line-height:1;font-size:50px}.elementor-widget-text-editor .elementor-drop-cap-letter{display:inline-block}<\/style>\t\t\t\t<p><strong>REGISTER REPORT IN ACCORDANCE WITH SECTION 10 OF THE PERSONAL DATA ACT (523\/1999), WHICH ALSO COVERS INFORMATION IN ACCORDANCE WITH SECTION 24.<\/strong><\/p>\n<p><strong>Registrar<\/strong><\/p>\n<p>Friitala Fashion Oy Ltd&nbsp;<br>H\u00e4rk\u00e4haankuja &nbsp;14, 01730 Vantaa&nbsp;<br>y-tunnus 0938469-6&nbsp;&nbsp;<\/p>\n<p><strong>Person in charge of registry matters:&nbsp;&nbsp;<\/strong><\/p>\n<p>Tiina Fidan &nbsp;<br><a href=\"mailto:info@friitala.fi\">info@friitala.fi<\/a> &nbsp;<\/p>\n<p><strong>Name of the registry &nbsp;<\/strong><\/p>\n<p>Friitala customer register &nbsp;<\/p>\n<p><strong>Purpose of personal data<\/strong>s &nbsp;<\/p>\n<p>The information is used to deliver orders to registered users of the online service, maintain and develop customer relationships, electronic communications, contacts required for the service, service development, internal business analysis, reporting and marketing. The registered customer has the opportunity to refuse to receive marketing messages (e-mail, text message). &nbsp;<\/p>\n<p><strong>Information content of the register &nbsp;<\/strong><\/p>\n<p><strong>Customer basics: <\/strong><\/p>\n<p class=\" translation-block\">First name, last name, language, email address, phone number, street address\npostal code, post office, country, marketing authorizations, gender, username, password<\/p>\n<p><strong>Customer data: <\/strong><\/p>\n<p>Booking information and history, purchasing behavior, product complaints, technical information (such as IP address, browser, celery version), cookies sent to the browser and related information.<\/p>\n<p><strong>Additional information: <\/strong><\/p>\n<p>Username and password, information provided by the customer about the interests<\/p>\n<p><strong>Regular sources of information<\/strong><\/p>\n<p>The data sources of the register are the information provided by the customer during registration and stored during the use of the service. Purchasing and behavioral data is also collected from cash register systems and electronic systems. Other personal registers of the controller may also be used as a source of information.<\/p>\n<p><strong>Data retention period and disposal<\/strong><\/p>\n<p>The information is retained for the duration of the customer relationship.<\/p>\n<p><strong>Data and registry protection<\/strong><\/p>\n<p>The information is stored in Friitala Fashion Oy Ltd's information systems, which use both technical and software means to ensure information security. The information in the register is stored in databases that are protected by firewalls and located on Friitala Fashion Oy Ltd's own servers. Personal data will only be processed by pre-defined individuals who are bound by professional secrecy. The processing of registry data requires a password and a user ID, as well as sufficient access rights. The register is protected from outside use and the use of the data is monitored.<\/p>\n<p><strong>Disclosure of information<\/strong><\/p>\n<p>Tietoja voidaan luovuttaa&nbsp;Friitala Fashion Oy Ltd:lle kuuluville yhti\u00f6ille tai sen suoramarkkinointirekisteriin, mutta konsernin ulkopuolelle ainoastaan niilt\u00e4 osin, kuin tilausten toimittaminen ja palvelun tekniset ratkaisut sit\u00e4 vaativat. Asiakkaan henkil\u00f6tietoja ei luovuteta EU:n eik\u00e4 ETA:n ulkopuolelle.&nbsp;Friitala Fashion Oy Ltd voi luovuttaa asiakastietoja viranomaisille voimassaolevan lains\u00e4\u00e4d\u00e4nn\u00f6n puitteissa.<\/p>\n<p><strong>Use of cookies<\/strong><\/p>\n<p>Sivustolla voidaan k\u00e4ytt\u00e4\u00e4 ns. ev\u00e4steit\u00e4 (\u201dcookies\u201d) sivuston k\u00e4yt\u00f6n seuraamiseen, kohdennetun mainonnan tuottamiseen ja mainonnan tehon mittaamiseen. Ev\u00e4ste on lyhyt tekstitiedosto, jonka verkkopalvelin tallentaa k\u00e4ytt\u00e4j\u00e4n kiintolevylle. Ev\u00e4steiden avulla&nbsp;Friitala Fashion Oy Ltd voi kehitt\u00e4\u00e4 palveluaan entist\u00e4 asiakasyst\u00e4v\u00e4llisemm\u00e4ksi ja tarjota asiakkailleen kohdennettuja tuotesuosituksia, tarjouksia ja etuja. K\u00e4ytt\u00e4j\u00e4n verkkoselain todenn\u00e4k\u00f6isesti hyv\u00e4ksyy ev\u00e4steet oletusasetuksin, mutta k\u00e4ytt\u00e4j\u00e4 voi my\u00f6s torjua ev\u00e4steiden k\u00e4yt\u00f6n oman selaimen asetuksista tai poistamalla ev\u00e4steet selaimestaan palvelun k\u00e4yt\u00f6n j\u00e4lkeen. Verkkokauppaan sis\u00e4ltyv\u00e4t palvelut voivat kuitenkin edellytt\u00e4\u00e4 ev\u00e4steiden hyv\u00e4ksymist\u00e4 toimiakseen.<\/p>\n<p><strong>Right of inspection<\/strong><\/p>\n<p>Pursuant to section 26 of the Personal Data Act, the data subject has the right to check what information concerning him or her has been stored in the personal register. The request for verification must be sent in writing and signed to:<\/p>\n<p>Friitala Fashion Oy Ltd <br>IT-osasto \/ asiakasrekisterin tarkastuspyynt\u00f6 <br>H\u00e4rk\u00e4haankuja &nbsp;14, 01730 Vantaa&nbsp;<br><\/p>\n<p>Friitala Fashion Oy&nbsp;Ltd vastaa tarkastuspyynt\u00f6ihin kahden kuukauden kuluessa tarkastuspyynn\u00f6n vastaanottamisesta.<\/p>\n<p><strong>Updating information<\/strong><\/p>\n<p>Rekister\u00f6itynyt asiakas voi p\u00e4ivitt\u00e4\u00e4 nimi- ja osoitetietojaan sek\u00e4 markkinointikieltoja&nbsp;omissa tiedoissa. Asiakkaalla on oikeus kielt\u00e4\u00e4 Friitala Fashion Oy Ltd:t\u00e4 k\u00e4sittelem\u00e4st\u00e4 itse\u00e4\u00e4n koskevia tietoja markkina- tai mielipidetutkimuksia tai suoramarkkinointia varten ilmoittamalla siit\u00e4 asiakaspalveluun:&nbsp;<a href=\"mailto:info@friitala.fi\">info@friitala.fi<\/a>.<\/p>\t\t\t\t\t\t<\/div>\n\t\t\t\t<\/div>\n\t\t\t\t<div class=\"elementor-element elementor-element-7c980c7 elementor-widget elementor-widget-spacer\" data-id=\"7c980c7\" data-element_type=\"widget\" data-widget_type=\"spacer.default\">\n\t\t\t\t<div class=\"elementor-widget-container\">\n\t\t\t\t\t<div class=\"elementor-spacer\">\n\t\t\t<div class=\"elementor-spacer-inner\"><\/div>\n\t\t<\/div>\n\t\t\t\t<\/div>\n\t\t\t\t<\/div>\n\t\t\t\t\t<\/div>\n\t\t<\/div>\n\t\t\t\t\t\t\t<\/div>\n\t\t<\/section>\n\t\t\t\t\t\t\t<\/div>","protected":false},"excerpt":{"rendered":"<p>Tietosuoja HENKIL\u00d6TIETOLAIN (523\/1999) 10 \u00a7:N MUKAINEN REKISTERISELOSTE, JOKA KATTAA MY\u00d6S 24 \u00a7:N MUKAISET TIEDOT. Rekisterinpit\u00e4j\u00e4 Friitala Fashion Oy Ltd&nbsp;H\u00e4rk\u00e4haankuja &nbsp;14, 01730 Vantaa&nbsp;y-tunnus 0938469-6&nbsp;&nbsp; Rekisteriasioita hoitava henkil\u00f6:&nbsp;&nbsp; Tiina Fidan &nbsp;info@friitala.fi &nbsp; Rekisterin nimi &nbsp; Friitala asiakasrekisteri &nbsp; Henkil\u00f6tietojen k\u00e4ytt\u00f6tarkoitus &nbsp; Tietoja k\u00e4ytet\u00e4\u00e4n verkkopalveluun rekister\u00f6ityneiden k\u00e4ytt\u00e4jien tilausten toimittamiseen, asiakassuhteen yll\u00e4pitoon ja kehitt\u00e4miseen, s\u00e4hk\u00f6iseen viestint\u00e4\u00e4n, palvelun edellytt\u00e4miin yhteydenottoihin, &hellip;<\/p>\n<p class=\"read-more\"> <a class=\"\" href=\"https:\/\/friitala.fi\/en_gb\/tietosuoja\/\"> <span class=\"screen-reader-text\">Privacy Policy<\/span> Read More &raquo;<\/a><\/p>","protected":false},"author":1,"featured_media":0,"parent":0,"menu_order":0,"comment_status":"closed","ping_status":"closed","template":"","meta":{"_monsterinsights_skip_tracking":false,"_monsterinsights_sitenote_active":false,"_monsterinsights_sitenote_note":"","_monsterinsights_sitenote_category":0,"site-sidebar-layout":"no-sidebar","site-content-layout":"page-builder","ast-main-header-display":"","ast-hfb-above-header-display":"","ast-hfb-below-header-display":"","ast-hfb-mobile-header-display":"","site-post-title":"disabled","ast-breadcrumbs-content":"","ast-featured-img":"disabled","footer-sml-layout":"","theme-transparent-header-meta":"","adv-header-id-meta":"","stick-header-meta":"","header-above-stick-meta":"","header-main-stick-meta":"","header-below-stick-meta":""},"yoast_head":"<!-- This site is optimized with the Yoast SEO plugin v18.6 - https:\/\/yoast.com\/wordpress\/plugins\/seo\/ -->\n<title>Tietosuoja - Friitala<\/title>\n<meta name=\"robots\" content=\"noindex, nofollow\" \/>\n<meta property=\"og:locale\" content=\"en_GB\" \/>\n<meta property=\"og:type\" content=\"article\" \/>\n<meta property=\"og:title\" content=\"Tietosuoja - Friitala\" \/>\n<meta property=\"og:description\" content=\"Tietosuoja HENKIL\u00d6TIETOLAIN (523\/1999) 10 \u00a7:N MUKAINEN REKISTERISELOSTE, JOKA KATTAA MY\u00d6S 24 \u00a7:N MUKAISET TIEDOT. Rekisterinpit\u00e4j\u00e4 Friitala Fashion Oy Ltd&nbsp;H\u00e4rk\u00e4haankuja &nbsp;14, 01730 Vantaa&nbsp;y-tunnus 0938469-6&nbsp;&nbsp; Rekisteriasioita hoitava henkil\u00f6:&nbsp;&nbsp; Tiina Fidan &nbsp;info@friitala.fi &nbsp; Rekisterin nimi &nbsp; Friitala asiakasrekisteri &nbsp; Henkil\u00f6tietojen k\u00e4ytt\u00f6tarkoitus &nbsp; Tietoja k\u00e4ytet\u00e4\u00e4n verkkopalveluun rekister\u00f6ityneiden k\u00e4ytt\u00e4jien tilausten toimittamiseen, asiakassuhteen yll\u00e4pitoon ja kehitt\u00e4miseen, s\u00e4hk\u00f6iseen viestint\u00e4\u00e4n, palvelun edellytt\u00e4miin yhteydenottoihin, &hellip; Tietosuoja Read More &raquo;\" \/>\n<meta property=\"og:url\" content=\"https:\/\/friitala.fi\/en_gb\/tietosuoja\/\" \/>\n<meta property=\"og:site_name\" content=\"Friitala\" \/>\n<meta property=\"article:modified_time\" content=\"2022-04-21T14:04:45+00:00\" \/>\n<meta name=\"twitter:card\" content=\"summary_large_image\" \/>\n<meta name=\"twitter:label1\" content=\"Estimated reading time\" \/>\n\t<meta name=\"twitter:data1\" content=\"3 minutes\" \/>\n<script type=\"application\/ld+json\" class=\"yoast-schema-graph\">{\"@context\":\"https:\/\/schema.org\",\"@graph\":[{\"@type\":\"WebSite\",\"@id\":\"https:\/\/friitala.fi\/en_gb\/#website\",\"url\":\"https:\/\/friitala.fi\/en_gb\/\",\"name\":\"Friitala\",\"description\":\"Friitala\",\"potentialAction\":[{\"@type\":\"SearchAction\",\"target\":{\"@type\":\"EntryPoint\",\"urlTemplate\":\"https:\/\/friitala.fi\/en_gb\/?s={search_term_string}\"},\"query-input\":\"required name=search_term_string\"}],\"inLanguage\":\"en-GB\"},{\"@type\":\"WebPage\",\"@id\":\"https:\/\/friitala.fi\/tietosuoja\/#webpage\",\"url\":\"https:\/\/friitala.fi\/tietosuoja\/\",\"name\":\"Tietosuoja - Friitala\",\"isPartOf\":{\"@id\":\"https:\/\/friitala.fi\/en_gb\/#website\"},\"datePublished\":\"2022-01-20T19:23:25+00:00\",\"dateModified\":\"2022-04-21T14:04:45+00:00\",\"breadcrumb\":{\"@id\":\"https:\/\/friitala.fi\/tietosuoja\/#breadcrumb\"},\"inLanguage\":\"en-GB\",\"potentialAction\":[{\"@type\":\"ReadAction\",\"target\":[\"https:\/\/friitala.fi\/tietosuoja\/\"]}]},{\"@type\":\"BreadcrumbList\",\"@id\":\"https:\/\/friitala.fi\/tietosuoja\/#breadcrumb\",\"itemListElement\":[{\"@type\":\"ListItem\",\"position\":1,\"name\":\"Etusivu\",\"item\":\"https:\/\/friitala.fi\/\"},{\"@type\":\"ListItem\",\"position\":2,\"name\":\"Tietosuoja\"}]}]}<\/script>\n<!-- \/ Yoast SEO plugin. -->","yoast_head_json":{"title":"Tietosuoja - Friitala","robots":{"index":"noindex","follow":"nofollow"},"og_locale":"en_GB","og_type":"article","og_title":"Tietosuoja - Friitala","og_description":"Tietosuoja HENKIL\u00d6TIETOLAIN (523\/1999) 10 \u00a7:N MUKAINEN REKISTERISELOSTE, JOKA KATTAA MY\u00d6S 24 \u00a7:N MUKAISET TIEDOT. Rekisterinpit\u00e4j\u00e4 Friitala Fashion Oy Ltd&nbsp;H\u00e4rk\u00e4haankuja &nbsp;14, 01730 Vantaa&nbsp;y-tunnus 0938469-6&nbsp;&nbsp; Rekisteriasioita hoitava henkil\u00f6:&nbsp;&nbsp; Tiina Fidan &nbsp;info@friitala.fi &nbsp; Rekisterin nimi &nbsp; Friitala asiakasrekisteri &nbsp; Henkil\u00f6tietojen k\u00e4ytt\u00f6tarkoitus &nbsp; Tietoja k\u00e4ytet\u00e4\u00e4n verkkopalveluun rekister\u00f6ityneiden k\u00e4ytt\u00e4jien tilausten toimittamiseen, asiakassuhteen yll\u00e4pitoon ja kehitt\u00e4miseen, s\u00e4hk\u00f6iseen viestint\u00e4\u00e4n, palvelun edellytt\u00e4miin yhteydenottoihin, &hellip; Tietosuoja Read More &raquo;","og_url":"https:\/\/friitala.fi\/en_gb\/tietosuoja\/","og_site_name":"Friitala","article_modified_time":"2022-04-21T14:04:45+00:00","twitter_card":"summary_large_image","twitter_misc":{"Estimated reading time":"3 minutes"},"schema":{"@context":"https:\/\/schema.org","@graph":[{"@type":"WebSite","@id":"https:\/\/friitala.fi\/en_gb\/#website","url":"https:\/\/friitala.fi\/en_gb\/","name":"Friitala","description":"Friitala","potentialAction":[{"@type":"SearchAction","target":{"@type":"EntryPoint","urlTemplate":"https:\/\/friitala.fi\/en_gb\/?s={search_term_string}"},"query-input":"required name=search_term_string"}],"inLanguage":"en-GB"},{"@type":"WebPage","@id":"https:\/\/friitala.fi\/tietosuoja\/#webpage","url":"https:\/\/friitala.fi\/tietosuoja\/","name":"Tietosuoja - Friitala","isPartOf":{"@id":"https:\/\/friitala.fi\/en_gb\/#website"},"datePublished":"2022-01-20T19:23:25+00:00","dateModified":"2022-04-21T14:04:45+00:00","breadcrumb":{"@id":"https:\/\/friitala.fi\/tietosuoja\/#breadcrumb"},"inLanguage":"en-GB","potentialAction":[{"@type":"ReadAction","target":["https:\/\/friitala.fi\/tietosuoja\/"]}]},{"@type":"BreadcrumbList","@id":"https:\/\/friitala.fi\/tietosuoja\/#breadcrumb","itemListElement":[{"@type":"ListItem","position":1,"name":"Etusivu","item":"https:\/\/friitala.fi\/"},{"@type":"ListItem","position":2,"name":"Tietosuoja"}]}]}},"_links":{"self":[{"href":"https:\/\/friitala.fi\/en_gb\/wp-json\/wp\/v2\/pages\/699"}],"collection":[{"href":"https:\/\/friitala.fi\/en_gb\/wp-json\/wp\/v2\/pages"}],"about":[{"href":"https:\/\/friitala.fi\/en_gb\/wp-json\/wp\/v2\/types\/page"}],"author":[{"embeddable":true,"href":"https:\/\/friitala.fi\/en_gb\/wp-json\/wp\/v2\/users\/1"}],"replies":[{"embeddable":true,"href":"https:\/\/friitala.fi\/en_gb\/wp-json\/wp\/v2\/comments?post=699"}],"version-history":[{"count":23,"href":"https:\/\/friitala.fi\/en_gb\/wp-json\/wp\/v2\/pages\/699\/revisions"}],"predecessor-version":[{"id":5888,"href":"https:\/\/friitala.fi\/en_gb\/wp-json\/wp\/v2\/pages\/699\/revisions\/5888"}],"wp:attachment":[{"href":"https:\/\/friitala.fi\/en_gb\/wp-json\/wp\/v2\/media?parent=699"}],"curies":[{"name":"wp","href":"https:\/\/api.w.org\/{rel}","templated":true}]}}