{"id":678,"date":"2022-01-20T19:17:30","date_gmt":"2022-01-20T19:17:30","guid":{"rendered":"http:\/\/friitala.fi\/?page_id=678"},"modified":"2022-01-25T16:21:23","modified_gmt":"2022-01-25T16:21:23","slug":"tietoja-meista","status":"publish","type":"page","link":"https:\/\/friitala.fi\/en_gb\/tietoja-meista\/","title":{"rendered":"About us"},"content":{"rendered":"<div data-elementor-type=\"wp-page\" data-elementor-id=\"678\" class=\"elementor elementor-678\">\n\t\t\t\t\t\t\t\t\t<section class=\"elementor-section elementor-top-section elementor-element elementor-element-83b9f6b elementor-section-boxed elementor-section-height-default elementor-section-height-default\" data-id=\"83b9f6b\" data-element_type=\"section\">\n\t\t\t\t\t\t<div class=\"elementor-container elementor-column-gap-default\">\n\t\t\t\t\t<div class=\"elementor-column elementor-col-100 elementor-top-column elementor-element elementor-element-dc45402\" data-id=\"dc45402\" data-element_type=\"column\">\n\t\t\t<div class=\"elementor-widget-wrap elementor-element-populated\">\n\t\t\t\t\t\t\t\t<div class=\"elementor-element elementor-element-eebc636 elementor-widget elementor-widget-spacer\" data-id=\"eebc636\" data-element_type=\"widget\" data-widget_type=\"spacer.default\">\n\t\t\t\t<div class=\"elementor-widget-container\">\n\t\t\t<style>\/*! elementor - v3.6.4 - 13-04-2022 *\/\n.e-container.e-container--row .elementor-spacer-inner{width:var(--spacer-size)}.e-container.e-container--column .elementor-spacer-inner,.elementor-column .elementor-spacer-inner{height:var(--spacer-size)}<\/style>\t\t<div class=\"elementor-spacer\">\n\t\t\t<div class=\"elementor-spacer-inner\"><\/div>\n\t\t<\/div>\n\t\t\t\t<\/div>\n\t\t\t\t<\/div>\n\t\t\t\t<div class=\"elementor-element elementor-element-55421cc elementor-widget elementor-widget-heading\" data-id=\"55421cc\" data-element_type=\"widget\" data-widget_type=\"heading.default\">\n\t\t\t\t<div class=\"elementor-widget-container\">\n\t\t\t<style>\/*! elementor - v3.6.4 - 13-04-2022 *\/\n.elementor-heading-title{padding:0;margin:0;line-height:1}.elementor-widget-heading .elementor-heading-title[class*=elementor-size-]>a{color:inherit;font-size:inherit;line-height:inherit}.elementor-widget-heading .elementor-heading-title.elementor-size-small{font-size:15px}.elementor-widget-heading .elementor-heading-title.elementor-size-medium{font-size:19px}.elementor-widget-heading .elementor-heading-title.elementor-size-large{font-size:29px}.elementor-widget-heading .elementor-heading-title.elementor-size-xl{font-size:39px}.elementor-widget-heading .elementor-heading-title.elementor-size-xxl{font-size:59px}<\/style><h2 class=\"elementor-heading-title elementor-size-default\">About us\n<\/h2>\t\t<\/div>\n\t\t\t\t<\/div>\n\t\t\t\t<div class=\"elementor-element elementor-element-eb66ac1 elementor-widget elementor-widget-text-editor\" data-id=\"eb66ac1\" data-element_type=\"widget\" data-widget_type=\"text-editor.default\">\n\t\t\t\t<div class=\"elementor-widget-container\">\n\t\t\t<style>\/*! elementor - v3.6.4 - 13-04-2022 *\/\n.elementor-widget-text-editor.elementor-drop-cap-view-stacked .elementor-drop-cap{background-color:#818a91;color:#fff}.elementor-widget-text-editor.elementor-drop-cap-view-framed .elementor-drop-cap{color:#818a91;border:3px solid;background-color:transparent}.elementor-widget-text-editor:not(.elementor-drop-cap-view-default) .elementor-drop-cap{margin-top:8px}.elementor-widget-text-editor:not(.elementor-drop-cap-view-default) .elementor-drop-cap-letter{width:1em;height:1em}.elementor-widget-text-editor .elementor-drop-cap{float:left;text-align:center;line-height:1;font-size:50px}.elementor-widget-text-editor .elementor-drop-cap-letter{display:inline-block}<\/style>\t\t\t\t<p>High quality workmanship in leather goods and garments has been the trademark of Friitala for 120 years. Tradition has always been combined with innovation - Friitala was the first manufacturer to introduce the unique water-free leather.<\/p><p>Friitala applies a strict strategy using only the very best quality leathers.The exotic reindeer leather from Lapland is an essential raw material for the most exclusive products.All Friitala garments are handmade by experienced professionals.<\/p><p>The Friitala Collections maintain a classic and timeless design while also introducing a sportier edge in ul- tra-luxurious light leather qualities.<\/p>\t\t\t\t\t\t<\/div>\n\t\t\t\t<\/div>\n\t\t\t\t<div class=\"elementor-element elementor-element-dc4eecc elementor-widget elementor-widget-image\" data-id=\"dc4eecc\" data-element_type=\"widget\" data-widget_type=\"image.default\">\n\t\t\t\t<div class=\"elementor-widget-container\">\n\t\t\t<style>\/*! elementor - v3.6.4 - 13-04-2022 *\/\n.elementor-widget-image{text-align:center}.elementor-widget-image a{display:inline-block}.elementor-widget-image a img[src$=\".svg\"]{width:48px}.elementor-widget-image img{vertical-align:middle;display:inline-block}<\/style>\t\t\t\t\t\t\t\t\t\t\t\t<img width=\"600\" height=\"121\" src=\"https:\/\/friitala.fi\/wp-content\/uploads\/2022\/01\/friitala1892_logo.png\" class=\"attachment-large size-large wvs-attachment-image\" alt=\"\" loading=\"lazy\" srcset=\"https:\/\/friitala.fi\/wp-content\/uploads\/2022\/01\/friitala1892_logo.png 600w, https:\/\/friitala.fi\/wp-content\/uploads\/2022\/01\/friitala1892_logo-300x61.png 300w, https:\/\/friitala.fi\/wp-content\/uploads\/2022\/01\/friitala1892_logo-18x4.png 18w\" sizes=\"(max-width: 600px) 100vw, 600px\" \/>\t\t\t\t\t\t\t\t\t\t\t\t\t\t\t<\/div>\n\t\t\t\t<\/div>\n\t\t\t\t<div class=\"elementor-element elementor-element-11a2ed3 elementor-widget elementor-widget-spacer\" data-id=\"11a2ed3\" data-element_type=\"widget\" data-widget_type=\"spacer.default\">\n\t\t\t\t<div class=\"elementor-widget-container\">\n\t\t\t\t\t<div class=\"elementor-spacer\">\n\t\t\t<div class=\"elementor-spacer-inner\"><\/div>\n\t\t<\/div>\n\t\t\t\t<\/div>\n\t\t\t\t<\/div>\n\t\t\t\t\t<\/div>\n\t\t<\/div>\n\t\t\t\t\t\t\t<\/div>\n\t\t<\/section>\n\t\t\t\t\t\t\t<\/div>","protected":false},"excerpt":{"rendered":"<p>Tietoja meist\u00e4 Huippulaatuiset nahkatakit ja kelsiturkit ovat olleet Friitalan tavaramerkki jo yli 120 vuoden ajan. Pitk\u00e4t perinteet ovat aina yhdistyneet innovaatioihin &#8211; Friitala toi maailmassa ensimm\u00e4isen\u00e4 markkinoille ainutlaatuisen vett\u00e4hylkiv\u00e4n nahkak\u00e4sittelyn. Friitala noudattaa tiukkaa strategiaa ja k\u00e4ytt\u00e4\u00e4 vain kaikkein parhaimpia nahkalaatuja. Lampaannahka on pukinenahkana miellytt\u00e4v\u00e4 ja siksi k\u00e4ytetyin materiaali. Suomen Lapissa kasvaneen poron nahka on t\u00e4rke\u00e4 &hellip;<\/p>\n<p class=\"read-more\"> <a class=\"\" href=\"https:\/\/friitala.fi\/en_gb\/tietoja-meista\/\"> <span class=\"screen-reader-text\">About us<\/span> Read More &raquo;<\/a><\/p>","protected":false},"author":1,"featured_media":0,"parent":0,"menu_order":0,"comment_status":"closed","ping_status":"closed","template":"","meta":{"_monsterinsights_skip_tracking":false,"_monsterinsights_sitenote_active":false,"_monsterinsights_sitenote_note":"","_monsterinsights_sitenote_category":0,"site-sidebar-layout":"no-sidebar","site-content-layout":"page-builder","ast-main-header-display":"","ast-hfb-above-header-display":"","ast-hfb-below-header-display":"","ast-hfb-mobile-header-display":"","site-post-title":"disabled","ast-breadcrumbs-content":"","ast-featured-img":"disabled","footer-sml-layout":"","theme-transparent-header-meta":"","adv-header-id-meta":"","stick-header-meta":"","header-above-stick-meta":"","header-main-stick-meta":"","header-below-stick-meta":""},"yoast_head":"<!-- This site is optimized with the Yoast SEO plugin v18.6 - https:\/\/yoast.com\/wordpress\/plugins\/seo\/ -->\n<title>Tietoja meist\u00e4 - Friitala<\/title>\n<meta name=\"robots\" content=\"noindex, nofollow\" \/>\n<meta property=\"og:locale\" content=\"en_GB\" \/>\n<meta property=\"og:type\" content=\"article\" \/>\n<meta property=\"og:title\" content=\"Tietoja meist\u00e4 - Friitala\" \/>\n<meta property=\"og:description\" content=\"Tietoja meist\u00e4 Huippulaatuiset nahkatakit ja kelsiturkit ovat olleet Friitalan tavaramerkki jo yli 120 vuoden ajan. Pitk\u00e4t perinteet ovat aina yhdistyneet innovaatioihin &#8211; Friitala toi maailmassa ensimm\u00e4isen\u00e4 markkinoille ainutlaatuisen vett\u00e4hylkiv\u00e4n nahkak\u00e4sittelyn. Friitala noudattaa tiukkaa strategiaa ja k\u00e4ytt\u00e4\u00e4 vain kaikkein parhaimpia nahkalaatuja. Lampaannahka on pukinenahkana miellytt\u00e4v\u00e4 ja siksi k\u00e4ytetyin materiaali. Suomen Lapissa kasvaneen poron nahka on t\u00e4rke\u00e4 &hellip; Tietoja meist\u00e4 Read More &raquo;\" \/>\n<meta property=\"og:url\" content=\"https:\/\/friitala.fi\/en_gb\/tietoja-meista\/\" \/>\n<meta property=\"og:site_name\" content=\"Friitala\" \/>\n<meta property=\"article:modified_time\" content=\"2022-01-25T16:21:23+00:00\" \/>\n<meta property=\"og:image\" content=\"http:\/\/friitala.fi\/wp-content\/uploads\/2022\/01\/friitala1892_logo.png\" \/>\n<meta name=\"twitter:card\" content=\"summary_large_image\" \/>\n<meta name=\"twitter:label1\" content=\"Estimated reading time\" \/>\n\t<meta name=\"twitter:data1\" content=\"1 minute\" \/>\n<script type=\"application\/ld+json\" class=\"yoast-schema-graph\">{\"@context\":\"https:\/\/schema.org\",\"@graph\":[{\"@type\":\"WebSite\",\"@id\":\"https:\/\/friitala.fi\/en_gb\/#website\",\"url\":\"https:\/\/friitala.fi\/en_gb\/\",\"name\":\"Friitala\",\"description\":\"Friitala\",\"potentialAction\":[{\"@type\":\"SearchAction\",\"target\":{\"@type\":\"EntryPoint\",\"urlTemplate\":\"https:\/\/friitala.fi\/en_gb\/?s={search_term_string}\"},\"query-input\":\"required name=search_term_string\"}],\"inLanguage\":\"en-GB\"},{\"@type\":\"ImageObject\",\"@id\":\"https:\/\/friitala.fi\/tietoja-meista\/#primaryimage\",\"inLanguage\":\"en-GB\",\"url\":\"https:\/\/friitala.fi\/wp-content\/uploads\/2022\/01\/friitala1892_logo.png\",\"contentUrl\":\"https:\/\/friitala.fi\/wp-content\/uploads\/2022\/01\/friitala1892_logo.png\",\"width\":600,\"height\":121},{\"@type\":\"WebPage\",\"@id\":\"https:\/\/friitala.fi\/tietoja-meista\/#webpage\",\"url\":\"https:\/\/friitala.fi\/tietoja-meista\/\",\"name\":\"Tietoja meist\u00e4 - Friitala\",\"isPartOf\":{\"@id\":\"https:\/\/friitala.fi\/en_gb\/#website\"},\"primaryImageOfPage\":{\"@id\":\"https:\/\/friitala.fi\/tietoja-meista\/#primaryimage\"},\"datePublished\":\"2022-01-20T19:17:30+00:00\",\"dateModified\":\"2022-01-25T16:21:23+00:00\",\"breadcrumb\":{\"@id\":\"https:\/\/friitala.fi\/tietoja-meista\/#breadcrumb\"},\"inLanguage\":\"en-GB\",\"potentialAction\":[{\"@type\":\"ReadAction\",\"target\":[\"https:\/\/friitala.fi\/tietoja-meista\/\"]}]},{\"@type\":\"BreadcrumbList\",\"@id\":\"https:\/\/friitala.fi\/tietoja-meista\/#breadcrumb\",\"itemListElement\":[{\"@type\":\"ListItem\",\"position\":1,\"name\":\"Etusivu\",\"item\":\"https:\/\/friitala.fi\/\"},{\"@type\":\"ListItem\",\"position\":2,\"name\":\"Tietoja meist\u00e4\"}]}]}<\/script>\n<!-- \/ Yoast SEO plugin. -->","yoast_head_json":{"title":"Tietoja meist\u00e4 - Friitala","robots":{"index":"noindex","follow":"nofollow"},"og_locale":"en_GB","og_type":"article","og_title":"Tietoja meist\u00e4 - Friitala","og_description":"Tietoja meist\u00e4 Huippulaatuiset nahkatakit ja kelsiturkit ovat olleet Friitalan tavaramerkki jo yli 120 vuoden ajan. Pitk\u00e4t perinteet ovat aina yhdistyneet innovaatioihin &#8211; Friitala toi maailmassa ensimm\u00e4isen\u00e4 markkinoille ainutlaatuisen vett\u00e4hylkiv\u00e4n nahkak\u00e4sittelyn. Friitala noudattaa tiukkaa strategiaa ja k\u00e4ytt\u00e4\u00e4 vain kaikkein parhaimpia nahkalaatuja. Lampaannahka on pukinenahkana miellytt\u00e4v\u00e4 ja siksi k\u00e4ytetyin materiaali. Suomen Lapissa kasvaneen poron nahka on t\u00e4rke\u00e4 &hellip; Tietoja meist\u00e4 Read More &raquo;","og_url":"https:\/\/friitala.fi\/en_gb\/tietoja-meista\/","og_site_name":"Friitala","article_modified_time":"2022-01-25T16:21:23+00:00","og_image":[{"url":"http:\/\/friitala.fi\/wp-content\/uploads\/2022\/01\/friitala1892_logo.png"}],"twitter_card":"summary_large_image","twitter_misc":{"Estimated reading time":"1 minute"},"schema":{"@context":"https:\/\/schema.org","@graph":[{"@type":"WebSite","@id":"https:\/\/friitala.fi\/en_gb\/#website","url":"https:\/\/friitala.fi\/en_gb\/","name":"Friitala","description":"Friitala","potentialAction":[{"@type":"SearchAction","target":{"@type":"EntryPoint","urlTemplate":"https:\/\/friitala.fi\/en_gb\/?s={search_term_string}"},"query-input":"required name=search_term_string"}],"inLanguage":"en-GB"},{"@type":"ImageObject","@id":"https:\/\/friitala.fi\/tietoja-meista\/#primaryimage","inLanguage":"en-GB","url":"https:\/\/friitala.fi\/wp-content\/uploads\/2022\/01\/friitala1892_logo.png","contentUrl":"https:\/\/friitala.fi\/wp-content\/uploads\/2022\/01\/friitala1892_logo.png","width":600,"height":121},{"@type":"WebPage","@id":"https:\/\/friitala.fi\/tietoja-meista\/#webpage","url":"https:\/\/friitala.fi\/tietoja-meista\/","name":"Tietoja meist\u00e4 - Friitala","isPartOf":{"@id":"https:\/\/friitala.fi\/en_gb\/#website"},"primaryImageOfPage":{"@id":"https:\/\/friitala.fi\/tietoja-meista\/#primaryimage"},"datePublished":"2022-01-20T19:17:30+00:00","dateModified":"2022-01-25T16:21:23+00:00","breadcrumb":{"@id":"https:\/\/friitala.fi\/tietoja-meista\/#breadcrumb"},"inLanguage":"en-GB","potentialAction":[{"@type":"ReadAction","target":["https:\/\/friitala.fi\/tietoja-meista\/"]}]},{"@type":"BreadcrumbList","@id":"https:\/\/friitala.fi\/tietoja-meista\/#breadcrumb","itemListElement":[{"@type":"ListItem","position":1,"name":"Etusivu","item":"https:\/\/friitala.fi\/"},{"@type":"ListItem","position":2,"name":"Tietoja meist\u00e4"}]}]}},"_links":{"self":[{"href":"https:\/\/friitala.fi\/en_gb\/wp-json\/wp\/v2\/pages\/678"}],"collection":[{"href":"https:\/\/friitala.fi\/en_gb\/wp-json\/wp\/v2\/pages"}],"about":[{"href":"https:\/\/friitala.fi\/en_gb\/wp-json\/wp\/v2\/types\/page"}],"author":[{"embeddable":true,"href":"https:\/\/friitala.fi\/en_gb\/wp-json\/wp\/v2\/users\/1"}],"replies":[{"embeddable":true,"href":"https:\/\/friitala.fi\/en_gb\/wp-json\/wp\/v2\/comments?post=678"}],"version-history":[{"count":23,"href":"https:\/\/friitala.fi\/en_gb\/wp-json\/wp\/v2\/pages\/678\/revisions"}],"predecessor-version":[{"id":1133,"href":"https:\/\/friitala.fi\/en_gb\/wp-json\/wp\/v2\/pages\/678\/revisions\/1133"}],"wp:attachment":[{"href":"https:\/\/friitala.fi\/en_gb\/wp-json\/wp\/v2\/media?parent=678"}],"curies":[{"name":"wp","href":"https:\/\/api.w.org\/{rel}","templated":true}]}}