{"id":516,"date":"2022-01-20T15:17:54","date_gmt":"2022-01-20T15:17:54","guid":{"rendered":"http:\/\/friitala.fi\/?page_id=516"},"modified":"2022-04-22T20:11:40","modified_gmt":"2022-04-22T20:11:40","slug":"miehet","status":"publish","type":"page","link":"https:\/\/friitala.fi\/en_gb\/miehet\/","title":{"rendered":"Men"},"content":{"rendered":"<div data-elementor-type=\"wp-page\" data-elementor-id=\"516\" class=\"elementor elementor-516\">\n\t\t\t\t\t\t\t\t\t<section class=\"elementor-section elementor-top-section elementor-element elementor-element-2aa3c76 elementor-section-boxed elementor-section-height-default elementor-section-height-default\" data-id=\"2aa3c76\" data-element_type=\"section\">\n\t\t\t\t\t\t<div class=\"elementor-container elementor-column-gap-default\">\n\t\t\t\t\t<div class=\"elementor-column elementor-col-100 elementor-top-column elementor-element elementor-element-920c249\" data-id=\"920c249\" data-element_type=\"column\">\n\t\t\t<div class=\"elementor-widget-wrap elementor-element-populated\">\n\t\t\t\t\t\t\t\t<div class=\"elementor-element elementor-element-2b11ef2 elementor-widget elementor-widget-spacer\" data-id=\"2b11ef2\" data-element_type=\"widget\" data-widget_type=\"spacer.default\">\n\t\t\t\t<div class=\"elementor-widget-container\">\n\t\t\t<style>\/*! elementor - v3.6.4 - 13-04-2022 *\/\n.e-container.e-container--row .elementor-spacer-inner{width:var(--spacer-size)}.e-container.e-container--column .elementor-spacer-inner,.elementor-column .elementor-spacer-inner{height:var(--spacer-size)}<\/style>\t\t<div class=\"elementor-spacer\">\n\t\t\t<div class=\"elementor-spacer-inner\"><\/div>\n\t\t<\/div>\n\t\t\t\t<\/div>\n\t\t\t\t<\/div>\n\t\t\t\t<div class=\"elementor-element elementor-element-7be3718 elementor-widget elementor-widget-heading\" data-id=\"7be3718\" data-element_type=\"widget\" data-widget_type=\"heading.default\">\n\t\t\t\t<div class=\"elementor-widget-container\">\n\t\t\t<style>\/*! elementor - v3.6.4 - 13-04-2022 *\/\n.elementor-heading-title{padding:0;margin:0;line-height:1}.elementor-widget-heading .elementor-heading-title[class*=elementor-size-]>a{color:inherit;font-size:inherit;line-height:inherit}.elementor-widget-heading .elementor-heading-title.elementor-size-small{font-size:15px}.elementor-widget-heading .elementor-heading-title.elementor-size-medium{font-size:19px}.elementor-widget-heading .elementor-heading-title.elementor-size-large{font-size:29px}.elementor-widget-heading .elementor-heading-title.elementor-size-xl{font-size:39px}.elementor-widget-heading .elementor-heading-title.elementor-size-xxl{font-size:59px}<\/style><h2 class=\"elementor-heading-title elementor-size-default\">Men Collection\n<\/h2>\t\t<\/div>\n\t\t\t\t<\/div>\n\t\t\t\t<section class=\"elementor-section elementor-inner-section elementor-element elementor-element-81d11fa elementor-section-boxed elementor-section-height-default elementor-section-height-default\" data-id=\"81d11fa\" data-element_type=\"section\">\n\t\t\t\t\t\t<div class=\"elementor-container elementor-column-gap-default\">\n\t\t\t\t\t<div class=\"elementor-column elementor-col-33 elementor-inner-column elementor-element elementor-element-bad8b88\" data-id=\"bad8b88\" data-element_type=\"column\" data-settings=\"{&quot;background_background&quot;:&quot;classic&quot;}\">\n\t\t\t<div class=\"elementor-widget-wrap elementor-element-populated\">\n\t\t\t\t\t<div class=\"elementor-background-overlay\"><\/div>\n\t\t\t\t\t\t\t\t<div class=\"elementor-element elementor-element-b4fe4d1 elementor-widget elementor-widget-spacer\" data-id=\"b4fe4d1\" data-element_type=\"widget\" data-widget_type=\"spacer.default\">\n\t\t\t\t<div class=\"elementor-widget-container\">\n\t\t\t\t\t<div class=\"elementor-spacer\">\n\t\t\t<div class=\"elementor-spacer-inner\"><\/div>\n\t\t<\/div>\n\t\t\t\t<\/div>\n\t\t\t\t<\/div>\n\t\t\t\t<div class=\"elementor-element elementor-element-84eb0f1 elementor-widget elementor-widget-heading\" data-id=\"84eb0f1\" data-element_type=\"widget\" data-widget_type=\"heading.default\">\n\t\t\t\t<div class=\"elementor-widget-container\">\n\t\t\t<h2 class=\"elementor-heading-title elementor-size-default\">Jackets<\/h2>\t\t<\/div>\n\t\t\t\t<\/div>\n\t\t\t\t<div class=\"elementor-element elementor-element-fc3d799 elementor-align-center elementor-widget elementor-widget-button\" data-id=\"fc3d799\" data-element_type=\"widget\" data-widget_type=\"button.default\">\n\t\t\t\t<div class=\"elementor-widget-container\">\n\t\t\t\t\t<div class=\"elementor-button-wrapper\">\n\t\t\t<a href=\"\/en_gb\/product-category\/miesten-nahkatakit\/\" class=\"elementor-button-link elementor-button elementor-size-sm\" role=\"button\">\n\t\t\t\t\t\t<span class=\"elementor-button-content-wrapper\">\n\t\t\t\t\t\t<span class=\"elementor-button-text\">DISCOVER<\/span>\n\t\t<\/span>\n\t\t\t\t\t<\/a>\n\t\t<\/div>\n\t\t\t\t<\/div>\n\t\t\t\t<\/div>\n\t\t\t\t\t<\/div>\n\t\t<\/div>\n\t\t\t\t<div class=\"elementor-column elementor-col-33 elementor-inner-column elementor-element elementor-element-b7b84d9\" data-id=\"b7b84d9\" data-element_type=\"column\" data-settings=\"{&quot;background_background&quot;:&quot;classic&quot;}\">\n\t\t\t<div class=\"elementor-widget-wrap elementor-element-populated\">\n\t\t\t\t\t<div class=\"elementor-background-overlay\"><\/div>\n\t\t\t\t\t\t\t\t<div class=\"elementor-element elementor-element-248f46d elementor-widget elementor-widget-spacer\" data-id=\"248f46d\" data-element_type=\"widget\" data-widget_type=\"spacer.default\">\n\t\t\t\t<div class=\"elementor-widget-container\">\n\t\t\t\t\t<div class=\"elementor-spacer\">\n\t\t\t<div class=\"elementor-spacer-inner\"><\/div>\n\t\t<\/div>\n\t\t\t\t<\/div>\n\t\t\t\t<\/div>\n\t\t\t\t<div class=\"elementor-element elementor-element-e6d1cee elementor-widget elementor-widget-heading\" data-id=\"e6d1cee\" data-element_type=\"widget\" data-widget_type=\"heading.default\">\n\t\t\t\t<div class=\"elementor-widget-container\">\n\t\t\t<h2 class=\"elementor-heading-title elementor-size-default\">Bags<\/h2>\t\t<\/div>\n\t\t\t\t<\/div>\n\t\t\t\t<div class=\"elementor-element elementor-element-5978833 elementor-align-center elementor-widget elementor-widget-button\" data-id=\"5978833\" data-element_type=\"widget\" data-widget_type=\"button.default\">\n\t\t\t\t<div class=\"elementor-widget-container\">\n\t\t\t\t\t<div class=\"elementor-button-wrapper\">\n\t\t\t<a href=\"\/en_gb\/product-category\/miesten-laukut\/\" class=\"elementor-button-link elementor-button elementor-size-sm\" role=\"button\">\n\t\t\t\t\t\t<span class=\"elementor-button-content-wrapper\">\n\t\t\t\t\t\t<span class=\"elementor-button-text\">DISCOVER<\/span>\n\t\t<\/span>\n\t\t\t\t\t<\/a>\n\t\t<\/div>\n\t\t\t\t<\/div>\n\t\t\t\t<\/div>\n\t\t\t\t\t<\/div>\n\t\t<\/div>\n\t\t\t\t<div class=\"elementor-column elementor-col-33 elementor-inner-column elementor-element elementor-element-7fd3a38\" data-id=\"7fd3a38\" data-element_type=\"column\" data-settings=\"{&quot;background_background&quot;:&quot;classic&quot;}\">\n\t\t\t<div class=\"elementor-widget-wrap elementor-element-populated\">\n\t\t\t\t\t<div class=\"elementor-background-overlay\"><\/div>\n\t\t\t\t\t\t\t\t<div class=\"elementor-element elementor-element-bf21233 elementor-widget elementor-widget-spacer\" data-id=\"bf21233\" data-element_type=\"widget\" data-widget_type=\"spacer.default\">\n\t\t\t\t<div class=\"elementor-widget-container\">\n\t\t\t\t\t<div class=\"elementor-spacer\">\n\t\t\t<div class=\"elementor-spacer-inner\"><\/div>\n\t\t<\/div>\n\t\t\t\t<\/div>\n\t\t\t\t<\/div>\n\t\t\t\t<div class=\"elementor-element elementor-element-82719c8 elementor-widget elementor-widget-heading\" data-id=\"82719c8\" data-element_type=\"widget\" data-widget_type=\"heading.default\">\n\t\t\t\t<div class=\"elementor-widget-container\">\n\t\t\t<h2 class=\"elementor-heading-title elementor-size-default\">Shoes<\/h2>\t\t<\/div>\n\t\t\t\t<\/div>\n\t\t\t\t<div class=\"elementor-element elementor-element-e66471b elementor-align-center elementor-widget elementor-widget-button\" data-id=\"e66471b\" data-element_type=\"widget\" data-widget_type=\"button.default\">\n\t\t\t\t<div class=\"elementor-widget-container\">\n\t\t\t\t\t<div class=\"elementor-button-wrapper\">\n\t\t\t<a href=\"\/en_gb\/product-category\/miesten-kengat\/\" class=\"elementor-button-link elementor-button elementor-size-sm\" role=\"button\">\n\t\t\t\t\t\t<span class=\"elementor-button-content-wrapper\">\n\t\t\t\t\t\t<span class=\"elementor-button-text\">DISCOVER<\/span>\n\t\t<\/span>\n\t\t\t\t\t<\/a>\n\t\t<\/div>\n\t\t\t\t<\/div>\n\t\t\t\t<\/div>\n\t\t\t\t\t<\/div>\n\t\t<\/div>\n\t\t\t\t\t\t\t<\/div>\n\t\t<\/section>\n\t\t\t\t\t<\/div>\n\t\t<\/div>\n\t\t\t\t\t\t\t<\/div>\n\t\t<\/section>\n\t\t\t\t<section class=\"elementor-section elementor-top-section elementor-element elementor-element-dacbf76 elementor-section-boxed elementor-section-height-default elementor-section-height-default\" data-id=\"dacbf76\" data-element_type=\"section\">\n\t\t\t\t\t\t<div class=\"elementor-container elementor-column-gap-default\">\n\t\t\t\t\t<div class=\"elementor-column elementor-col-100 elementor-top-column elementor-element elementor-element-c4370d2\" data-id=\"c4370d2\" data-element_type=\"column\">\n\t\t\t<div class=\"elementor-widget-wrap elementor-element-populated\">\n\t\t\t\t\t\t\t\t<section class=\"elementor-section elementor-inner-section elementor-element elementor-element-5fbfb48 elementor-section-boxed elementor-section-height-default elementor-section-height-default\" data-id=\"5fbfb48\" data-element_type=\"section\">\n\t\t\t\t\t\t<div class=\"elementor-container elementor-column-gap-default\">\n\t\t\t\t\t<div class=\"elementor-column elementor-col-33 elementor-inner-column elementor-element elementor-element-d3c8f29\" data-id=\"d3c8f29\" data-element_type=\"column\" data-settings=\"{&quot;background_background&quot;:&quot;classic&quot;}\">\n\t\t\t<div class=\"elementor-widget-wrap elementor-element-populated\">\n\t\t\t\t\t<div class=\"elementor-background-overlay\"><\/div>\n\t\t\t\t\t\t\t\t<div class=\"elementor-element elementor-element-b7ff1e7 elementor-widget elementor-widget-spacer\" data-id=\"b7ff1e7\" data-element_type=\"widget\" data-widget_type=\"spacer.default\">\n\t\t\t\t<div class=\"elementor-widget-container\">\n\t\t\t\t\t<div class=\"elementor-spacer\">\n\t\t\t<div class=\"elementor-spacer-inner\"><\/div>\n\t\t<\/div>\n\t\t\t\t<\/div>\n\t\t\t\t<\/div>\n\t\t\t\t<div class=\"elementor-element elementor-element-98a151f elementor-widget elementor-widget-heading\" data-id=\"98a151f\" data-element_type=\"widget\" data-widget_type=\"heading.default\">\n\t\t\t\t<div class=\"elementor-widget-container\">\n\t\t\t<h2 class=\"elementor-heading-title elementor-size-default\">Wallets<\/h2>\t\t<\/div>\n\t\t\t\t<\/div>\n\t\t\t\t<div class=\"elementor-element elementor-element-751a22b elementor-align-center elementor-widget elementor-widget-button\" data-id=\"751a22b\" data-element_type=\"widget\" data-widget_type=\"button.default\">\n\t\t\t\t<div class=\"elementor-widget-container\">\n\t\t\t\t\t<div class=\"elementor-button-wrapper\">\n\t\t\t<a href=\"\/en_gb\/product-category\/miesten-lompakot\/\" class=\"elementor-button-link elementor-button elementor-size-sm\" role=\"button\">\n\t\t\t\t\t\t<span class=\"elementor-button-content-wrapper\">\n\t\t\t\t\t\t<span class=\"elementor-button-text\">DISCOVER<\/span>\n\t\t<\/span>\n\t\t\t\t\t<\/a>\n\t\t<\/div>\n\t\t\t\t<\/div>\n\t\t\t\t<\/div>\n\t\t\t\t\t<\/div>\n\t\t<\/div>\n\t\t\t\t<div class=\"elementor-column elementor-col-33 elementor-inner-column elementor-element elementor-element-61f9d71\" data-id=\"61f9d71\" data-element_type=\"column\" data-settings=\"{&quot;background_background&quot;:&quot;classic&quot;}\">\n\t\t\t<div class=\"elementor-widget-wrap elementor-element-populated\">\n\t\t\t\t\t<div class=\"elementor-background-overlay\"><\/div>\n\t\t\t\t\t\t\t\t<div class=\"elementor-element elementor-element-251fdc6 elementor-widget elementor-widget-spacer\" data-id=\"251fdc6\" data-element_type=\"widget\" data-widget_type=\"spacer.default\">\n\t\t\t\t<div class=\"elementor-widget-container\">\n\t\t\t\t\t<div class=\"elementor-spacer\">\n\t\t\t<div class=\"elementor-spacer-inner\"><\/div>\n\t\t<\/div>\n\t\t\t\t<\/div>\n\t\t\t\t<\/div>\n\t\t\t\t<div class=\"elementor-element elementor-element-be5423f elementor-widget elementor-widget-heading\" data-id=\"be5423f\" data-element_type=\"widget\" data-widget_type=\"heading.default\">\n\t\t\t\t<div class=\"elementor-widget-container\">\n\t\t\t<h2 class=\"elementor-heading-title elementor-size-default\">Gloves<\/h2>\t\t<\/div>\n\t\t\t\t<\/div>\n\t\t\t\t<div class=\"elementor-element elementor-element-9960580 elementor-align-center elementor-widget elementor-widget-button\" data-id=\"9960580\" data-element_type=\"widget\" data-widget_type=\"button.default\">\n\t\t\t\t<div class=\"elementor-widget-container\">\n\t\t\t\t\t<div class=\"elementor-button-wrapper\">\n\t\t\t<a href=\"\/en_gb\/product-category\/miesten-kasineet\/\" class=\"elementor-button-link elementor-button elementor-size-sm\" role=\"button\">\n\t\t\t\t\t\t<span class=\"elementor-button-content-wrapper\">\n\t\t\t\t\t\t<span class=\"elementor-button-text\">DISCOVER<\/span>\n\t\t<\/span>\n\t\t\t\t\t<\/a>\n\t\t<\/div>\n\t\t\t\t<\/div>\n\t\t\t\t<\/div>\n\t\t\t\t\t<\/div>\n\t\t<\/div>\n\t\t\t\t<div class=\"elementor-column elementor-col-33 elementor-inner-column elementor-element elementor-element-45106f2\" data-id=\"45106f2\" data-element_type=\"column\" data-settings=\"{&quot;background_background&quot;:&quot;classic&quot;}\">\n\t\t\t<div class=\"elementor-widget-wrap elementor-element-populated\">\n\t\t\t\t\t<div class=\"elementor-background-overlay\"><\/div>\n\t\t\t\t\t\t\t\t<div class=\"elementor-element elementor-element-29fe4bd elementor-widget elementor-widget-spacer\" data-id=\"29fe4bd\" data-element_type=\"widget\" data-widget_type=\"spacer.default\">\n\t\t\t\t<div class=\"elementor-widget-container\">\n\t\t\t\t\t<div class=\"elementor-spacer\">\n\t\t\t<div class=\"elementor-spacer-inner\"><\/div>\n\t\t<\/div>\n\t\t\t\t<\/div>\n\t\t\t\t<\/div>\n\t\t\t\t<div class=\"elementor-element elementor-element-7c59522 elementor-widget elementor-widget-heading\" data-id=\"7c59522\" data-element_type=\"widget\" data-widget_type=\"heading.default\">\n\t\t\t\t<div class=\"elementor-widget-container\">\n\t\t\t<h2 class=\"elementor-heading-title elementor-size-default\">Care instructions<\/h2>\t\t<\/div>\n\t\t\t\t<\/div>\n\t\t\t\t<div class=\"elementor-element elementor-element-9625dd8 elementor-align-center elementor-widget elementor-widget-button\" data-id=\"9625dd8\" data-element_type=\"widget\" data-widget_type=\"button.default\">\n\t\t\t\t<div class=\"elementor-widget-container\">\n\t\t\t\t\t<div class=\"elementor-button-wrapper\">\n\t\t\t<a href=\"https:\/\/friitala.fi\/en_gb\/nahka\/\" class=\"elementor-button-link elementor-button elementor-size-sm\" role=\"button\">\n\t\t\t\t\t\t<span class=\"elementor-button-content-wrapper\">\n\t\t\t\t\t\t<span class=\"elementor-button-text\">DISCOVER<\/span>\n\t\t<\/span>\n\t\t\t\t\t<\/a>\n\t\t<\/div>\n\t\t\t\t<\/div>\n\t\t\t\t<\/div>\n\t\t\t\t\t<\/div>\n\t\t<\/div>\n\t\t\t\t\t\t\t<\/div>\n\t\t<\/section>\n\t\t\t\t\t<\/div>\n\t\t<\/div>\n\t\t\t\t\t\t\t<\/div>\n\t\t<\/section>\n\t\t\t\t\t\t\t<\/div>","protected":false},"excerpt":{"rendered":"<p>Miesten mallisto Takit TUTUSTU Laukut TUTUSTU Keng\u00e4t TUTUSTU Lompakot TUTUSTU K\u00e4sineet TUTUSTU Hoito-ohjeet TUTUSTU<\/p>","protected":false},"author":1,"featured_media":0,"parent":0,"menu_order":0,"comment_status":"closed","ping_status":"closed","template":"","meta":{"_monsterinsights_skip_tracking":false,"_monsterinsights_sitenote_active":false,"_monsterinsights_sitenote_note":"","_monsterinsights_sitenote_category":0,"site-sidebar-layout":"no-sidebar","site-content-layout":"page-builder","ast-main-header-display":"","ast-hfb-above-header-display":"","ast-hfb-below-header-display":"","ast-hfb-mobile-header-display":"","site-post-title":"disabled","ast-breadcrumbs-content":"","ast-featured-img":"disabled","footer-sml-layout":"","theme-transparent-header-meta":"","adv-header-id-meta":"","stick-header-meta":"","header-above-stick-meta":"","header-main-stick-meta":"","header-below-stick-meta":""},"yoast_head":"<!-- This site is optimized with the Yoast SEO plugin v18.6 - https:\/\/yoast.com\/wordpress\/plugins\/seo\/ -->\n<title>Miehet - Friitala<\/title>\n<meta name=\"description\" content=\"Upea miesten mallisto nyt Friitala myym\u00e4l\u00f6iss\u00e4 ja verkkokaupassa. Friitala-nahkatakit on valmistettu k\u00e4sity\u00f6n\u00e4 korkealaatuisista nahkalaaduista. Huippusuunnittelu takaa mallien istuvuuden. Takeissa on upea viimeistely ja huolellisesti suunniteltu moderni ulkoasu.\" \/>\n<meta name=\"robots\" content=\"index, follow, max-snippet:-1, max-image-preview:large, max-video-preview:-1\" \/>\n<link rel=\"canonical\" href=\"https:\/\/friitala.fi\/en_gb\/miehet\/\" \/>\n<meta property=\"og:locale\" content=\"en_GB\" \/>\n<meta property=\"og:type\" content=\"article\" \/>\n<meta property=\"og:title\" content=\"Miehet - Friitala\" \/>\n<meta property=\"og:description\" content=\"Upea miesten mallisto nyt Friitala myym\u00e4l\u00f6iss\u00e4 ja verkkokaupassa. Friitala-nahkatakit on valmistettu k\u00e4sity\u00f6n\u00e4 korkealaatuisista nahkalaaduista. Huippusuunnittelu takaa mallien istuvuuden. Takeissa on upea viimeistely ja huolellisesti suunniteltu moderni ulkoasu.\" \/>\n<meta property=\"og:url\" content=\"https:\/\/friitala.fi\/en_gb\/miehet\/\" \/>\n<meta property=\"og:site_name\" content=\"Friitala\" \/>\n<meta property=\"article:modified_time\" content=\"2022-04-22T20:11:40+00:00\" \/>\n<meta name=\"twitter:card\" content=\"summary_large_image\" \/>\n<meta name=\"twitter:label1\" content=\"Estimated reading time\" \/>\n\t<meta name=\"twitter:data1\" content=\"1 minute\" \/>\n<script type=\"application\/ld+json\" class=\"yoast-schema-graph\">{\"@context\":\"https:\/\/schema.org\",\"@graph\":[{\"@type\":\"WebSite\",\"@id\":\"https:\/\/friitala.fi\/en_gb\/#website\",\"url\":\"https:\/\/friitala.fi\/en_gb\/\",\"name\":\"Friitala\",\"description\":\"Friitala\",\"potentialAction\":[{\"@type\":\"SearchAction\",\"target\":{\"@type\":\"EntryPoint\",\"urlTemplate\":\"https:\/\/friitala.fi\/en_gb\/?s={search_term_string}\"},\"query-input\":\"required name=search_term_string\"}],\"inLanguage\":\"en-GB\"},{\"@type\":\"WebPage\",\"@id\":\"https:\/\/friitala.fi\/miehet\/#webpage\",\"url\":\"https:\/\/friitala.fi\/miehet\/\",\"name\":\"Miehet - Friitala\",\"isPartOf\":{\"@id\":\"https:\/\/friitala.fi\/en_gb\/#website\"},\"datePublished\":\"2022-01-20T15:17:54+00:00\",\"dateModified\":\"2022-04-22T20:11:40+00:00\",\"description\":\"Upea miesten mallisto nyt Friitala myym\u00e4l\u00f6iss\u00e4 ja verkkokaupassa. Friitala-nahkatakit on valmistettu k\u00e4sity\u00f6n\u00e4 korkealaatuisista nahkalaaduista. Huippusuunnittelu takaa mallien istuvuuden. Takeissa on upea viimeistely ja huolellisesti suunniteltu moderni ulkoasu.\",\"breadcrumb\":{\"@id\":\"https:\/\/friitala.fi\/miehet\/#breadcrumb\"},\"inLanguage\":\"en-GB\",\"potentialAction\":[{\"@type\":\"ReadAction\",\"target\":[\"https:\/\/friitala.fi\/miehet\/\"]}]},{\"@type\":\"BreadcrumbList\",\"@id\":\"https:\/\/friitala.fi\/miehet\/#breadcrumb\",\"itemListElement\":[{\"@type\":\"ListItem\",\"position\":1,\"name\":\"Etusivu\",\"item\":\"https:\/\/friitala.fi\/\"},{\"@type\":\"ListItem\",\"position\":2,\"name\":\"Miehet\"}]}]}<\/script>\n<!-- \/ Yoast SEO plugin. -->","yoast_head_json":{"title":"Miehet - Friitala","description":"Upea miesten mallisto nyt Friitala myym\u00e4l\u00f6iss\u00e4 ja verkkokaupassa. Friitala-nahkatakit on valmistettu k\u00e4sity\u00f6n\u00e4 korkealaatuisista nahkalaaduista. Huippusuunnittelu takaa mallien istuvuuden. Takeissa on upea viimeistely ja huolellisesti suunniteltu moderni ulkoasu.","robots":{"index":"index","follow":"follow","max-snippet":"max-snippet:-1","max-image-preview":"max-image-preview:large","max-video-preview":"max-video-preview:-1"},"canonical":"https:\/\/friitala.fi\/en_gb\/miehet\/","og_locale":"en_GB","og_type":"article","og_title":"Miehet - Friitala","og_description":"Upea miesten mallisto nyt Friitala myym\u00e4l\u00f6iss\u00e4 ja verkkokaupassa. Friitala-nahkatakit on valmistettu k\u00e4sity\u00f6n\u00e4 korkealaatuisista nahkalaaduista. Huippusuunnittelu takaa mallien istuvuuden. Takeissa on upea viimeistely ja huolellisesti suunniteltu moderni ulkoasu.","og_url":"https:\/\/friitala.fi\/en_gb\/miehet\/","og_site_name":"Friitala","article_modified_time":"2022-04-22T20:11:40+00:00","twitter_card":"summary_large_image","twitter_misc":{"Estimated reading time":"1 minute"},"schema":{"@context":"https:\/\/schema.org","@graph":[{"@type":"WebSite","@id":"https:\/\/friitala.fi\/en_gb\/#website","url":"https:\/\/friitala.fi\/en_gb\/","name":"Friitala","description":"Friitala","potentialAction":[{"@type":"SearchAction","target":{"@type":"EntryPoint","urlTemplate":"https:\/\/friitala.fi\/en_gb\/?s={search_term_string}"},"query-input":"required name=search_term_string"}],"inLanguage":"en-GB"},{"@type":"WebPage","@id":"https:\/\/friitala.fi\/miehet\/#webpage","url":"https:\/\/friitala.fi\/miehet\/","name":"Miehet - Friitala","isPartOf":{"@id":"https:\/\/friitala.fi\/en_gb\/#website"},"datePublished":"2022-01-20T15:17:54+00:00","dateModified":"2022-04-22T20:11:40+00:00","description":"Upea miesten mallisto nyt Friitala myym\u00e4l\u00f6iss\u00e4 ja verkkokaupassa. Friitala-nahkatakit on valmistettu k\u00e4sity\u00f6n\u00e4 korkealaatuisista nahkalaaduista. Huippusuunnittelu takaa mallien istuvuuden. Takeissa on upea viimeistely ja huolellisesti suunniteltu moderni ulkoasu.","breadcrumb":{"@id":"https:\/\/friitala.fi\/miehet\/#breadcrumb"},"inLanguage":"en-GB","potentialAction":[{"@type":"ReadAction","target":["https:\/\/friitala.fi\/miehet\/"]}]},{"@type":"BreadcrumbList","@id":"https:\/\/friitala.fi\/miehet\/#breadcrumb","itemListElement":[{"@type":"ListItem","position":1,"name":"Etusivu","item":"https:\/\/friitala.fi\/"},{"@type":"ListItem","position":2,"name":"Miehet"}]}]}},"_links":{"self":[{"href":"https:\/\/friitala.fi\/en_gb\/wp-json\/wp\/v2\/pages\/516"}],"collection":[{"href":"https:\/\/friitala.fi\/en_gb\/wp-json\/wp\/v2\/pages"}],"about":[{"href":"https:\/\/friitala.fi\/en_gb\/wp-json\/wp\/v2\/types\/page"}],"author":[{"embeddable":true,"href":"https:\/\/friitala.fi\/en_gb\/wp-json\/wp\/v2\/users\/1"}],"replies":[{"embeddable":true,"href":"https:\/\/friitala.fi\/en_gb\/wp-json\/wp\/v2\/comments?post=516"}],"version-history":[{"count":30,"href":"https:\/\/friitala.fi\/en_gb\/wp-json\/wp\/v2\/pages\/516\/revisions"}],"predecessor-version":[{"id":6204,"href":"https:\/\/friitala.fi\/en_gb\/wp-json\/wp\/v2\/pages\/516\/revisions\/6204"}],"wp:attachment":[{"href":"https:\/\/friitala.fi\/en_gb\/wp-json\/wp\/v2\/media?parent=516"}],"curies":[{"name":"wp","href":"https:\/\/api.w.org\/{rel}","templated":true}]}}