{"id":489,"date":"2022-01-20T14:37:57","date_gmt":"2022-01-20T14:37:57","guid":{"rendered":"http:\/\/friitala.fi\/?page_id=489"},"modified":"2022-04-27T12:34:44","modified_gmt":"2022-04-27T12:34:44","slug":"naiset","status":"publish","type":"page","link":"https:\/\/friitala.fi\/en_gb\/naiset\/","title":{"rendered":"Women"},"content":{"rendered":"<div data-elementor-type=\"wp-page\" data-elementor-id=\"489\" class=\"elementor elementor-489\">\n\t\t\t\t\t\t\t\t\t<section class=\"elementor-section elementor-top-section elementor-element elementor-element-3899690 elementor-section-boxed elementor-section-height-default elementor-section-height-default\" data-id=\"3899690\" data-element_type=\"section\">\n\t\t\t\t\t\t<div class=\"elementor-container elementor-column-gap-default\">\n\t\t\t\t\t<div class=\"elementor-column elementor-col-100 elementor-top-column elementor-element elementor-element-620b9c7\" data-id=\"620b9c7\" data-element_type=\"column\">\n\t\t\t<div class=\"elementor-widget-wrap elementor-element-populated\">\n\t\t\t\t\t\t\t\t<div class=\"elementor-element elementor-element-bebdb09 elementor-widget elementor-widget-spacer\" data-id=\"bebdb09\" data-element_type=\"widget\" data-widget_type=\"spacer.default\">\n\t\t\t\t<div class=\"elementor-widget-container\">\n\t\t\t<style>\/*! elementor - v3.6.4 - 13-04-2022 *\/\n.e-container.e-container--row .elementor-spacer-inner{width:var(--spacer-size)}.e-container.e-container--column .elementor-spacer-inner,.elementor-column .elementor-spacer-inner{height:var(--spacer-size)}<\/style>\t\t<div class=\"elementor-spacer\">\n\t\t\t<div class=\"elementor-spacer-inner\"><\/div>\n\t\t<\/div>\n\t\t\t\t<\/div>\n\t\t\t\t<\/div>\n\t\t\t\t<div class=\"elementor-element elementor-element-6443355 elementor-widget elementor-widget-heading\" data-id=\"6443355\" data-element_type=\"widget\" data-widget_type=\"heading.default\">\n\t\t\t\t<div class=\"elementor-widget-container\">\n\t\t\t<style>\/*! elementor - v3.6.4 - 13-04-2022 *\/\n.elementor-heading-title{padding:0;margin:0;line-height:1}.elementor-widget-heading .elementor-heading-title[class*=elementor-size-]>a{color:inherit;font-size:inherit;line-height:inherit}.elementor-widget-heading .elementor-heading-title.elementor-size-small{font-size:15px}.elementor-widget-heading .elementor-heading-title.elementor-size-medium{font-size:19px}.elementor-widget-heading .elementor-heading-title.elementor-size-large{font-size:29px}.elementor-widget-heading .elementor-heading-title.elementor-size-xl{font-size:39px}.elementor-widget-heading .elementor-heading-title.elementor-size-xxl{font-size:59px}<\/style><h2 class=\"elementor-heading-title elementor-size-default\">Women Collection\n<\/h2>\t\t<\/div>\n\t\t\t\t<\/div>\n\t\t\t\t<section class=\"elementor-section elementor-inner-section elementor-element elementor-element-bf038cb elementor-section-boxed elementor-section-height-default elementor-section-height-default\" data-id=\"bf038cb\" data-element_type=\"section\">\n\t\t\t\t\t\t<div class=\"elementor-container elementor-column-gap-default\">\n\t\t\t\t\t<div class=\"elementor-column elementor-col-33 elementor-inner-column elementor-element elementor-element-cac494e\" data-id=\"cac494e\" data-element_type=\"column\" data-settings=\"{&quot;background_background&quot;:&quot;classic&quot;}\">\n\t\t\t<div class=\"elementor-widget-wrap elementor-element-populated\">\n\t\t\t\t\t<div class=\"elementor-background-overlay\"><\/div>\n\t\t\t\t\t\t\t\t<div class=\"elementor-element elementor-element-77ccf03 elementor-widget elementor-widget-spacer\" data-id=\"77ccf03\" data-element_type=\"widget\" data-widget_type=\"spacer.default\">\n\t\t\t\t<div class=\"elementor-widget-container\">\n\t\t\t\t\t<div class=\"elementor-spacer\">\n\t\t\t<div class=\"elementor-spacer-inner\"><\/div>\n\t\t<\/div>\n\t\t\t\t<\/div>\n\t\t\t\t<\/div>\n\t\t\t\t<div class=\"elementor-element elementor-element-d1d7313 elementor-widget elementor-widget-heading\" data-id=\"d1d7313\" data-element_type=\"widget\" data-widget_type=\"heading.default\">\n\t\t\t\t<div class=\"elementor-widget-container\">\n\t\t\t<h2 class=\"elementor-heading-title elementor-size-default\">Jackets<\/h2>\t\t<\/div>\n\t\t\t\t<\/div>\n\t\t\t\t<div class=\"elementor-element elementor-element-c79f4aa elementor-align-center elementor-widget elementor-widget-button\" data-id=\"c79f4aa\" data-element_type=\"widget\" data-widget_type=\"button.default\">\n\t\t\t\t<div class=\"elementor-widget-container\">\n\t\t\t\t\t<div class=\"elementor-button-wrapper\">\n\t\t\t<a href=\"\/en_gb\/product-category\/naiset-nahkatakit\/\" class=\"elementor-button-link elementor-button elementor-size-sm\" role=\"button\">\n\t\t\t\t\t\t<span class=\"elementor-button-content-wrapper\">\n\t\t\t\t\t\t<span class=\"elementor-button-text\">DISCOVER<\/span>\n\t\t<\/span>\n\t\t\t\t\t<\/a>\n\t\t<\/div>\n\t\t\t\t<\/div>\n\t\t\t\t<\/div>\n\t\t\t\t\t<\/div>\n\t\t<\/div>\n\t\t\t\t<div class=\"elementor-column elementor-col-33 elementor-inner-column elementor-element elementor-element-7b3b930\" data-id=\"7b3b930\" data-element_type=\"column\" data-settings=\"{&quot;background_background&quot;:&quot;classic&quot;}\">\n\t\t\t<div class=\"elementor-widget-wrap elementor-element-populated\">\n\t\t\t\t\t<div class=\"elementor-background-overlay\"><\/div>\n\t\t\t\t\t\t\t\t<div class=\"elementor-element elementor-element-7b1396d elementor-widget elementor-widget-spacer\" data-id=\"7b1396d\" data-element_type=\"widget\" data-widget_type=\"spacer.default\">\n\t\t\t\t<div class=\"elementor-widget-container\">\n\t\t\t\t\t<div class=\"elementor-spacer\">\n\t\t\t<div class=\"elementor-spacer-inner\"><\/div>\n\t\t<\/div>\n\t\t\t\t<\/div>\n\t\t\t\t<\/div>\n\t\t\t\t<div class=\"elementor-element elementor-element-1269b22 elementor-widget elementor-widget-heading\" data-id=\"1269b22\" data-element_type=\"widget\" data-widget_type=\"heading.default\">\n\t\t\t\t<div class=\"elementor-widget-container\">\n\t\t\t<h2 class=\"elementor-heading-title elementor-size-default\">Bags<\/h2>\t\t<\/div>\n\t\t\t\t<\/div>\n\t\t\t\t<div class=\"elementor-element elementor-element-4390125 elementor-align-center elementor-widget elementor-widget-button\" data-id=\"4390125\" data-element_type=\"widget\" data-widget_type=\"button.default\">\n\t\t\t\t<div class=\"elementor-widget-container\">\n\t\t\t\t\t<div class=\"elementor-button-wrapper\">\n\t\t\t<a href=\"\/en_gb\/product-category\/naisten-laukut\/\" class=\"elementor-button-link elementor-button elementor-size-sm\" role=\"button\">\n\t\t\t\t\t\t<span class=\"elementor-button-content-wrapper\">\n\t\t\t\t\t\t<span class=\"elementor-button-text\">DISCOVER<\/span>\n\t\t<\/span>\n\t\t\t\t\t<\/a>\n\t\t<\/div>\n\t\t\t\t<\/div>\n\t\t\t\t<\/div>\n\t\t\t\t\t<\/div>\n\t\t<\/div>\n\t\t\t\t<div class=\"elementor-column elementor-col-33 elementor-inner-column elementor-element elementor-element-63b2cbf\" data-id=\"63b2cbf\" data-element_type=\"column\" data-settings=\"{&quot;background_background&quot;:&quot;classic&quot;}\">\n\t\t\t<div class=\"elementor-widget-wrap elementor-element-populated\">\n\t\t\t\t\t<div class=\"elementor-background-overlay\"><\/div>\n\t\t\t\t\t\t\t\t<div class=\"elementor-element elementor-element-95e214d elementor-widget elementor-widget-spacer\" data-id=\"95e214d\" data-element_type=\"widget\" data-widget_type=\"spacer.default\">\n\t\t\t\t<div class=\"elementor-widget-container\">\n\t\t\t\t\t<div class=\"elementor-spacer\">\n\t\t\t<div class=\"elementor-spacer-inner\"><\/div>\n\t\t<\/div>\n\t\t\t\t<\/div>\n\t\t\t\t<\/div>\n\t\t\t\t<div class=\"elementor-element elementor-element-ab7b3cb elementor-widget elementor-widget-heading\" data-id=\"ab7b3cb\" data-element_type=\"widget\" data-widget_type=\"heading.default\">\n\t\t\t\t<div class=\"elementor-widget-container\">\n\t\t\t<h2 class=\"elementor-heading-title elementor-size-default\">Shoes<\/h2>\t\t<\/div>\n\t\t\t\t<\/div>\n\t\t\t\t<div class=\"elementor-element elementor-element-93fd915 elementor-align-center elementor-widget elementor-widget-button\" data-id=\"93fd915\" data-element_type=\"widget\" data-widget_type=\"button.default\">\n\t\t\t\t<div class=\"elementor-widget-container\">\n\t\t\t\t\t<div class=\"elementor-button-wrapper\">\n\t\t\t<a href=\"https:\/\/friitala.fi\/en_gb\/product-category\/naisten-kengat\/\" class=\"elementor-button-link elementor-button elementor-size-sm\" role=\"button\">\n\t\t\t\t\t\t<span class=\"elementor-button-content-wrapper\">\n\t\t\t\t\t\t<span class=\"elementor-button-text\">DISCOVER<\/span>\n\t\t<\/span>\n\t\t\t\t\t<\/a>\n\t\t<\/div>\n\t\t\t\t<\/div>\n\t\t\t\t<\/div>\n\t\t\t\t\t<\/div>\n\t\t<\/div>\n\t\t\t\t\t\t\t<\/div>\n\t\t<\/section>\n\t\t\t\t\t<\/div>\n\t\t<\/div>\n\t\t\t\t\t\t\t<\/div>\n\t\t<\/section>\n\t\t\t\t<section class=\"elementor-section elementor-top-section elementor-element elementor-element-96d972f elementor-section-boxed elementor-section-height-default elementor-section-height-default\" data-id=\"96d972f\" data-element_type=\"section\">\n\t\t\t\t\t\t<div class=\"elementor-container elementor-column-gap-default\">\n\t\t\t\t\t<div class=\"elementor-column elementor-col-100 elementor-top-column elementor-element elementor-element-7614dc3\" data-id=\"7614dc3\" data-element_type=\"column\">\n\t\t\t<div class=\"elementor-widget-wrap elementor-element-populated\">\n\t\t\t\t\t\t\t\t<section class=\"elementor-section elementor-inner-section elementor-element elementor-element-063027c elementor-section-boxed elementor-section-height-default elementor-section-height-default\" data-id=\"063027c\" data-element_type=\"section\">\n\t\t\t\t\t\t<div class=\"elementor-container elementor-column-gap-default\">\n\t\t\t\t\t<div class=\"elementor-column elementor-col-33 elementor-inner-column elementor-element elementor-element-fc6a331\" data-id=\"fc6a331\" data-element_type=\"column\" data-settings=\"{&quot;background_background&quot;:&quot;classic&quot;}\">\n\t\t\t<div class=\"elementor-widget-wrap elementor-element-populated\">\n\t\t\t\t\t<div class=\"elementor-background-overlay\"><\/div>\n\t\t\t\t\t\t\t\t<div class=\"elementor-element elementor-element-007b17f elementor-widget elementor-widget-spacer\" data-id=\"007b17f\" data-element_type=\"widget\" data-widget_type=\"spacer.default\">\n\t\t\t\t<div class=\"elementor-widget-container\">\n\t\t\t\t\t<div class=\"elementor-spacer\">\n\t\t\t<div class=\"elementor-spacer-inner\"><\/div>\n\t\t<\/div>\n\t\t\t\t<\/div>\n\t\t\t\t<\/div>\n\t\t\t\t<div class=\"elementor-element elementor-element-18414fc elementor-widget elementor-widget-heading\" data-id=\"18414fc\" data-element_type=\"widget\" data-widget_type=\"heading.default\">\n\t\t\t\t<div class=\"elementor-widget-container\">\n\t\t\t<h2 class=\"elementor-heading-title elementor-size-default\">Wallets<\/h2>\t\t<\/div>\n\t\t\t\t<\/div>\n\t\t\t\t<div class=\"elementor-element elementor-element-83addf3 elementor-align-center elementor-widget elementor-widget-button\" data-id=\"83addf3\" data-element_type=\"widget\" data-widget_type=\"button.default\">\n\t\t\t\t<div class=\"elementor-widget-container\">\n\t\t\t\t\t<div class=\"elementor-button-wrapper\">\n\t\t\t<a href=\"\/en_gb\/product-category\/naisten-lompakot\/\" class=\"elementor-button-link elementor-button elementor-size-sm\" role=\"button\">\n\t\t\t\t\t\t<span class=\"elementor-button-content-wrapper\">\n\t\t\t\t\t\t<span class=\"elementor-button-text\">DISCOVER<\/span>\n\t\t<\/span>\n\t\t\t\t\t<\/a>\n\t\t<\/div>\n\t\t\t\t<\/div>\n\t\t\t\t<\/div>\n\t\t\t\t\t<\/div>\n\t\t<\/div>\n\t\t\t\t<div class=\"elementor-column elementor-col-33 elementor-inner-column elementor-element elementor-element-c35d32b\" data-id=\"c35d32b\" data-element_type=\"column\" data-settings=\"{&quot;background_background&quot;:&quot;classic&quot;}\">\n\t\t\t<div class=\"elementor-widget-wrap elementor-element-populated\">\n\t\t\t\t\t<div class=\"elementor-background-overlay\"><\/div>\n\t\t\t\t\t\t\t\t<div class=\"elementor-element elementor-element-177b7ca elementor-widget elementor-widget-spacer\" data-id=\"177b7ca\" data-element_type=\"widget\" data-widget_type=\"spacer.default\">\n\t\t\t\t<div class=\"elementor-widget-container\">\n\t\t\t\t\t<div class=\"elementor-spacer\">\n\t\t\t<div class=\"elementor-spacer-inner\"><\/div>\n\t\t<\/div>\n\t\t\t\t<\/div>\n\t\t\t\t<\/div>\n\t\t\t\t<div class=\"elementor-element elementor-element-7146174 elementor-widget elementor-widget-heading\" data-id=\"7146174\" data-element_type=\"widget\" data-widget_type=\"heading.default\">\n\t\t\t\t<div class=\"elementor-widget-container\">\n\t\t\t<h2 class=\"elementor-heading-title elementor-size-default\">Gloves<\/h2>\t\t<\/div>\n\t\t\t\t<\/div>\n\t\t\t\t<div class=\"elementor-element elementor-element-959361e elementor-align-center elementor-widget elementor-widget-button\" data-id=\"959361e\" data-element_type=\"widget\" data-widget_type=\"button.default\">\n\t\t\t\t<div class=\"elementor-widget-container\">\n\t\t\t\t\t<div class=\"elementor-button-wrapper\">\n\t\t\t<a href=\"\/en_gb\/product-category\/naisten-kasineet\/\" class=\"elementor-button-link elementor-button elementor-size-sm\" role=\"button\">\n\t\t\t\t\t\t<span class=\"elementor-button-content-wrapper\">\n\t\t\t\t\t\t<span class=\"elementor-button-text\">DISCOVER<\/span>\n\t\t<\/span>\n\t\t\t\t\t<\/a>\n\t\t<\/div>\n\t\t\t\t<\/div>\n\t\t\t\t<\/div>\n\t\t\t\t\t<\/div>\n\t\t<\/div>\n\t\t\t\t<div class=\"elementor-column elementor-col-33 elementor-inner-column elementor-element elementor-element-06ed471\" data-id=\"06ed471\" data-element_type=\"column\" data-settings=\"{&quot;background_background&quot;:&quot;classic&quot;}\">\n\t\t\t<div class=\"elementor-widget-wrap elementor-element-populated\">\n\t\t\t\t\t<div class=\"elementor-background-overlay\"><\/div>\n\t\t\t\t\t\t\t\t<div class=\"elementor-element elementor-element-dc65681 elementor-widget elementor-widget-spacer\" data-id=\"dc65681\" data-element_type=\"widget\" data-widget_type=\"spacer.default\">\n\t\t\t\t<div class=\"elementor-widget-container\">\n\t\t\t\t\t<div class=\"elementor-spacer\">\n\t\t\t<div class=\"elementor-spacer-inner\"><\/div>\n\t\t<\/div>\n\t\t\t\t<\/div>\n\t\t\t\t<\/div>\n\t\t\t\t<div class=\"elementor-element elementor-element-cc3f0c2 elementor-widget elementor-widget-heading\" data-id=\"cc3f0c2\" data-element_type=\"widget\" data-widget_type=\"heading.default\">\n\t\t\t\t<div class=\"elementor-widget-container\">\n\t\t\t<h2 class=\"elementor-heading-title elementor-size-default\">Care instructions<\/h2>\t\t<\/div>\n\t\t\t\t<\/div>\n\t\t\t\t<div class=\"elementor-element elementor-element-0efeaa3 elementor-align-center elementor-widget elementor-widget-button\" data-id=\"0efeaa3\" data-element_type=\"widget\" data-widget_type=\"button.default\">\n\t\t\t\t<div class=\"elementor-widget-container\">\n\t\t\t\t\t<div class=\"elementor-button-wrapper\">\n\t\t\t<a href=\"https:\/\/friitala.fi\/en_gb\/nahka\/\" class=\"elementor-button-link elementor-button elementor-size-sm\" role=\"button\">\n\t\t\t\t\t\t<span class=\"elementor-button-content-wrapper\">\n\t\t\t\t\t\t<span class=\"elementor-button-text\">DISCOVER<\/span>\n\t\t<\/span>\n\t\t\t\t\t<\/a>\n\t\t<\/div>\n\t\t\t\t<\/div>\n\t\t\t\t<\/div>\n\t\t\t\t\t<\/div>\n\t\t<\/div>\n\t\t\t\t\t\t\t<\/div>\n\t\t<\/section>\n\t\t\t\t\t<\/div>\n\t\t<\/div>\n\t\t\t\t\t\t\t<\/div>\n\t\t<\/section>\n\t\t\t\t<section class=\"elementor-section elementor-top-section elementor-element elementor-element-695fdc6 elementor-section-boxed elementor-section-height-default elementor-section-height-default\" data-id=\"695fdc6\" data-element_type=\"section\">\n\t\t\t\t\t\t<div class=\"elementor-container elementor-column-gap-default\">\n\t\t\t\t\t<div class=\"elementor-column elementor-col-100 elementor-top-column elementor-element elementor-element-e8dc7a9\" data-id=\"e8dc7a9\" data-element_type=\"column\">\n\t\t\t<div class=\"elementor-widget-wrap elementor-element-populated\">\n\t\t\t\t\t\t\t\t<div class=\"elementor-element elementor-element-f6b5484 elementor-widget elementor-widget-spacer\" data-id=\"f6b5484\" data-element_type=\"widget\" data-widget_type=\"spacer.default\">\n\t\t\t\t<div class=\"elementor-widget-container\">\n\t\t\t\t\t<div class=\"elementor-spacer\">\n\t\t\t<div class=\"elementor-spacer-inner\"><\/div>\n\t\t<\/div>\n\t\t\t\t<\/div>\n\t\t\t\t<\/div>\n\t\t\t\t\t<\/div>\n\t\t<\/div>\n\t\t\t\t\t\t\t<\/div>\n\t\t<\/section>\n\t\t\t\t\t\t\t<\/div>","protected":false},"excerpt":{"rendered":"<p>Naisten mallisto Takit TUTUSTU Laukut TUTUSTU Keng\u00e4t TUTUSTU Lompakot TUTUSTU K\u00e4sineet TUTUSTU Hoito-ohjeet TUTUSTU<\/p>","protected":false},"author":1,"featured_media":0,"parent":0,"menu_order":0,"comment_status":"closed","ping_status":"closed","template":"","meta":{"_monsterinsights_skip_tracking":false,"_monsterinsights_sitenote_active":false,"_monsterinsights_sitenote_note":"","_monsterinsights_sitenote_category":0,"site-sidebar-layout":"no-sidebar","site-content-layout":"page-builder","ast-main-header-display":"","ast-hfb-above-header-display":"","ast-hfb-below-header-display":"","ast-hfb-mobile-header-display":"","site-post-title":"disabled","ast-breadcrumbs-content":"","ast-featured-img":"disabled","footer-sml-layout":"","theme-transparent-header-meta":"","adv-header-id-meta":"","stick-header-meta":"","header-above-stick-meta":"","header-main-stick-meta":"","header-below-stick-meta":""},"yoast_head":"<!-- This site is optimized with the Yoast SEO plugin v18.6 - https:\/\/yoast.com\/wordpress\/plugins\/seo\/ -->\n<title>FRIITALA | Naiset<\/title>\n<meta name=\"description\" content=\"Friitala naisten mallisto hehkuu upeissa v\u00e4reiss\u00e4. Nahkatakeissa on paljon linjakkaita leikkauksia sek\u00e4 my\u00f6s ajatonta klassista linjaa. Huippusuunnittelu ja ammattimainen k\u00e4sity\u00f6 tekev\u00e4t Friitala-nahkatakeista ainutlaatuisia. Laadukas nahka tuo takkeihin k\u00e4ytt\u00f6mukavuutta ja helppohoitoisuutta. Korkealaatuiset materiaalit ja huippusuunnittelu takaa mallien istuvuuden ja ajattomuuden. Ja juuri siksi takeista riitt\u00e4\u00e4 iloa pitk\u00e4\u00e4n k\u00e4ytt\u00e4j\u00e4lleen. FRIITALA-takit on suunniteltu kaikenkokoisille naisille. Omaan kokoosi ja mittoihisi sopivan takin l\u00f6yd\u00e4t kunkin mallin kohdalla olevasta mittataulukosta.\" \/>\n<meta name=\"robots\" content=\"index, follow, max-snippet:-1, max-image-preview:large, max-video-preview:-1\" \/>\n<link rel=\"canonical\" href=\"https:\/\/friitala.fi\/en_gb\/naiset\/\" \/>\n<meta property=\"og:locale\" content=\"en_GB\" \/>\n<meta property=\"og:type\" content=\"article\" \/>\n<meta property=\"og:title\" content=\"FRIITALA | Naiset\" \/>\n<meta property=\"og:description\" content=\"Friitala naisten mallisto hehkuu upeissa v\u00e4reiss\u00e4. Nahkatakeissa on paljon linjakkaita leikkauksia sek\u00e4 my\u00f6s ajatonta klassista linjaa. Huippusuunnittelu ja ammattimainen k\u00e4sity\u00f6 tekev\u00e4t Friitala-nahkatakeista ainutlaatuisia. Laadukas nahka tuo takkeihin k\u00e4ytt\u00f6mukavuutta ja helppohoitoisuutta. Korkealaatuiset materiaalit ja huippusuunnittelu takaa mallien istuvuuden ja ajattomuuden. Ja juuri siksi takeista riitt\u00e4\u00e4 iloa pitk\u00e4\u00e4n k\u00e4ytt\u00e4j\u00e4lleen. FRIITALA-takit on suunniteltu kaikenkokoisille naisille. Omaan kokoosi ja mittoihisi sopivan takin l\u00f6yd\u00e4t kunkin mallin kohdalla olevasta mittataulukosta.\" \/>\n<meta property=\"og:url\" content=\"https:\/\/friitala.fi\/en_gb\/naiset\/\" \/>\n<meta property=\"og:site_name\" content=\"Friitala\" \/>\n<meta property=\"article:modified_time\" content=\"2022-04-27T12:34:44+00:00\" \/>\n<meta name=\"twitter:card\" content=\"summary_large_image\" \/>\n<meta name=\"twitter:label1\" content=\"Estimated reading time\" \/>\n\t<meta name=\"twitter:data1\" content=\"1 minute\" \/>\n<script type=\"application\/ld+json\" class=\"yoast-schema-graph\">{\"@context\":\"https:\/\/schema.org\",\"@graph\":[{\"@type\":\"WebSite\",\"@id\":\"https:\/\/friitala.fi\/en_gb\/#website\",\"url\":\"https:\/\/friitala.fi\/en_gb\/\",\"name\":\"Friitala\",\"description\":\"Friitala\",\"potentialAction\":[{\"@type\":\"SearchAction\",\"target\":{\"@type\":\"EntryPoint\",\"urlTemplate\":\"https:\/\/friitala.fi\/en_gb\/?s={search_term_string}\"},\"query-input\":\"required name=search_term_string\"}],\"inLanguage\":\"en-GB\"},{\"@type\":\"WebPage\",\"@id\":\"https:\/\/friitala.fi\/naiset\/#webpage\",\"url\":\"https:\/\/friitala.fi\/naiset\/\",\"name\":\"FRIITALA | Naiset\",\"isPartOf\":{\"@id\":\"https:\/\/friitala.fi\/en_gb\/#website\"},\"datePublished\":\"2022-01-20T14:37:57+00:00\",\"dateModified\":\"2022-04-27T12:34:44+00:00\",\"description\":\"Friitala naisten mallisto hehkuu upeissa v\u00e4reiss\u00e4. Nahkatakeissa on paljon linjakkaita leikkauksia sek\u00e4 my\u00f6s ajatonta klassista linjaa. Huippusuunnittelu ja ammattimainen k\u00e4sity\u00f6 tekev\u00e4t Friitala-nahkatakeista ainutlaatuisia. Laadukas nahka tuo takkeihin k\u00e4ytt\u00f6mukavuutta ja helppohoitoisuutta. Korkealaatuiset materiaalit ja huippusuunnittelu takaa mallien istuvuuden ja ajattomuuden. Ja juuri siksi takeista riitt\u00e4\u00e4 iloa pitk\u00e4\u00e4n k\u00e4ytt\u00e4j\u00e4lleen. FRIITALA-takit on suunniteltu kaikenkokoisille naisille. Omaan kokoosi ja mittoihisi sopivan takin l\u00f6yd\u00e4t kunkin mallin kohdalla olevasta mittataulukosta.\",\"breadcrumb\":{\"@id\":\"https:\/\/friitala.fi\/naiset\/#breadcrumb\"},\"inLanguage\":\"en-GB\",\"potentialAction\":[{\"@type\":\"ReadAction\",\"target\":[\"https:\/\/friitala.fi\/naiset\/\"]}]},{\"@type\":\"BreadcrumbList\",\"@id\":\"https:\/\/friitala.fi\/naiset\/#breadcrumb\",\"itemListElement\":[{\"@type\":\"ListItem\",\"position\":1,\"name\":\"Etusivu\",\"item\":\"https:\/\/friitala.fi\/\"},{\"@type\":\"ListItem\",\"position\":2,\"name\":\"Naiset\"}]}]}<\/script>\n<!-- \/ Yoast SEO plugin. -->","yoast_head_json":{"title":"FRIITALA | Naiset","description":"Friitala naisten mallisto hehkuu upeissa v\u00e4reiss\u00e4. Nahkatakeissa on paljon linjakkaita leikkauksia sek\u00e4 my\u00f6s ajatonta klassista linjaa. Huippusuunnittelu ja ammattimainen k\u00e4sity\u00f6 tekev\u00e4t Friitala-nahkatakeista ainutlaatuisia. Laadukas nahka tuo takkeihin k\u00e4ytt\u00f6mukavuutta ja helppohoitoisuutta. Korkealaatuiset materiaalit ja huippusuunnittelu takaa mallien istuvuuden ja ajattomuuden. Ja juuri siksi takeista riitt\u00e4\u00e4 iloa pitk\u00e4\u00e4n k\u00e4ytt\u00e4j\u00e4lleen. FRIITALA-takit on suunniteltu kaikenkokoisille naisille. Omaan kokoosi ja mittoihisi sopivan takin l\u00f6yd\u00e4t kunkin mallin kohdalla olevasta mittataulukosta.","robots":{"index":"index","follow":"follow","max-snippet":"max-snippet:-1","max-image-preview":"max-image-preview:large","max-video-preview":"max-video-preview:-1"},"canonical":"https:\/\/friitala.fi\/en_gb\/naiset\/","og_locale":"en_GB","og_type":"article","og_title":"FRIITALA | Naiset","og_description":"Friitala naisten mallisto hehkuu upeissa v\u00e4reiss\u00e4. Nahkatakeissa on paljon linjakkaita leikkauksia sek\u00e4 my\u00f6s ajatonta klassista linjaa. Huippusuunnittelu ja ammattimainen k\u00e4sity\u00f6 tekev\u00e4t Friitala-nahkatakeista ainutlaatuisia. Laadukas nahka tuo takkeihin k\u00e4ytt\u00f6mukavuutta ja helppohoitoisuutta. Korkealaatuiset materiaalit ja huippusuunnittelu takaa mallien istuvuuden ja ajattomuuden. Ja juuri siksi takeista riitt\u00e4\u00e4 iloa pitk\u00e4\u00e4n k\u00e4ytt\u00e4j\u00e4lleen. FRIITALA-takit on suunniteltu kaikenkokoisille naisille. Omaan kokoosi ja mittoihisi sopivan takin l\u00f6yd\u00e4t kunkin mallin kohdalla olevasta mittataulukosta.","og_url":"https:\/\/friitala.fi\/en_gb\/naiset\/","og_site_name":"Friitala","article_modified_time":"2022-04-27T12:34:44+00:00","twitter_card":"summary_large_image","twitter_misc":{"Estimated reading time":"1 minute"},"schema":{"@context":"https:\/\/schema.org","@graph":[{"@type":"WebSite","@id":"https:\/\/friitala.fi\/en_gb\/#website","url":"https:\/\/friitala.fi\/en_gb\/","name":"Friitala","description":"Friitala","potentialAction":[{"@type":"SearchAction","target":{"@type":"EntryPoint","urlTemplate":"https:\/\/friitala.fi\/en_gb\/?s={search_term_string}"},"query-input":"required name=search_term_string"}],"inLanguage":"en-GB"},{"@type":"WebPage","@id":"https:\/\/friitala.fi\/naiset\/#webpage","url":"https:\/\/friitala.fi\/naiset\/","name":"FRIITALA | Naiset","isPartOf":{"@id":"https:\/\/friitala.fi\/en_gb\/#website"},"datePublished":"2022-01-20T14:37:57+00:00","dateModified":"2022-04-27T12:34:44+00:00","description":"Friitala naisten mallisto hehkuu upeissa v\u00e4reiss\u00e4. Nahkatakeissa on paljon linjakkaita leikkauksia sek\u00e4 my\u00f6s ajatonta klassista linjaa. Huippusuunnittelu ja ammattimainen k\u00e4sity\u00f6 tekev\u00e4t Friitala-nahkatakeista ainutlaatuisia. Laadukas nahka tuo takkeihin k\u00e4ytt\u00f6mukavuutta ja helppohoitoisuutta. Korkealaatuiset materiaalit ja huippusuunnittelu takaa mallien istuvuuden ja ajattomuuden. Ja juuri siksi takeista riitt\u00e4\u00e4 iloa pitk\u00e4\u00e4n k\u00e4ytt\u00e4j\u00e4lleen. FRIITALA-takit on suunniteltu kaikenkokoisille naisille. Omaan kokoosi ja mittoihisi sopivan takin l\u00f6yd\u00e4t kunkin mallin kohdalla olevasta mittataulukosta.","breadcrumb":{"@id":"https:\/\/friitala.fi\/naiset\/#breadcrumb"},"inLanguage":"en-GB","potentialAction":[{"@type":"ReadAction","target":["https:\/\/friitala.fi\/naiset\/"]}]},{"@type":"BreadcrumbList","@id":"https:\/\/friitala.fi\/naiset\/#breadcrumb","itemListElement":[{"@type":"ListItem","position":1,"name":"Etusivu","item":"https:\/\/friitala.fi\/"},{"@type":"ListItem","position":2,"name":"Naiset"}]}]}},"_links":{"self":[{"href":"https:\/\/friitala.fi\/en_gb\/wp-json\/wp\/v2\/pages\/489"}],"collection":[{"href":"https:\/\/friitala.fi\/en_gb\/wp-json\/wp\/v2\/pages"}],"about":[{"href":"https:\/\/friitala.fi\/en_gb\/wp-json\/wp\/v2\/types\/page"}],"author":[{"embeddable":true,"href":"https:\/\/friitala.fi\/en_gb\/wp-json\/wp\/v2\/users\/1"}],"replies":[{"embeddable":true,"href":"https:\/\/friitala.fi\/en_gb\/wp-json\/wp\/v2\/comments?post=489"}],"version-history":[{"count":47,"href":"https:\/\/friitala.fi\/en_gb\/wp-json\/wp\/v2\/pages\/489\/revisions"}],"predecessor-version":[{"id":6264,"href":"https:\/\/friitala.fi\/en_gb\/wp-json\/wp\/v2\/pages\/489\/revisions\/6264"}],"wp:attachment":[{"href":"https:\/\/friitala.fi\/en_gb\/wp-json\/wp\/v2\/media?parent=489"}],"curies":[{"name":"wp","href":"https:\/\/api.w.org\/{rel}","templated":true}]}}