{"id":1028,"date":"2022-01-24T16:27:24","date_gmt":"2022-01-24T16:27:24","guid":{"rendered":"http:\/\/friitala.fi\/?page_id=1028"},"modified":"2022-01-25T16:20:53","modified_gmt":"2022-01-25T16:20:53","slug":"nahka","status":"publish","type":"page","link":"https:\/\/friitala.fi\/en_gb\/nahka\/","title":{"rendered":"Leather"},"content":{"rendered":"<div data-elementor-type=\"wp-page\" data-elementor-id=\"1028\" class=\"elementor elementor-1028\">\n\t\t\t\t\t\t\t\t\t<section class=\"elementor-section elementor-top-section elementor-element elementor-element-0f9ae25 elementor-section-boxed elementor-section-height-default elementor-section-height-default\" data-id=\"0f9ae25\" data-element_type=\"section\">\n\t\t\t\t\t\t<div class=\"elementor-container elementor-column-gap-default\">\n\t\t\t\t\t<div class=\"elementor-column elementor-col-100 elementor-top-column elementor-element elementor-element-02b0d24\" data-id=\"02b0d24\" data-element_type=\"column\">\n\t\t\t<div class=\"elementor-widget-wrap elementor-element-populated\">\n\t\t\t\t\t\t\t\t<div class=\"elementor-element elementor-element-b309657 elementor-widget elementor-widget-spacer\" data-id=\"b309657\" data-element_type=\"widget\" data-widget_type=\"spacer.default\">\n\t\t\t\t<div class=\"elementor-widget-container\">\n\t\t\t<style>\/*! elementor - v3.6.4 - 13-04-2022 *\/\n.e-container.e-container--row .elementor-spacer-inner{width:var(--spacer-size)}.e-container.e-container--column .elementor-spacer-inner,.elementor-column .elementor-spacer-inner{height:var(--spacer-size)}<\/style>\t\t<div class=\"elementor-spacer\">\n\t\t\t<div class=\"elementor-spacer-inner\"><\/div>\n\t\t<\/div>\n\t\t\t\t<\/div>\n\t\t\t\t<\/div>\n\t\t\t\t<div class=\"elementor-element elementor-element-3edd1f1 elementor-widget elementor-widget-heading\" data-id=\"3edd1f1\" data-element_type=\"widget\" data-widget_type=\"heading.default\">\n\t\t\t\t<div class=\"elementor-widget-container\">\n\t\t\t<style>\/*! elementor - v3.6.4 - 13-04-2022 *\/\n.elementor-heading-title{padding:0;margin:0;line-height:1}.elementor-widget-heading .elementor-heading-title[class*=elementor-size-]>a{color:inherit;font-size:inherit;line-height:inherit}.elementor-widget-heading .elementor-heading-title.elementor-size-small{font-size:15px}.elementor-widget-heading .elementor-heading-title.elementor-size-medium{font-size:19px}.elementor-widget-heading .elementor-heading-title.elementor-size-large{font-size:29px}.elementor-widget-heading .elementor-heading-title.elementor-size-xl{font-size:39px}.elementor-widget-heading .elementor-heading-title.elementor-size-xxl{font-size:59px}<\/style><h2 class=\"elementor-heading-title elementor-size-default\">Leather<\/h2>\t\t<\/div>\n\t\t\t\t<\/div>\n\t\t\t\t<div class=\"elementor-element elementor-element-4f351d8 elementor-widget elementor-widget-text-editor\" data-id=\"4f351d8\" data-element_type=\"widget\" data-widget_type=\"text-editor.default\">\n\t\t\t\t<div class=\"elementor-widget-container\">\n\t\t\t<style>\/*! elementor - v3.6.4 - 13-04-2022 *\/\n.elementor-widget-text-editor.elementor-drop-cap-view-stacked .elementor-drop-cap{background-color:#818a91;color:#fff}.elementor-widget-text-editor.elementor-drop-cap-view-framed .elementor-drop-cap{color:#818a91;border:3px solid;background-color:transparent}.elementor-widget-text-editor:not(.elementor-drop-cap-view-default) .elementor-drop-cap{margin-top:8px}.elementor-widget-text-editor:not(.elementor-drop-cap-view-default) .elementor-drop-cap-letter{width:1em;height:1em}.elementor-widget-text-editor .elementor-drop-cap{float:left;text-align:center;line-height:1;font-size:50px}.elementor-widget-text-editor .elementor-drop-cap-letter{display:inline-block}<\/style>\t\t\t\t<h3>Leather is an ecological material<\/h3><p><strong>Leather is a durable and ecological natural material that is suitable for many different uses. <br \/><\/strong>The history of the use of leather goes back to the Stone Age. When an animal was hunted for food, at some point the value of the animal\u2019s skin as a garment or tent fabric was also understood - the skin both warmed and protected. Over the millennia, man has learned to use and handle leather. When the leather was treated with prey fat, elasticity and durability were gained in the garments and tent fabrics. The use and appreciation of leather became established as artisans conjured up stunning garments of leather.<\/p><p><strong>Leather offers an alternative to the plastic problem<br \/><\/strong>A wide variety of synthetic alternatives are available for leather products today. Today, people know how to make artificial leather that resembles leather. Artificial leather is made of plastic and also generates plastic waste that does not decompose in nature. Faux leather is also an abrasive material compared to genuine leather.<\/p><p>Leather is a natural material to breathe and is comfortable to use. The skins and hides we use are by-products from the meat and dairy industry, so it is ecological to utilize those parts of the animal as well.<\/p><p><strong>Leather is a versatile and durable material<br \/><\/strong>Leather is a versatile material with almost endless uses. Leather is used to make leather clothing, footwear, bags, belts and wallets, as well as upholstery for furniture and car seats. Numerous new innovations are also being developed in leather. Friitala is the first in the world to develop waterproof leather.<\/p><p>Leather can also be modified or dyed according to trends. Black and red leather are classics, but from time to time different shades of brown or other colors come to the surface. Leather is a timeless and always fashionable material where age and use can be seen.<\/p><p>Leather is a durable and practical material. It does not frighten rain and protects from wind and cold, but still breathes. It absorbs moisture and slowly releases it. Because leather is a flexible material, the leather shoe adapts to the shape of the foot. The leather shoe or garment improves, shapes and softens with use. When you properly care for and store your leather products, they last for years.<br \/><br \/><strong>Designed sustainably and manufactured responsibly<br \/><\/strong>Friitala's leather materials are sourced from companies that are committed to responsible and ethical practices. We mainly use European leather suppliers who source raw hides from European suppliers. We use as subcontractors companies that are committed to the principles of responsible sourcing. The leather we use is always a by-product of the meat industry.<\/p><p>We combine high-quality material with great design, comfort and the latest technology. Friitala, which has been operating since 1892, values \u200b\u200bresponsibility, innovation and safety. Friitala is committed to responsible practices in accordance with our ethical guidelines.<\/p><p>We pride ourselves on our quality, which is based on our values, the high-quality materials we use, our careful planning and our professional staff.<\/p>\t\t\t\t\t\t<\/div>\n\t\t\t\t<\/div>\n\t\t\t\t<div class=\"elementor-element elementor-element-e184572 elementor-widget elementor-widget-spacer\" data-id=\"e184572\" data-element_type=\"widget\" data-widget_type=\"spacer.default\">\n\t\t\t\t<div class=\"elementor-widget-container\">\n\t\t\t\t\t<div class=\"elementor-spacer\">\n\t\t\t<div class=\"elementor-spacer-inner\"><\/div>\n\t\t<\/div>\n\t\t\t\t<\/div>\n\t\t\t\t<\/div>\n\t\t\t\t\t<\/div>\n\t\t<\/div>\n\t\t\t\t\t\t\t<\/div>\n\t\t<\/section>\n\t\t\t\t\t\t\t<\/div>","protected":false},"excerpt":{"rendered":"<p>Nahka Nahka on ekologinen materiaali Nahka on kest\u00e4v\u00e4 ja ekologinen luonnonmateriaali, joka taipuu moneen eri k\u00e4ytt\u00f6tarkoitukseen. Nahan k\u00e4yt\u00f6n historia ulottuu kivikaudelle saakka. Kun el\u00e4in mets\u00e4stettiin ruoaksi, jossain vaiheessa ymm\u00e4rrettiin my\u00f6s el\u00e4imen nahan arvo vaatekappaleena tai telttakankaana \u2013 nahka sek\u00e4 l\u00e4mmitti ett\u00e4 suojasi. Vuosituhansien kuluessa ihminen on oppinut k\u00e4ytt\u00e4m\u00e4\u00e4n ja k\u00e4sittelem\u00e4\u00e4n nahkaa. Kun nahkaa alettiin k\u00e4sitell\u00e4 &hellip;<\/p>\n<p class=\"read-more\"> <a class=\"\" href=\"https:\/\/friitala.fi\/en_gb\/nahka\/\"> <span class=\"screen-reader-text\">Leather<\/span> Read More &raquo;<\/a><\/p>","protected":false},"author":1,"featured_media":0,"parent":0,"menu_order":0,"comment_status":"closed","ping_status":"closed","template":"","meta":{"_monsterinsights_skip_tracking":false,"_monsterinsights_sitenote_active":false,"_monsterinsights_sitenote_note":"","_monsterinsights_sitenote_category":0,"site-sidebar-layout":"no-sidebar","site-content-layout":"page-builder","ast-main-header-display":"","ast-hfb-above-header-display":"","ast-hfb-below-header-display":"","ast-hfb-mobile-header-display":"","site-post-title":"disabled","ast-breadcrumbs-content":"","ast-featured-img":"disabled","footer-sml-layout":"","theme-transparent-header-meta":"","adv-header-id-meta":"","stick-header-meta":"","header-above-stick-meta":"","header-main-stick-meta":"","header-below-stick-meta":""},"yoast_head":"<!-- This site is optimized with the Yoast SEO plugin v18.6 - https:\/\/yoast.com\/wordpress\/plugins\/seo\/ -->\n<title>Nahka - Friitala<\/title>\n<meta name=\"robots\" content=\"noindex, nofollow\" \/>\n<meta property=\"og:locale\" content=\"en_GB\" \/>\n<meta property=\"og:type\" content=\"article\" \/>\n<meta property=\"og:title\" content=\"Nahka - Friitala\" \/>\n<meta property=\"og:description\" content=\"Nahka Nahka on ekologinen materiaali Nahka on kest\u00e4v\u00e4 ja ekologinen luonnonmateriaali, joka taipuu moneen eri k\u00e4ytt\u00f6tarkoitukseen. Nahan k\u00e4yt\u00f6n historia ulottuu kivikaudelle saakka. Kun el\u00e4in mets\u00e4stettiin ruoaksi, jossain vaiheessa ymm\u00e4rrettiin my\u00f6s el\u00e4imen nahan arvo vaatekappaleena tai telttakankaana \u2013 nahka sek\u00e4 l\u00e4mmitti ett\u00e4 suojasi. Vuosituhansien kuluessa ihminen on oppinut k\u00e4ytt\u00e4m\u00e4\u00e4n ja k\u00e4sittelem\u00e4\u00e4n nahkaa. Kun nahkaa alettiin k\u00e4sitell\u00e4 &hellip; Nahka Read More &raquo;\" \/>\n<meta property=\"og:url\" content=\"https:\/\/friitala.fi\/en_gb\/nahka\/\" \/>\n<meta property=\"og:site_name\" content=\"Friitala\" \/>\n<meta property=\"article:modified_time\" content=\"2022-01-25T16:20:53+00:00\" \/>\n<meta name=\"twitter:card\" content=\"summary_large_image\" \/>\n<meta name=\"twitter:label1\" content=\"Estimated reading time\" \/>\n\t<meta name=\"twitter:data1\" content=\"3 minutes\" \/>\n<script type=\"application\/ld+json\" class=\"yoast-schema-graph\">{\"@context\":\"https:\/\/schema.org\",\"@graph\":[{\"@type\":\"WebSite\",\"@id\":\"https:\/\/friitala.fi\/en_gb\/#website\",\"url\":\"https:\/\/friitala.fi\/en_gb\/\",\"name\":\"Friitala\",\"description\":\"Friitala\",\"potentialAction\":[{\"@type\":\"SearchAction\",\"target\":{\"@type\":\"EntryPoint\",\"urlTemplate\":\"https:\/\/friitala.fi\/en_gb\/?s={search_term_string}\"},\"query-input\":\"required name=search_term_string\"}],\"inLanguage\":\"en-GB\"},{\"@type\":\"WebPage\",\"@id\":\"https:\/\/friitala.fi\/nahka\/#webpage\",\"url\":\"https:\/\/friitala.fi\/nahka\/\",\"name\":\"Nahka - Friitala\",\"isPartOf\":{\"@id\":\"https:\/\/friitala.fi\/en_gb\/#website\"},\"datePublished\":\"2022-01-24T16:27:24+00:00\",\"dateModified\":\"2022-01-25T16:20:53+00:00\",\"breadcrumb\":{\"@id\":\"https:\/\/friitala.fi\/nahka\/#breadcrumb\"},\"inLanguage\":\"en-GB\",\"potentialAction\":[{\"@type\":\"ReadAction\",\"target\":[\"https:\/\/friitala.fi\/nahka\/\"]}]},{\"@type\":\"BreadcrumbList\",\"@id\":\"https:\/\/friitala.fi\/nahka\/#breadcrumb\",\"itemListElement\":[{\"@type\":\"ListItem\",\"position\":1,\"name\":\"Etusivu\",\"item\":\"https:\/\/friitala.fi\/\"},{\"@type\":\"ListItem\",\"position\":2,\"name\":\"Nahka\"}]}]}<\/script>\n<!-- \/ Yoast SEO plugin. -->","yoast_head_json":{"title":"Nahka - Friitala","robots":{"index":"noindex","follow":"nofollow"},"og_locale":"en_GB","og_type":"article","og_title":"Nahka - Friitala","og_description":"Nahka Nahka on ekologinen materiaali Nahka on kest\u00e4v\u00e4 ja ekologinen luonnonmateriaali, joka taipuu moneen eri k\u00e4ytt\u00f6tarkoitukseen. Nahan k\u00e4yt\u00f6n historia ulottuu kivikaudelle saakka. Kun el\u00e4in mets\u00e4stettiin ruoaksi, jossain vaiheessa ymm\u00e4rrettiin my\u00f6s el\u00e4imen nahan arvo vaatekappaleena tai telttakankaana \u2013 nahka sek\u00e4 l\u00e4mmitti ett\u00e4 suojasi. Vuosituhansien kuluessa ihminen on oppinut k\u00e4ytt\u00e4m\u00e4\u00e4n ja k\u00e4sittelem\u00e4\u00e4n nahkaa. Kun nahkaa alettiin k\u00e4sitell\u00e4 &hellip; Nahka Read More &raquo;","og_url":"https:\/\/friitala.fi\/en_gb\/nahka\/","og_site_name":"Friitala","article_modified_time":"2022-01-25T16:20:53+00:00","twitter_card":"summary_large_image","twitter_misc":{"Estimated reading time":"3 minutes"},"schema":{"@context":"https:\/\/schema.org","@graph":[{"@type":"WebSite","@id":"https:\/\/friitala.fi\/en_gb\/#website","url":"https:\/\/friitala.fi\/en_gb\/","name":"Friitala","description":"Friitala","potentialAction":[{"@type":"SearchAction","target":{"@type":"EntryPoint","urlTemplate":"https:\/\/friitala.fi\/en_gb\/?s={search_term_string}"},"query-input":"required name=search_term_string"}],"inLanguage":"en-GB"},{"@type":"WebPage","@id":"https:\/\/friitala.fi\/nahka\/#webpage","url":"https:\/\/friitala.fi\/nahka\/","name":"Nahka - Friitala","isPartOf":{"@id":"https:\/\/friitala.fi\/en_gb\/#website"},"datePublished":"2022-01-24T16:27:24+00:00","dateModified":"2022-01-25T16:20:53+00:00","breadcrumb":{"@id":"https:\/\/friitala.fi\/nahka\/#breadcrumb"},"inLanguage":"en-GB","potentialAction":[{"@type":"ReadAction","target":["https:\/\/friitala.fi\/nahka\/"]}]},{"@type":"BreadcrumbList","@id":"https:\/\/friitala.fi\/nahka\/#breadcrumb","itemListElement":[{"@type":"ListItem","position":1,"name":"Etusivu","item":"https:\/\/friitala.fi\/"},{"@type":"ListItem","position":2,"name":"Nahka"}]}]}},"_links":{"self":[{"href":"https:\/\/friitala.fi\/en_gb\/wp-json\/wp\/v2\/pages\/1028"}],"collection":[{"href":"https:\/\/friitala.fi\/en_gb\/wp-json\/wp\/v2\/pages"}],"about":[{"href":"https:\/\/friitala.fi\/en_gb\/wp-json\/wp\/v2\/types\/page"}],"author":[{"embeddable":true,"href":"https:\/\/friitala.fi\/en_gb\/wp-json\/wp\/v2\/users\/1"}],"replies":[{"embeddable":true,"href":"https:\/\/friitala.fi\/en_gb\/wp-json\/wp\/v2\/comments?post=1028"}],"version-history":[{"count":8,"href":"https:\/\/friitala.fi\/en_gb\/wp-json\/wp\/v2\/pages\/1028\/revisions"}],"predecessor-version":[{"id":1131,"href":"https:\/\/friitala.fi\/en_gb\/wp-json\/wp\/v2\/pages\/1028\/revisions\/1131"}],"wp:attachment":[{"href":"https:\/\/friitala.fi\/en_gb\/wp-json\/wp\/v2\/media?parent=1028"}],"curies":[{"name":"wp","href":"https:\/\/api.w.org\/{rel}","templated":true}]}}